{"id":1212,"date":"2023-02-12T20:25:49","date_gmt":"2023-02-12T20:25:49","guid":{"rendered":"https:\/\/volmerk.com\/?page_id=1212"},"modified":"2023-03-21T23:06:06","modified_gmt":"2023-03-21T23:06:06","slug":"hakkimizda","status":"publish","type":"page","link":"https:\/\/volmerk.com\/de\/hakkimizda\/","title":{"rendered":"Hakk\u0131m\u0131zda"},"content":{"rendered":"<p>[vc_row][vc_column][vc_column_text]<span style=\"color: #000000;\">\u015eirketimiz 2001 y\u0131l\u0131nda \u0130zmir Bornova 2. Sanayi Sitesi&#8217;nde &#8222;MERKEZ FREN SERV\u0130S\u0130&#8220; ad\u0131yla kurulmu\u015ftur.<\/span><\/p>\n<p><span style=\"color: #000000;\">\u0130lk y\u0131llarda sadece fren, debriyaj, volant revizyonu ile ilgilenirken 2010 y\u0131l\u0131 sonras\u0131nda, stratejik bir karar alarak \u00e7ift k\u00fctleye g\u00f6re daha ekonomik, daha konforlu, daha uzun kilometre yapan tek k\u00fctle volant imalat\u0131na ba\u015flam\u0131\u015ft\u0131r.<\/span><\/p>\n<p><span style=\"color: #000000;\">2014 y\u0131l\u0131nda \u015firket \u00fcnvan\u0131m\u0131z\u0131, markam\u0131z ile ayn\u0131 olmas\u0131 ad\u0131na, &#8222;VOLMERK Volan \u0130malat\u0131 Mak. ve Otom. San.\u00a0Tic. \u0130th. \u0130hr. Ltd. \u015eti.&#8220; olarak de\u011fi\u015ftirdik.\u00a0<\/span><\/p>\n<p><span style=\"color: #000000;\">G\u00fcn\u00fcm\u00fczde VOLMERK, \u00fcr\u00fcn gam\u0131n\u0131 ve kalitesini art\u0131rarak &#8222;VOLMERK&#8220; markas\u0131 ad\u0131 alt\u0131nda birbirinden de\u011ferli ve test edilmi\u015f \u00fcr\u00fcnlerle yurt i\u00e7i ve yurt d\u0131\u015f\u0131 piyasalarda sesini duyurmaya devam etmektedir.<\/span>[\/vc_column_text][\/vc_column][\/vc_row][vc_row][vc_column][vc_column_text]<span style=\"color: #000000;\"><strong>M\u0130SYONUMUZ<\/strong><\/span><\/p>\n<p><span style=\"color: #000000;\">Otomotiv sekt\u00f6r\u00fcnde m\u00fc\u015fterilerin beklentileri ve ihtiya\u00e7lar\u0131 do\u011frultusunda en kaliteli ve verimli \u00fcr\u00fcnleri \u00fcreterek yurt i\u00e7i ve yurt d\u0131\u015f\u0131 pazarlara sunmak.<\/span><\/p>\n<p><span style=\"color: #000000;\">Binek ve hafif ticari ara\u00e7lar grubunda \u00f6nc\u00fc rol\u00fcm\u00fcz\u00fc muhafaza ederek ciro ve pazar pay\u0131m\u0131z\u0131 art\u0131rmak, s\u00fcrekli yeni \u00fcr\u00fcnler geli\u015ftirmek, m\u00fc\u015fteri memnuniyeti ve sadakatini sa\u011flamak.<\/span><\/p>\n<p><span style=\"color: #000000;\"><strong>V\u0130ZYONUMUZ<\/strong><\/span><\/p>\n<p><span style=\"color: #000000;\">\u00dcst\u00fcn ve g\u00fcvenilir \u00fcr\u00fcn ve hizmetler sunarak m\u00fc\u015fterilerin \u00fcst d\u00fczeyde tatmin olmas\u0131n\u0131 sa\u011flamak.<\/span><\/p>\n<p><span style=\"color: #000000;\">\u0130yi kaliteyi uygun fiyatla m\u00fc\u015fteri lehine geli\u015ftirmek.<\/span><\/p>\n<p><span style=\"color: #000000;\">S\u00fcrekli olarak yurt i\u00e7inde ve hedef d\u0131\u015f pazarlarda kabul g\u00f6recek ve rekabet edebilecek \u00fcr\u00fcnler geli\u015ftirmek.\u00a0<\/span><\/p>\n<p><span style=\"color: #000000;\">Sekt\u00f6rde Pazar pay\u0131 olarak birinci s\u0131raya yerle\u015fmek.<\/span>[\/vc_column_text][\/vc_column][\/vc_row][vc_row][vc_column][vc_empty_space][vc_separator color=&#8220;blue&#8220;][vc_empty_space height=&#8220;20&#8243;][vc_column_text]<span style=\"color: #000000;\"><strong>MAK\u0130NE PARKIMIZ<\/strong><\/span><\/p>\n<p><span style=\"color: #000000;\">DAHLIH \u2013\u00a0DL-MCV1020BA \u2013 CNC D\u0130K \u0130\u015eLEM<\/span><\/p>\n<p><span style=\"color: #000000;\">MITSUBISHI M70 \u2013\u00a0VLC 800 \u2013\u00a0CNC D\u0130K \u0130\u015eLEM<\/span><\/p>\n<p><span style=\"color: #000000;\">AEROTURN \u2013\u00a0BT-380 \u2013 CNC TORNA<\/span><\/p>\n<p><span style=\"color: #000000;\">FAVORI \u2013\u00a0CNC 450L \u2013 CNC TORNA<\/span><\/p>\n<p><span style=\"color: #000000;\">HYUNDAI \u2013\u00a0L300A \u2013 CNC TORNA<\/span><\/p>\n<p><span style=\"color: #000000;\">MESS-MATIC \u2013 SDM50 \u2013 D\u0130KEY BALANS MAK\u0130NASI<\/span>[\/vc_column_text][\/vc_column][\/vc_row]<\/p>\n","protected":false},"excerpt":{"rendered":"<p>[vc_row][vc_column][vc_column_text]\u015eirketimiz 2001 y\u0131l\u0131nda \u0130zmir Bornova 2. Sanayi Sitesi&#8217;nde &#8222;MERKEZ FREN SERV\u0130S\u0130&#8220; ad\u0131yla kurulmu\u015ftur. \u0130lk y\u0131llarda sadece fren, debriyaj, volant revizyonu ile ilgilenirken 2010 y\u0131l\u0131 sonras\u0131nda, stratejik bir karar alarak \u00e7ift k\u00fctleye g\u00f6re daha ekonomik, daha konforlu, daha uzun kilometre yapan tek k\u00fctle volant imalat\u0131na ba\u015flam\u0131\u015ft\u0131r. 2014 y\u0131l\u0131nda \u015firket \u00fcnvan\u0131m\u0131z\u0131, markam\u0131z ile ayn\u0131 olmas\u0131 ad\u0131na, &#8222;VOLMERK [&hellip;]<\/p>\n","protected":false},"author":2,"featured_media":0,"parent":0,"menu_order":0,"comment_status":"closed","ping_status":"closed","template":"","meta":[],"yoast_head":"<!-- This site is optimized with the Yoast SEO plugin v20.2.1 - https:\/\/yoast.com\/wordpress\/plugins\/seo\/ -->\n<title>Hakk\u0131m\u0131zda - Volmerk Volan \u00dcretim ve Sat\u0131\u015f<\/title>\n<meta name=\"robots\" content=\"index, follow, max-snippet:-1, max-image-preview:large, max-video-preview:-1\" \/>\n<link rel=\"canonical\" href=\"https:\/\/volmerk.com\/hakkimizda\/\" \/>\n<meta property=\"og:locale\" content=\"de_DE\" \/>\n<meta property=\"og:type\" content=\"article\" \/>\n<meta property=\"og:title\" content=\"Hakk\u0131m\u0131zda - Volmerk Volan \u00dcretim ve Sat\u0131\u015f\" \/>\n<meta property=\"og:description\" content=\"[vc_row][vc_column][vc_column_text]\u015eirketimiz 2001 y\u0131l\u0131nda \u0130zmir Bornova 2. Sanayi Sitesi&#8217;nde &#8222;MERKEZ FREN SERV\u0130S\u0130&#8220; ad\u0131yla kurulmu\u015ftur. \u0130lk y\u0131llarda sadece fren, debriyaj, volant revizyonu ile ilgilenirken 2010 y\u0131l\u0131 sonras\u0131nda, stratejik bir karar alarak \u00e7ift k\u00fctleye g\u00f6re daha ekonomik, daha konforlu, daha uzun kilometre yapan tek k\u00fctle volant imalat\u0131na ba\u015flam\u0131\u015ft\u0131r. 2014 y\u0131l\u0131nda \u015firket \u00fcnvan\u0131m\u0131z\u0131, markam\u0131z ile ayn\u0131 olmas\u0131 ad\u0131na, &#8222;VOLMERK [&hellip;]\" \/>\n<meta property=\"og:url\" content=\"https:\/\/volmerk.com\/hakkimizda\/\" \/>\n<meta property=\"og:site_name\" content=\"Volmerk Volan \u00dcretim ve Sat\u0131\u015f\" \/>\n<meta property=\"article:modified_time\" content=\"2023-03-21T23:06:06+00:00\" \/>\n<meta name=\"twitter:card\" content=\"summary_large_image\" \/>\n<meta name=\"twitter:label1\" content=\"Gesch\u00e4tzte Lesezeit\" \/>\n\t<meta name=\"twitter:data1\" content=\"2\u00a0Minuten\" \/>\n<script type=\"application\/ld+json\" class=\"yoast-schema-graph\">{\"@context\":\"https:\/\/schema.org\",\"@graph\":[{\"@type\":\"WebPage\",\"@id\":\"https:\/\/volmerk.com\/hakkimizda\/\",\"url\":\"https:\/\/volmerk.com\/hakkimizda\/\",\"name\":\"Hakk\u0131m\u0131zda - Volmerk Volan \u00dcretim ve Sat\u0131\u015f\",\"isPartOf\":{\"@id\":\"https:\/\/volmerk.com\/#website\"},\"datePublished\":\"2023-02-12T20:25:49+00:00\",\"dateModified\":\"2023-03-21T23:06:06+00:00\",\"breadcrumb\":{\"@id\":\"https:\/\/volmerk.com\/hakkimizda\/#breadcrumb\"},\"inLanguage\":\"de-DE\",\"potentialAction\":[{\"@type\":\"ReadAction\",\"target\":[\"https:\/\/volmerk.com\/hakkimizda\/\"]}]},{\"@type\":\"BreadcrumbList\",\"@id\":\"https:\/\/volmerk.com\/hakkimizda\/#breadcrumb\",\"itemListElement\":[{\"@type\":\"ListItem\",\"position\":1,\"name\":\"Anasayfa\",\"item\":\"https:\/\/volmerk.com\/\"},{\"@type\":\"ListItem\",\"position\":2,\"name\":\"Hakk\u0131m\u0131zda\"}]},{\"@type\":\"WebSite\",\"@id\":\"https:\/\/volmerk.com\/#website\",\"url\":\"https:\/\/volmerk.com\/\",\"name\":\"Volmerk Volan \u00dcretim ve Sat\u0131\u015f\",\"description\":\"Flywheel Manufacturer T\u00fcrkiye\",\"publisher\":{\"@id\":\"https:\/\/volmerk.com\/#organization\"},\"potentialAction\":[{\"@type\":\"SearchAction\",\"target\":{\"@type\":\"EntryPoint\",\"urlTemplate\":\"https:\/\/volmerk.com\/?s={search_term_string}\"},\"query-input\":\"required name=search_term_string\"}],\"inLanguage\":\"de-DE\"},{\"@type\":\"Organization\",\"@id\":\"https:\/\/volmerk.com\/#organization\",\"name\":\"Volmerk Volan \u00dcretim ve Sat\u0131\u015f\",\"url\":\"https:\/\/volmerk.com\/\",\"logo\":{\"@type\":\"ImageObject\",\"inLanguage\":\"de-DE\",\"@id\":\"https:\/\/volmerk.com\/#\/schema\/logo\/image\/\",\"url\":\"https:\/\/volmerk.com\/wp-content\/uploads\/2023\/02\/volmerk-kurumsal-logo.png\",\"contentUrl\":\"https:\/\/volmerk.com\/wp-content\/uploads\/2023\/02\/volmerk-kurumsal-logo.png\",\"width\":220,\"height\":57,\"caption\":\"Volmerk Volan \u00dcretim ve Sat\u0131\u015f\"},\"image\":{\"@id\":\"https:\/\/volmerk.com\/#\/schema\/logo\/image\/\"}}]}<\/script>\n<!-- \/ Yoast SEO plugin. -->","yoast_head_json":{"title":"Hakk\u0131m\u0131zda - Volmerk Volan \u00dcretim ve Sat\u0131\u015f","robots":{"index":"index","follow":"follow","max-snippet":"max-snippet:-1","max-image-preview":"max-image-preview:large","max-video-preview":"max-video-preview:-1"},"canonical":"https:\/\/volmerk.com\/hakkimizda\/","og_locale":"de_DE","og_type":"article","og_title":"Hakk\u0131m\u0131zda - Volmerk Volan \u00dcretim ve Sat\u0131\u015f","og_description":"[vc_row][vc_column][vc_column_text]\u015eirketimiz 2001 y\u0131l\u0131nda \u0130zmir Bornova 2. Sanayi Sitesi&#8217;nde &#8222;MERKEZ FREN SERV\u0130S\u0130&#8220; ad\u0131yla kurulmu\u015ftur. \u0130lk y\u0131llarda sadece fren, debriyaj, volant revizyonu ile ilgilenirken 2010 y\u0131l\u0131 sonras\u0131nda, stratejik bir karar alarak \u00e7ift k\u00fctleye g\u00f6re daha ekonomik, daha konforlu, daha uzun kilometre yapan tek k\u00fctle volant imalat\u0131na ba\u015flam\u0131\u015ft\u0131r. 2014 y\u0131l\u0131nda \u015firket \u00fcnvan\u0131m\u0131z\u0131, markam\u0131z ile ayn\u0131 olmas\u0131 ad\u0131na, &#8222;VOLMERK [&hellip;]","og_url":"https:\/\/volmerk.com\/hakkimizda\/","og_site_name":"Volmerk Volan \u00dcretim ve Sat\u0131\u015f","article_modified_time":"2023-03-21T23:06:06+00:00","twitter_card":"summary_large_image","twitter_misc":{"Gesch\u00e4tzte Lesezeit":"2\u00a0Minuten"},"schema":{"@context":"https:\/\/schema.org","@graph":[{"@type":"WebPage","@id":"https:\/\/volmerk.com\/hakkimizda\/","url":"https:\/\/volmerk.com\/hakkimizda\/","name":"Hakk\u0131m\u0131zda - Volmerk Volan \u00dcretim ve Sat\u0131\u015f","isPartOf":{"@id":"https:\/\/volmerk.com\/#website"},"datePublished":"2023-02-12T20:25:49+00:00","dateModified":"2023-03-21T23:06:06+00:00","breadcrumb":{"@id":"https:\/\/volmerk.com\/hakkimizda\/#breadcrumb"},"inLanguage":"de-DE","potentialAction":[{"@type":"ReadAction","target":["https:\/\/volmerk.com\/hakkimizda\/"]}]},{"@type":"BreadcrumbList","@id":"https:\/\/volmerk.com\/hakkimizda\/#breadcrumb","itemListElement":[{"@type":"ListItem","position":1,"name":"Anasayfa","item":"https:\/\/volmerk.com\/"},{"@type":"ListItem","position":2,"name":"Hakk\u0131m\u0131zda"}]},{"@type":"WebSite","@id":"https:\/\/volmerk.com\/#website","url":"https:\/\/volmerk.com\/","name":"Volmerk Volan \u00dcretim ve Sat\u0131\u015f","description":"Flywheel Manufacturer T\u00fcrkiye","publisher":{"@id":"https:\/\/volmerk.com\/#organization"},"potentialAction":[{"@type":"SearchAction","target":{"@type":"EntryPoint","urlTemplate":"https:\/\/volmerk.com\/?s={search_term_string}"},"query-input":"required name=search_term_string"}],"inLanguage":"de-DE"},{"@type":"Organization","@id":"https:\/\/volmerk.com\/#organization","name":"Volmerk Volan \u00dcretim ve Sat\u0131\u015f","url":"https:\/\/volmerk.com\/","logo":{"@type":"ImageObject","inLanguage":"de-DE","@id":"https:\/\/volmerk.com\/#\/schema\/logo\/image\/","url":"https:\/\/volmerk.com\/wp-content\/uploads\/2023\/02\/volmerk-kurumsal-logo.png","contentUrl":"https:\/\/volmerk.com\/wp-content\/uploads\/2023\/02\/volmerk-kurumsal-logo.png","width":220,"height":57,"caption":"Volmerk Volan \u00dcretim ve Sat\u0131\u015f"},"image":{"@id":"https:\/\/volmerk.com\/#\/schema\/logo\/image\/"}}]}},"_links":{"self":[{"href":"https:\/\/volmerk.com\/de\/wp-json\/wp\/v2\/pages\/1212"}],"collection":[{"href":"https:\/\/volmerk.com\/de\/wp-json\/wp\/v2\/pages"}],"about":[{"href":"https:\/\/volmerk.com\/de\/wp-json\/wp\/v2\/types\/page"}],"author":[{"embeddable":true,"href":"https:\/\/volmerk.com\/de\/wp-json\/wp\/v2\/users\/2"}],"replies":[{"embeddable":true,"href":"https:\/\/volmerk.com\/de\/wp-json\/wp\/v2\/comments?post=1212"}],"version-history":[{"count":4,"href":"https:\/\/volmerk.com\/de\/wp-json\/wp\/v2\/pages\/1212\/revisions"}],"predecessor-version":[{"id":1214,"href":"https:\/\/volmerk.com\/de\/wp-json\/wp\/v2\/pages\/1212\/revisions\/1214"}],"wp:attachment":[{"href":"https:\/\/volmerk.com\/de\/wp-json\/wp\/v2\/media?parent=1212"}],"curies":[{"name":"wp","href":"https:\/\/api.w.org\/{rel}","templated":true}]}}