{"id":1445,"date":"2024-02-06T06:32:29","date_gmt":"2024-02-06T06:32:29","guid":{"rendered":"https:\/\/volmerk.com\/?page_id=1445"},"modified":"2024-02-09T14:24:32","modified_gmt":"2024-02-09T14:24:32","slug":"fiat-tek-kutleli-volan","status":"publish","type":"page","link":"https:\/\/volmerk.com\/de\/volan\/fiat-tek-kutleli-volan\/","title":{"rendered":"Fiat &#8211; Tek K\u00fctleli Volan"},"content":{"rendered":"<p>[vc_row][vc_column width=&#8220;1\/4&#8243;][vc_gallery type=&#8220;flexslider_slide&#8220; interval=&#8220;3&#8243; images=&#8220;1628,1629&#8243; img_size=&#8220;full&#8220;][vc_column_text]<span style=\"color: #000000;\"><strong>Ara\u00e7: FIAT<\/strong><\/span><br \/>\n<span style=\"color: #000000;\"><strong>Model:<\/strong> MULTIJET 1.3 PALIO DOBLO FIORINO<\/span><br \/>\n<span style=\"color: #000000;\"><strong>Volmerk Kodu:<\/strong> VM FI 801<\/span><br \/>\n<span style=\"color: #000000;\"><strong>Uyumlu Debriyaj No:<\/strong> VALEO 828142 \/ SACHS 3000 951 293<\/span><br \/>\n<span style=\"color: #000000;\"><strong>Cross No:<\/strong> 55202178<\/span><br \/>\n<span style=\"color: #000000;\"><strong>\u00dcretici:<\/strong> VOLMERK<\/span>[\/vc_column_text][\/vc_column][vc_column width=&#8220;1\/4&#8243;][vc_gallery type=&#8220;flexslider_slide&#8220; interval=&#8220;3&#8243; images=&#8220;1630,1631&#8243; img_size=&#8220;full&#8220;][vc_column_text]<span style=\"color: #000000;\"><strong>Ara\u00e7: FIAT<\/strong><\/span><br \/>\n<span style=\"color: #000000;\"><strong>Model:<\/strong> MAREA MULTIPLA STILO DOBLO 1.9 JTD<\/span><br \/>\n<span style=\"color: #000000;\"><strong>Volmerk Kodu:<\/strong> VM FI 802<\/span><br \/>\n<span style=\"color: #000000;\"><strong>Uyumlu Debriyaj No:<\/strong> VALEO 828142 \/ SACHS 3000 951 293<\/span><br \/>\n<span style=\"color: #000000;\"><strong>Cross No:<\/strong> 55203007 VALOE 836017<\/span><br \/>\n<span style=\"color: #000000;\"><strong>\u00dcretici:<\/strong> VOLMERK<\/span>[\/vc_column_text][\/vc_column][vc_column width=&#8220;1\/4&#8243;][vc_gallery type=&#8220;flexslider_slide&#8220; interval=&#8220;3&#8243; images=&#8220;1532,1531&#8243; img_size=&#8220;full&#8220;][vc_column_text]<span style=\"color: #000000;\"><strong>Ara\u00e7: FIAT<\/strong><\/span><br \/>\n<span style=\"color: #000000;\"><strong>Model:<\/strong> LANCIA PHDRA SCUDO 2000 HDI 6 \u0130LER\u0130<\/span><br \/>\n<span style=\"color: #000000;\"><strong>Volmerk Kodu:<\/strong> VM FI 803<\/span><br \/>\n<span style=\"color: #000000;\"><strong>Uyumlu Debriyaj No:<\/strong> 1611272080 LUK 624 3303 00 SACHS 3000 951 874<\/span><br \/>\n<span style=\"color: #000000;\"><strong>Cross No:<\/strong> 9676364880 \/ LUK 415 0320 10<\/span><br \/>\n<span style=\"color: #000000;\"><strong>\u00dcretici:<\/strong> VOLMERK<\/span>[\/vc_column_text][\/vc_column][vc_column width=&#8220;1\/4&#8243;][vc_gallery type=&#8220;flexslider_slide&#8220; interval=&#8220;3&#8243; images=&#8220;1632,1633&#8243; img_size=&#8220;full&#8220;][vc_column_text]<span style=\"color: #000000;\"><strong>Ara\u00e7: FIAT<\/strong><\/span><br \/>\n<span style=\"color: #000000;\"><strong>Model:<\/strong> DUCATO 2.3 JTD MULTIJET >2006<\/span><br \/>\n<span style=\"color: #000000;\"><strong>Volmerk Kodu:<\/strong> VM FI 804<\/span><br \/>\n<span style=\"color: #000000;\"><strong>Uyumlu Debriyaj No:<\/strong> LUK 625 3065 09\/VALEO 826719 <\/span><br \/>\n<span style=\"color: #000000;\"><strong>Cross No:<\/strong> 504092158 &#8211; 504388069<\/span><br \/>\n<span style=\"color: #000000;\"><strong>\u00dcretici:<\/strong> VOLMERK<\/span>[\/vc_column_text][\/vc_column][vc_column][vc_empty_space][\/vc_column][\/vc_row][vc_row][vc_column width=&#8220;1\/4&#8243;][vc_gallery type=&#8220;flexslider_slide&#8220; interval=&#8220;3&#8243; images=&#8220;1636,1637&#8243; img_size=&#8220;full&#8220;][vc_column_text]<span style=\"color: #000000;\"><strong>Ara\u00e7: FIAT<\/strong><\/span><br \/>\n<span style=\"color: #000000;\"><strong>Model:<\/strong> DUCATO PUMA 3.0 JTD MULTIJET<\/span><br \/>\n<span style=\"color: #000000;\"><strong>Volmerk Kodu:<\/strong> VM FI 807<\/span><br \/>\n<span style=\"color: #000000;\"><strong>Uyumlu Debriyaj No:<\/strong> VALEO 826933<\/span><br \/>\n<span style=\"color: #000000;\"><strong>Cross No:<\/strong> 504088657 \/ LUK 415 0375 10<\/span><br \/>\n<span style=\"color: #000000;\"><strong>\u00dcretici:<\/strong> VOLMERK<\/span>[\/vc_column_text][\/vc_column][vc_column width=&#8220;1\/4&#8243;][vc_gallery type=&#8220;flexslider_slide&#8220; interval=&#8220;3&#8243; images=&#8220;1638,1639&#8243; img_size=&#8220;full&#8220;][vc_column_text]<span style=\"color: #000000;\"><strong>Ara\u00e7: FIAT<\/strong><\/span><br \/>\n<span style=\"color: #000000;\"><strong>Model:<\/strong> DUCATO 2.2 100 CV<\/span><br \/>\n<span style=\"color: #000000;\"><strong>Volmerk Kodu:<\/strong> VM FI 809<\/span><br \/>\n<span style=\"color: #000000;\"><strong>Uyumlu Debriyaj No:<\/strong> 1611272080\/ LUK 624 3303 00 <\/span><br \/>\n<span style=\"color: #000000;\"><strong>Cross No:<\/strong> 9654507880<\/span><br \/>\n<span style=\"color: #000000;\"><strong>\u00dcretici:<\/strong> VOLMERK<\/span>[\/vc_column_text][\/vc_column][vc_column width=&#8220;1\/4&#8243;][vc_gallery type=&#8220;flexslider_slide&#8220; interval=&#8220;3&#8243; images=&#8220;1532,1531&#8243; img_size=&#8220;full&#8220;][vc_column_text]<span style=\"color: #000000;\"><strong>Ara\u00e7: FIAT<\/strong><\/span><br \/>\n<span style=\"color: #000000;\"><strong>Model:<\/strong> SCUDO FL- 2.0 JTD FOURGON 110 CV , 2.0 JTD COMBI 107CV, 2.0 JTD COMBI 16V 109 CV<\/span><br \/>\n<span style=\"color: #000000;\"><strong>Volmerk Kodu:<\/strong> VM FI 813<\/span><br \/>\n<span style=\"color: #000000;\"><strong>Uyumlu Debriyaj No:<\/strong> VALEO 826567-LUK 624 3214 00<\/span><br \/>\n<span style=\"color: #000000;\"><strong>Cross No:<\/strong> \u00a09639933180 &#8211; 9644595980<\/span><br \/>\n<span style=\"color: #000000;\"><strong>\u00dcretici:<\/strong> VOLMERK<\/span>[\/vc_column_text][\/vc_column][vc_column width=&#8220;1\/4&#8243;][vc_gallery type=&#8220;flexslider_slide&#8220; interval=&#8220;3&#8243; images=&#8220;1640,1641&#8243; img_size=&#8220;full&#8220;][vc_column_text]<span style=\"color: #000000;\"><strong>Ara\u00e7: FIAT<\/strong><\/span><br \/>\n<span style=\"color: #000000;\"><strong>Model:<\/strong> LDUCATO EURO 5 130 MTJ 2.3<\/span><br \/>\n<span style=\"color: #000000;\"><strong>Volmerk Kodu:<\/strong> VM FI 814<\/span><br \/>\n<span style=\"color: #000000;\"><strong>Uyumlu Debriyaj No:<\/strong> VALEO 826411\/5801407375<\/span><br \/>\n<span style=\"color: #000000;\"><strong>Cross No:<\/strong> 5801523365<\/span><br \/>\n<span style=\"color: #000000;\"><strong>\u00dcretici:<\/strong> VOLMERK<\/span>[\/vc_column_text][\/vc_column][vc_column][vc_empty_space][\/vc_column][\/vc_row][vc_row][vc_column width=&#8220;1\/4&#8243;][vc_gallery type=&#8220;flexslider_slide&#8220; interval=&#8220;3&#8243; images=&#8220;1532,1531&#8243; img_size=&#8220;full&#8220;][vc_column_text]<span style=\"color: #000000;\"><strong>Ara\u00e7: FIAT<\/strong><\/span><br \/>\n<span style=\"color: #000000;\"><strong>Model:<\/strong> FIAT PALIO 1.2 OTOMAT\u0130K VOLAN SACI<\/span><br \/>\n<span style=\"color: #000000;\"><strong>Volmerk Kodu:<\/strong> VM FI 816<\/span><br \/>\n<span style=\"color: #000000;\"><strong>Uyumlu Debriyaj No:<\/strong> VOLAN SACI D\u0130\u015eL\u0130 \u0130LE BERABER<\/span><br \/>\n<span style=\"color: #000000;\"><strong>Cross No:<\/strong> 46530331 0046530301 0046530331<\/span><br \/>\n<span style=\"color: #000000;\"><strong>\u00dcretici:<\/strong> VOLMERK<\/span>[\/vc_column_text][\/vc_column][vc_column width=&#8220;1\/4&#8243;][vc_gallery type=&#8220;flexslider_slide&#8220; interval=&#8220;3&#8243; images=&#8220;1532,1531&#8243; img_size=&#8220;full&#8220;][vc_column_text]<span style=\"color: #000000;\"><strong>Ara\u00e7: FIAT<\/strong><\/span><br \/>\n<span style=\"color: #000000;\"><strong>Model:<\/strong> FIAT PALIO ALBEA PUNTO DOBLO 1.4 16V<\/span><br \/>\n<span style=\"color: #000000;\"><strong>Volmerk Kodu:<\/strong> VM FI 817<\/span><br \/>\n<span style=\"color: #000000;\"><strong>Uyumlu Debriyaj No:<\/strong> VALEO 826231<\/span><br \/>\n<span style=\"color: #000000;\"><strong>Cross No:<\/strong> 46746600<\/span><br \/>\n<span style=\"color: #000000;\"><strong>\u00dcretici:<\/strong> VOLMERK<\/span>[\/vc_column_text][\/vc_column][vc_column width=&#8220;1\/4&#8243;][\/vc_column][vc_column width=&#8220;1\/4&#8243;][\/vc_column][vc_column][vc_empty_space][\/vc_column][\/vc_row]<\/p>\n","protected":false},"excerpt":{"rendered":"<p>[vc_row][vc_column width=&#8220;1\/4&#8243;][vc_gallery type=&#8220;flexslider_slide&#8220; interval=&#8220;3&#8243; images=&#8220;1628,1629&#8243; img_size=&#8220;full&#8220;][vc_column_text]Ara\u00e7: FIAT Model: MULTIJET 1.3 PALIO DOBLO FIORINO Volmerk Kodu: VM FI 801 Uyumlu Debriyaj No: VALEO 828142 \/ SACHS 3000 951 293 Cross No: 55202178 \u00dcretici: VOLMERK[\/vc_column_text][\/vc_column][vc_column width=&#8220;1\/4&#8243;][vc_gallery type=&#8220;flexslider_slide&#8220; interval=&#8220;3&#8243; images=&#8220;1630,1631&#8243; img_size=&#8220;full&#8220;][vc_column_text]Ara\u00e7: FIAT Model: MAREA MULTIPLA STILO DOBLO 1.9 JTD Volmerk Kodu: VM FI 802 Uyumlu Debriyaj No: VALEO [&hellip;]<\/p>\n","protected":false},"author":2,"featured_media":0,"parent":1287,"menu_order":0,"comment_status":"closed","ping_status":"closed","template":"","meta":[],"yoast_head":"<!-- This site is optimized with the Yoast SEO plugin v20.2.1 - https:\/\/yoast.com\/wordpress\/plugins\/seo\/ -->\n<title>Fiat - Tek K\u00fctleli Volan[:] - Volmerk Volan \u00dcretim ve Sat\u0131\u015f<\/title>\n<meta name=\"robots\" content=\"index, follow, max-snippet:-1, max-image-preview:large, max-video-preview:-1\" \/>\n<link rel=\"canonical\" href=\"https:\/\/volmerk.com\/volan\/fiat-tek-kutleli-volan\/\" \/>\n<meta property=\"og:locale\" content=\"de_DE\" \/>\n<meta property=\"og:type\" content=\"article\" \/>\n<meta property=\"og:title\" content=\"Fiat - Tek K\u00fctleli Volan\" \/>\n<meta property=\"og:description\" content=\"[vc_row][vc_column width=&#8220;1\/4&#8243;][vc_gallery type=&#8220;flexslider_slide&#8220; interval=&#8220;3&#8243; images=&#8220;1628,1629&#8243; img_size=&#8220;full&#8220;][vc_column_text]Ara\u00e7: FIAT Model: MULTIJET 1.3 PALIO DOBLO FIORINO Volmerk Kodu: VM FI 801 Uyumlu Debriyaj No: VALEO 828142 \/ SACHS 3000 951 293 Cross No: 55202178 \u00dcretici: VOLMERK[\/vc_column_text][\/vc_column][vc_column width=&#8220;1\/4&#8243;][vc_gallery type=&#8220;flexslider_slide&#8220; interval=&#8220;3&#8243; images=&#8220;1630,1631&#8243; img_size=&#8220;full&#8220;][vc_column_text]Ara\u00e7: FIAT Model: MAREA MULTIPLA STILO DOBLO 1.9 JTD Volmerk Kodu: VM FI 802 Uyumlu Debriyaj No: VALEO [&hellip;]\" \/>\n<meta property=\"og:url\" content=\"https:\/\/volmerk.com\/volan\/fiat-tek-kutleli-volan\/\" \/>\n<meta property=\"og:site_name\" content=\"Volmerk Volan \u00dcretim ve Sat\u0131\u015f\" \/>\n<meta property=\"article:modified_time\" content=\"2024-02-09T14:24:32+00:00\" \/>\n<meta name=\"twitter:card\" content=\"summary_large_image\" \/>\n<meta name=\"twitter:label1\" content=\"Gesch\u00e4tzte Lesezeit\" \/>\n\t<meta name=\"twitter:data1\" content=\"3\u00a0Minuten\" \/>\n<script type=\"application\/ld+json\" class=\"yoast-schema-graph\">{\"@context\":\"https:\/\/schema.org\",\"@graph\":[{\"@type\":\"WebPage\",\"@id\":\"https:\/\/volmerk.com\/volan\/fiat-tek-kutleli-volan\/\",\"url\":\"https:\/\/volmerk.com\/volan\/fiat-tek-kutleli-volan\/\",\"name\":\"[:tr]Fiat - Tek K\u00fctleli Volan[:] - Volmerk Volan \u00dcretim ve Sat\u0131\u015f\",\"isPartOf\":{\"@id\":\"https:\/\/volmerk.com\/#website\"},\"datePublished\":\"2024-02-06T06:32:29+00:00\",\"dateModified\":\"2024-02-09T14:24:32+00:00\",\"breadcrumb\":{\"@id\":\"https:\/\/volmerk.com\/volan\/fiat-tek-kutleli-volan\/#breadcrumb\"},\"inLanguage\":\"de-DE\",\"potentialAction\":[{\"@type\":\"ReadAction\",\"target\":[\"https:\/\/volmerk.com\/volan\/fiat-tek-kutleli-volan\/\"]}]},{\"@type\":\"BreadcrumbList\",\"@id\":\"https:\/\/volmerk.com\/volan\/fiat-tek-kutleli-volan\/#breadcrumb\",\"itemListElement\":[{\"@type\":\"ListItem\",\"position\":1,\"name\":\"Anasayfa\",\"item\":\"https:\/\/volmerk.com\/\"},{\"@type\":\"ListItem\",\"position\":2,\"name\":\"VOLAN\",\"item\":\"https:\/\/volmerk.com\/volan\/\"},{\"@type\":\"ListItem\",\"position\":3,\"name\":\"Fiat &#8211; Tek K\u00fctleli Volan\"}]},{\"@type\":\"WebSite\",\"@id\":\"https:\/\/volmerk.com\/#website\",\"url\":\"https:\/\/volmerk.com\/\",\"name\":\"Volmerk Volan \u00dcretim ve Sat\u0131\u015f\",\"description\":\"Flywheel Manufacturer T\u00fcrkiye\",\"publisher\":{\"@id\":\"https:\/\/volmerk.com\/#organization\"},\"potentialAction\":[{\"@type\":\"SearchAction\",\"target\":{\"@type\":\"EntryPoint\",\"urlTemplate\":\"https:\/\/volmerk.com\/?s={search_term_string}\"},\"query-input\":\"required name=search_term_string\"}],\"inLanguage\":\"de-DE\"},{\"@type\":\"Organization\",\"@id\":\"https:\/\/volmerk.com\/#organization\",\"name\":\"Volmerk Volan \u00dcretim ve Sat\u0131\u015f\",\"url\":\"https:\/\/volmerk.com\/\",\"logo\":{\"@type\":\"ImageObject\",\"inLanguage\":\"de-DE\",\"@id\":\"https:\/\/volmerk.com\/#\/schema\/logo\/image\/\",\"url\":\"https:\/\/volmerk.com\/wp-content\/uploads\/2023\/02\/volmerk-kurumsal-logo.png\",\"contentUrl\":\"https:\/\/volmerk.com\/wp-content\/uploads\/2023\/02\/volmerk-kurumsal-logo.png\",\"width\":220,\"height\":57,\"caption\":\"Volmerk Volan \u00dcretim ve Sat\u0131\u015f\"},\"image\":{\"@id\":\"https:\/\/volmerk.com\/#\/schema\/logo\/image\/\"}}]}<\/script>\n<!-- \/ Yoast SEO plugin. -->","yoast_head_json":{"title":"Fiat - Tek K\u00fctleli Volan[:] - Volmerk Volan \u00dcretim ve Sat\u0131\u015f","robots":{"index":"index","follow":"follow","max-snippet":"max-snippet:-1","max-image-preview":"max-image-preview:large","max-video-preview":"max-video-preview:-1"},"canonical":"https:\/\/volmerk.com\/volan\/fiat-tek-kutleli-volan\/","og_locale":"de_DE","og_type":"article","og_title":"[:tr]Fiat - Tek K\u00fctleli Volan[:] - Volmerk Volan \u00dcretim ve Sat\u0131\u015f","og_description":"[vc_row][vc_column width=&#8220;1\/4&#8243;][vc_gallery type=&#8220;flexslider_slide&#8220; interval=&#8220;3&#8243; images=&#8220;1628,1629&#8243; img_size=&#8220;full&#8220;][vc_column_text]Ara\u00e7: FIAT Model: MULTIJET 1.3 PALIO DOBLO FIORINO Volmerk Kodu: VM FI 801 Uyumlu Debriyaj No: VALEO 828142 \/ SACHS 3000 951 293 Cross No: 55202178 \u00dcretici: VOLMERK[\/vc_column_text][\/vc_column][vc_column width=&#8220;1\/4&#8243;][vc_gallery type=&#8220;flexslider_slide&#8220; interval=&#8220;3&#8243; images=&#8220;1630,1631&#8243; img_size=&#8220;full&#8220;][vc_column_text]Ara\u00e7: FIAT Model: MAREA MULTIPLA STILO DOBLO 1.9 JTD Volmerk Kodu: VM FI 802 Uyumlu Debriyaj No: VALEO [&hellip;]","og_url":"https:\/\/volmerk.com\/volan\/fiat-tek-kutleli-volan\/","og_site_name":"Volmerk Volan \u00dcretim ve Sat\u0131\u015f","article_modified_time":"2024-02-09T14:24:32+00:00","twitter_card":"summary_large_image","twitter_misc":{"Gesch\u00e4tzte Lesezeit":"3\u00a0Minuten"},"schema":{"@context":"https:\/\/schema.org","@graph":[{"@type":"WebPage","@id":"https:\/\/volmerk.com\/volan\/fiat-tek-kutleli-volan\/","url":"https:\/\/volmerk.com\/volan\/fiat-tek-kutleli-volan\/","name":"[:tr]Fiat - Tek K\u00fctleli Volan[:] - Volmerk Volan \u00dcretim ve Sat\u0131\u015f","isPartOf":{"@id":"https:\/\/volmerk.com\/#website"},"datePublished":"2024-02-06T06:32:29+00:00","dateModified":"2024-02-09T14:24:32+00:00","breadcrumb":{"@id":"https:\/\/volmerk.com\/volan\/fiat-tek-kutleli-volan\/#breadcrumb"},"inLanguage":"de-DE","potentialAction":[{"@type":"ReadAction","target":["https:\/\/volmerk.com\/volan\/fiat-tek-kutleli-volan\/"]}]},{"@type":"BreadcrumbList","@id":"https:\/\/volmerk.com\/volan\/fiat-tek-kutleli-volan\/#breadcrumb","itemListElement":[{"@type":"ListItem","position":1,"name":"Anasayfa","item":"https:\/\/volmerk.com\/"},{"@type":"ListItem","position":2,"name":"VOLAN","item":"https:\/\/volmerk.com\/volan\/"},{"@type":"ListItem","position":3,"name":"Fiat &#8211; Tek K\u00fctleli Volan"}]},{"@type":"WebSite","@id":"https:\/\/volmerk.com\/#website","url":"https:\/\/volmerk.com\/","name":"Volmerk Volan \u00dcretim ve Sat\u0131\u015f","description":"Flywheel Manufacturer T\u00fcrkiye","publisher":{"@id":"https:\/\/volmerk.com\/#organization"},"potentialAction":[{"@type":"SearchAction","target":{"@type":"EntryPoint","urlTemplate":"https:\/\/volmerk.com\/?s={search_term_string}"},"query-input":"required name=search_term_string"}],"inLanguage":"de-DE"},{"@type":"Organization","@id":"https:\/\/volmerk.com\/#organization","name":"Volmerk Volan \u00dcretim ve Sat\u0131\u015f","url":"https:\/\/volmerk.com\/","logo":{"@type":"ImageObject","inLanguage":"de-DE","@id":"https:\/\/volmerk.com\/#\/schema\/logo\/image\/","url":"https:\/\/volmerk.com\/wp-content\/uploads\/2023\/02\/volmerk-kurumsal-logo.png","contentUrl":"https:\/\/volmerk.com\/wp-content\/uploads\/2023\/02\/volmerk-kurumsal-logo.png","width":220,"height":57,"caption":"Volmerk Volan \u00dcretim ve Sat\u0131\u015f"},"image":{"@id":"https:\/\/volmerk.com\/#\/schema\/logo\/image\/"}}]}},"_links":{"self":[{"href":"https:\/\/volmerk.com\/de\/wp-json\/wp\/v2\/pages\/1445"}],"collection":[{"href":"https:\/\/volmerk.com\/de\/wp-json\/wp\/v2\/pages"}],"about":[{"href":"https:\/\/volmerk.com\/de\/wp-json\/wp\/v2\/types\/page"}],"author":[{"embeddable":true,"href":"https:\/\/volmerk.com\/de\/wp-json\/wp\/v2\/users\/2"}],"replies":[{"embeddable":true,"href":"https:\/\/volmerk.com\/de\/wp-json\/wp\/v2\/comments?post=1445"}],"version-history":[{"count":7,"href":"https:\/\/volmerk.com\/de\/wp-json\/wp\/v2\/pages\/1445\/revisions"}],"predecessor-version":[{"id":1645,"href":"https:\/\/volmerk.com\/de\/wp-json\/wp\/v2\/pages\/1445\/revisions\/1645"}],"up":[{"embeddable":true,"href":"https:\/\/volmerk.com\/de\/wp-json\/wp\/v2\/pages\/1287"}],"wp:attachment":[{"href":"https:\/\/volmerk.com\/de\/wp-json\/wp\/v2\/media?parent=1445"}],"curies":[{"name":"wp","href":"https:\/\/api.w.org\/{rel}","templated":true}]}}