{"id":1820,"date":"2025-05-11T19:24:56","date_gmt":"2025-05-11T19:24:56","guid":{"rendered":"https:\/\/volmerk.com\/?page_id=1820"},"modified":"2025-05-11T20:05:50","modified_gmt":"2025-05-11T20:05:50","slug":"w-orjinali-yayli-sabit-volan","status":"publish","type":"page","link":"https:\/\/volmerk.com\/de\/w-orjinali-yayli-sabit-volan\/","title":{"rendered":"(W) ORJINAL\u0130 YAYLI &#038; SAB\u0130T VOLAN"},"content":{"rendered":"<p>[vc_row][vc_column][vc_single_image image=&#8220;1732&#8243;][\/vc_column][\/vc_row][vc_row][vc_column][vc_column_text]<\/p>\n<table width=\"1667\">\n<tbody>\n<tr>\n<td width=\"91\">\n<table>\n<tbody>\n<tr>\n<td width=\"91\"><\/td>\n<\/tr>\n<\/tbody>\n<\/table>\n<\/td>\n<td colspan=\"5\" width=\"1576\"><strong>VOLMERK VOLAN\u00a0<\/strong><\/td>\n<\/tr>\n<tr>\n<td><strong>MARKA<\/strong><\/td>\n<td><strong>MODEL<\/strong><\/td>\n<td><strong>OEM NO<\/strong><\/td>\n<td><strong>ORJ\u0130NAL\u0130 YAYLI<\/strong><\/td>\n<td><strong>VM KODU<\/strong><\/td>\n<td><strong>TAKILACAK DEBR\u0130YAJ SET\u0130<\/strong><\/td>\n<\/tr>\n<tr>\n<td rowspan=\"5\"><strong>OPEL<\/strong><\/td>\n<td><strong>CORSA C\/D &#8211; COMBO C &#8211; MERIVA Z13 CDTI 1.3<\/strong><\/td>\n<td><strong>415023210<\/strong><\/td>\n<td><strong>W<\/strong><\/td>\n<td><strong>VM OP 401<\/strong><\/td>\n<td><strong>SACHS 3000 838 801 \/ LUK 620 2098 09<\/strong><\/td>\n<\/tr>\n<tr>\n<td><strong>COMBO C CDTI Z17 101 CP Y20DTH<\/strong><\/td>\n<td><strong>616049\/LUK 415025610<\/strong><\/td>\n<td><strong>W<\/strong><\/td>\n<td><strong>VM OP 403<\/strong><\/td>\n<td><strong>LUK 623 313 509<\/strong><\/td>\n<\/tr>\n<tr>\n<td><strong>VECTRA C Z19 101 CP DTHF 23<\/strong><\/td>\n<td><strong>616065\/LUK 415025610<\/strong><\/td>\n<td><strong>W<\/strong><\/td>\n<td><strong>VM OP 404<\/strong><\/td>\n<td><strong>LUK 623 313 509<\/strong><\/td>\n<\/tr>\n<tr>\n<td><strong>ASTRA VECTRA ZAFIRA C X20 DTH F 23<\/strong><\/td>\n<td><strong>616025\/LUK 415016310<\/strong><\/td>\n<td><strong>W<\/strong><\/td>\n<td><strong>VM OP 405<\/strong><\/td>\n<td><strong>LUK 623 313 509<\/strong><\/td>\n<\/tr>\n<tr>\n<td><strong>MOVANO 2.3 DCI 125 CDTI<\/strong><\/td>\n<td><strong>93168040\/LUK 415048510<\/strong><\/td>\n<td><strong>W<\/strong><\/td>\n<td><strong>VM OP 407<\/strong><\/td>\n<td><strong>9805856480\/ 1606887780<\/strong><\/td>\n<\/tr>\n<tr>\n<td><\/td>\n<td><\/td>\n<td><\/td>\n<td><\/td>\n<td><\/td>\n<td><\/td>\n<\/tr>\n<tr>\n<td rowspan=\"11\"><strong>FORD<\/strong><\/td>\n<td><strong>CONNECT &#8211; FOCUS 1.8 TDCI<\/strong><\/td>\n<td><strong>1S416477 AB<\/strong><\/td>\n<td><strong>W<\/strong><\/td>\n<td><strong>VM FR 702<\/strong><\/td>\n<td><strong>VALEO 826344<\/strong><\/td>\n<\/tr>\n<tr>\n<td><strong>C-MAX FOCUS 1.6 TDCI<\/strong><\/td>\n<td><strong>2294000109\/ 3M51 6477 CH<\/strong><\/td>\n<td><strong>W<\/strong><\/td>\n<td><strong>VM FR 703<\/strong><\/td>\n<td><strong>VALEO 826344<\/strong><\/td>\n<\/tr>\n<tr>\n<td><strong>MONDEO 2.0 BENZ\u0130NL\u0130<\/strong><\/td>\n<td><strong>3M51 6477 EB<\/strong><\/td>\n<td><strong>W<\/strong><\/td>\n<td><strong>VM FR 704<\/strong><\/td>\n<td><strong>VALEO 826344<\/strong><\/td>\n<\/tr>\n<tr>\n<td><strong>MONDEO 2.0 TDCI 6<\/strong><\/td>\n<td><strong>3S71 6477 FA LUK 415 0168 10<\/strong><\/td>\n<td><strong>W<\/strong><\/td>\n<td><strong>VM FR 705<\/strong><\/td>\n<td><strong>VALEO 826917<\/strong><\/td>\n<\/tr>\n<tr>\n<td><strong>TRANSIT V 184 2.0 TDCI 125 PS<\/strong><\/td>\n<td><strong>3S71 6477 FA LUK 415 0168 10<\/strong><\/td>\n<td><strong>W<\/strong><\/td>\n<td><strong>VM FR 706<\/strong><\/td>\n<td><strong>VALEO 826917<\/strong><\/td>\n<\/tr>\n<tr>\n<td><strong>RANGER\u00a0<\/strong><\/td>\n<td><strong>6M34 6477 AC \/415 0410 10<\/strong><\/td>\n<td><strong>W<\/strong><\/td>\n<td><strong>VM FR 708<\/strong><\/td>\n<td><strong>VALEO 826917<\/strong><\/td>\n<\/tr>\n<tr>\n<td><strong>TRANSIT V 347 JUMBO 200 PS<\/strong><\/td>\n<td><strong>8C11 6477 AA<\/strong><\/td>\n<td><strong>W<\/strong><\/td>\n<td><strong>VM FR 709<\/strong><\/td>\n<td><strong>LUK 626 305 309 \/ 7C11 7540 BB<\/strong><\/td>\n<\/tr>\n<tr>\n<td><strong>TRANSIT GLOBAL MOTOR JUMBO 155 PS CUSTOM<\/strong><\/td>\n<td><strong>BK31 6477 CB<\/strong><\/td>\n<td><strong>W<\/strong><\/td>\n<td><strong>VM FR 710<\/strong><\/td>\n<td><strong>LUK 626 305 309 \/ 7C11 7540 BB<\/strong><\/td>\n<\/tr>\n<tr>\n<td><strong>TRANSIT V 347 JUMBO 200 PS G\u00dc\u00c7LEND\u0130R\u0130LM\u0130\u015e<\/strong><\/td>\n<td><strong>8C11 6477 AA<\/strong><\/td>\n<td><strong>W<\/strong><\/td>\n<td><strong>VM FR 719<\/strong><\/td>\n<td><strong>BK31 7540 BB<\/strong><\/td>\n<\/tr>\n<tr>\n<td><strong>TRANSIT 2.0 TDCI MK8 PANTER<\/strong><\/td>\n<td><strong>GK31 6477 AA<\/strong><\/td>\n<td><strong>W<\/strong><\/td>\n<td><strong>VM FR 722<\/strong><\/td>\n<td><strong>BK31 7540 BB<\/strong><\/td>\n<\/tr>\n<tr>\n<td><strong>TRANSIT V362 2.0 TDCI \u00d6NDEN \u00c7EKER 2018><\/strong><\/td>\n<td><strong>GK21 6477 AB<\/strong><\/td>\n<td><strong>W<\/strong><\/td>\n<td><strong>VM FR 723<\/strong><\/td>\n<td><strong>7C11 7540 BB<\/strong><\/td>\n<\/tr>\n<tr>\n<td><\/td>\n<td><\/td>\n<td><\/td>\n<td><\/td>\n<td><\/td>\n<td><\/td>\n<\/tr>\n<tr>\n<td rowspan=\"4\"><strong>FIAT<\/strong><\/td>\n<td><strong>MAREA MULTIPLA STILO DOBLO 1.9 JTD<\/strong><\/td>\n<td><strong>55203007\u00a0 VALOE 836017<\/strong><\/td>\n<td><strong>W<\/strong><\/td>\n<td><strong>VM FI 802<\/strong><\/td>\n<td><strong>VALEO 828142 \/\u00a0\u00a0\u00a0 SACHS 3000 951 293<\/strong><\/td>\n<\/tr>\n<tr>\n<td><strong>LANCIA PHDRA SCUDO 2000 HDI 6 \u0130LER\u0130<\/strong><\/td>\n<td><strong>9676364880 \/ LUK 415 0320 10<\/strong><\/td>\n<td><strong>W<\/strong><\/td>\n<td><strong>VM FI 803<\/strong><\/td>\n<td><strong>1611272080\u00a0 LUK 624 3303 00 SACHS 3000 951 874<\/strong><\/td>\n<\/tr>\n<tr>\n<td><strong>DUCATO PUMA 3.0 JTD MULTIJET<\/strong><\/td>\n<td><strong>504088657 \/ LUK 415 0375 10<\/strong><\/td>\n<td><strong>W<\/strong><\/td>\n<td><strong>VM FI 807<\/strong><\/td>\n<td><strong>VALEO 826933<\/strong><\/td>\n<\/tr>\n<tr>\n<td><strong>SCUDO FL- 2.0 JTD FOURGON 110 CV , 2.0 JTD COMBI 107CV, 2.0 JTD COMBI 16V 109 CV<\/strong><\/td>\n<td><strong>\u00a09639933180 &#8211; 9644595980<\/strong><\/td>\n<td><strong>W<\/strong><\/td>\n<td><strong>VM FI 813<\/strong><\/td>\n<td><strong>VALEO 826567-LUK 624 3214 00<\/strong><\/td>\n<\/tr>\n<tr>\n<td><\/td>\n<td><\/td>\n<td><\/td>\n<td><\/td>\n<td><\/td>\n<td><\/td>\n<\/tr>\n<tr>\n<td rowspan=\"5\"><strong>RENAULT<\/strong><\/td>\n<td><strong>MASTER III 2.3 DCI 125 CDTI<\/strong><\/td>\n<td><strong>123003319R \/ LUK 415 0485 10<\/strong><\/td>\n<td><strong>W<\/strong><\/td>\n<td><strong>VM RN 901<\/strong><\/td>\n<td><strong>9805856480\/LUK 626 3075 00 \/\u00a0 1606887780<\/strong><\/td>\n<\/tr>\n<tr>\n<td><strong>FLUENCE III MEGANE KANGOO TL4 1.5 DCI 6 \u0130LER\u0130<\/strong><\/td>\n<td><strong>123006354R\u00a0 LUK 415 0400 10<\/strong><\/td>\n<td><strong>W<\/strong><\/td>\n<td><strong>VM RN 902<\/strong><\/td>\n<td><strong>002240009\/7701477758 \/ LUK 624 3312 09<\/strong><\/td>\n<\/tr>\n<tr>\n<td><strong>LAGUNA II 1.9 DIESEL F9Q 750<\/strong><\/td>\n<td><strong>LUK 415 0270 10<\/strong><\/td>\n<td><strong>W<\/strong><\/td>\n<td><strong>VM RN 903<\/strong><\/td>\n<td><strong>00240009\/7701477758 \/ LUK 624 3312 09<\/strong><\/td>\n<\/tr>\n<tr>\n<td><strong>MASTER 3 2.3 DCI M9T \u00c7\u0130FT TEKER<\/strong><\/td>\n<td><strong>LUK 415 0490 10\/123106282R<\/strong><\/td>\n<td><strong>W<\/strong><\/td>\n<td><strong>VM RN 907<\/strong><\/td>\n<td><strong>SACHS 3400700444\/VALEO 805203<\/strong><\/td>\n<\/tr>\n<tr>\n<td><strong>TRAFIC III 1.6 DCI<\/strong><\/td>\n<td><strong>LUK 415 0796 10\/123000636R<\/strong><\/td>\n<td><strong>W<\/strong><\/td>\n<td><strong>VM RN 921<\/strong><\/td>\n<td><strong>002240009\/SACH 3000 951 908\/7701477758<\/strong><\/td>\n<\/tr>\n<tr>\n<td><\/td>\n<td><\/td>\n<td><\/td>\n<td><\/td>\n<td><\/td>\n<td><\/td>\n<\/tr>\n<tr>\n<td rowspan=\"2\"><strong>VOLVO<\/strong><\/td>\n<td><strong>S40 V50 2.0 &#8211; 1.8 DIESEL<\/strong><\/td>\n<td><strong>LUK 415 0459 10\/ 336590440<\/strong><\/td>\n<td><strong>W<\/strong><\/td>\n<td><strong>VM VO 201<\/strong><\/td>\n<td><strong>VALEO 826344<\/strong><\/td>\n<\/tr>\n<tr>\n<td><strong>S40 V50 1.6 DIESEL<\/strong><\/td>\n<td><strong>2294000109<\/strong><\/td>\n<td><strong>W<\/strong><\/td>\n<td><strong>VM VO 203<\/strong><\/td>\n<td><strong>VALEO 826344<\/strong><\/td>\n<\/tr>\n<tr>\n<td><\/td>\n<td><\/td>\n<td><\/td>\n<td><\/td>\n<td><\/td>\n<td><\/td>\n<\/tr>\n<tr>\n<td rowspan=\"2\"><strong>HYUNDAI<\/strong><\/td>\n<td><strong>H-1 2.5 CRDI 170<\/strong><\/td>\n<td><strong>415030010<\/strong><\/td>\n<td><strong>W<\/strong><\/td>\n<td><strong>VM HY 601<\/strong><\/td>\n<td><strong>VALEO 826917<\/strong><\/td>\n<\/tr>\n<tr>\n<td><strong>HYUNDAI H350 2015><\/strong><\/td>\n<td><strong>23200-4A200<\/strong><\/td>\n<td><strong>W<\/strong><\/td>\n<td><strong>VM HY 620<\/strong><\/td>\n<td><strong>LUK 626 3053 09<\/strong><\/td>\n<\/tr>\n<tr>\n<td><\/td>\n<td><\/td>\n<td><\/td>\n<td><\/td>\n<td><\/td>\n<td><\/td>\n<\/tr>\n<tr>\n<td rowspan=\"3\"><strong>NISSAN<\/strong><\/td>\n<td><strong>NAVARA D40 2.5 DCI<\/strong><\/td>\n<td><strong>415036311<\/strong><\/td>\n<td><strong>W<\/strong><\/td>\n<td><strong>VM NI 606<\/strong><\/td>\n<td><strong>ADN130246\/DAIKIN -EXEDY NSK 2191<\/strong><\/td>\n<\/tr>\n<tr>\n<td><strong>QASHQAI 1.5 DCI 6 \u0130LER\u0130<\/strong><\/td>\n<td><strong>415040010<\/strong><\/td>\n<td><strong>W<\/strong><\/td>\n<td><strong>VM NI 607<\/strong><\/td>\n<td><strong>002240009\/7701477758 \/ LUK 624 3312 09<\/strong><\/td>\n<\/tr>\n<tr>\n<td><strong>PATROL ZD Y61 3.0 D\u0130ZEL<\/strong><\/td>\n<td><strong>LUK 415 0733 10<\/strong><\/td>\n<td><strong>W<\/strong><\/td>\n<td><strong>VM NI 608<\/strong><\/td>\n<td><strong>DAIKIN -EXEDY NSK 7235 SMF \/ NSK 7699 ST<\/strong><\/td>\n<\/tr>\n<tr>\n<td><\/td>\n<td><\/td>\n<td><\/td>\n<td><\/td>\n<td><\/td>\n<td><\/td>\n<\/tr>\n<tr>\n<td><strong>MAZDA<\/strong><\/td>\n<td><strong>BT 50<\/strong><\/td>\n<td><strong>6M34 6477 AC \/415 0410 10<\/strong><\/td>\n<td><strong>W<\/strong><\/td>\n<td><strong>VM MZ 609<\/strong><\/td>\n<td><strong>VALEO 826917<\/strong><\/td>\n<\/tr>\n<tr>\n<td><\/td>\n<td><\/td>\n<td><\/td>\n<td><\/td>\n<td><\/td>\n<td><\/td>\n<\/tr>\n<tr>\n<td><strong>TOYOTA<\/strong><\/td>\n<td><strong>COROLLA &#8211; AVENSIS &#8211; VERSO 2.0 D4-D<\/strong><\/td>\n<td><strong>13405-27010<\/strong><\/td>\n<td><strong>W<\/strong><\/td>\n<td><strong>VM TY 615<\/strong><\/td>\n<td><strong>VALEO 826399<\/strong><\/td>\n<\/tr>\n<tr>\n<td><\/td>\n<td><\/td>\n<td><\/td>\n<td><\/td>\n<td><\/td>\n<td><\/td>\n<\/tr>\n<tr>\n<td rowspan=\"2\"><strong>MITSUBISHI<\/strong><\/td>\n<td><strong>PAJERO 3.2. DID<\/strong><\/td>\n<td><strong>MR446366<\/strong><\/td>\n<td><strong>W<\/strong><\/td>\n<td><strong>VM MI 621<\/strong><\/td>\n<td><strong>DAIKIN EXEDY MBK2124 SMF \/ MBK2070<\/strong><\/td>\n<\/tr>\n<tr>\n<td><strong>L200 SU KJ 2.4 DID 2015><\/strong><\/td>\n<td><strong>415 0677 10-1120A295<\/strong><\/td>\n<td><strong>W<\/strong><\/td>\n<td><strong>VM MI 623<\/strong><\/td>\n<td><strong>BK31 7540 BB- LUK 627 3032 09<\/strong><\/td>\n<\/tr>\n<tr>\n<td><\/td>\n<td><\/td>\n<td><\/td>\n<td><\/td>\n<td><\/td>\n<td><\/td>\n<\/tr>\n<tr>\n<td rowspan=\"5\"><strong>PEUGEOT &#038; CITROEN<\/strong><\/td>\n<td><strong>C3, C4, C5, 206, 207, 307, 308, 407, 1007, 3008, 5008, PARTNER TEEPE, VD6 1.6 110 CC<\/strong><\/td>\n<td><strong>0532Q4\u00a0 SACHS 2294 000 291<\/strong><\/td>\n<td><strong>W<\/strong><\/td>\n<td><strong>VM PC 501<\/strong><\/td>\n<td><strong>2050 H7 LUK 623 3043 00\/SACHS 3000 859 501\u00a0<\/strong><\/td>\n<\/tr>\n<tr>\n<td><strong>JUMPY 2000 HDI, 307, 308, 407, 607, 508, 807, C4, C8, EXPERT 3 2000 HDI, 100 BG 6 \u0130LER\u0130<\/strong><\/td>\n<td><strong>\u00a0LUK 415 0320 10<\/strong><\/td>\n<td><strong>W<\/strong><\/td>\n<td><strong>VM PC 502<\/strong><\/td>\n<td><strong>828560\/2052.W1 LUK 624 3303 00\/SACHS 3000 951 874<\/strong><\/td>\n<\/tr>\n<tr>\n<td><strong>JUMPER BOXER 3 2.2 120 CV<\/strong><\/td>\n<td><strong>0532Q8 \/ LUK 415 0372 10<\/strong><\/td>\n<td><strong>W<\/strong><\/td>\n<td><strong>VM PC 504<\/strong><\/td>\n<td><strong>9805856480\/LUK 626 3075 00 \/ 1606887780<\/strong><\/td>\n<\/tr>\n<tr>\n<td><strong>JUMPER BOXER 3 3.0 JTD<\/strong><\/td>\n<td><strong>0532R3 \/ LUK 415037510<\/strong><\/td>\n<td><strong>W<\/strong><\/td>\n<td><strong>VM PC 508<\/strong><\/td>\n<td><strong>VALEO 826933<\/strong><\/td>\n<\/tr>\n<tr>\n<td><strong>\u00a0C5-C8-EVASION-JUMPY-SCUDO-ULYSE-ZETA-406-607-806-807-EXPERT-2.0HDI(DW10ATED*(T)<\/strong><\/td>\n<td><strong>\u00a00532.L0 \/ LUK 415 0138 10<\/strong><\/td>\n<td><strong>W<\/strong><\/td>\n<td><strong>VM PC 510<\/strong><\/td>\n<td><strong>VALEO 826567-LUK 624 3214 00<\/strong><\/td>\n<\/tr>\n<tr>\n<td><\/td>\n<td><\/td>\n<td><\/td>\n<td><\/td>\n<td><\/td>\n<td><\/td>\n<\/tr>\n<tr>\n<td rowspan=\"5\"><strong>VOLKSWAGEN<\/strong><\/td>\n<td><strong>TRANSPORTER T-5 1.9 D\u0130ZEL 105 HP<\/strong><\/td>\n<td><strong>415 025 010<\/strong><\/td>\n<td><strong>W<\/strong><\/td>\n<td><strong>VM VW 301<\/strong><\/td>\n<td><strong>001228800\/LUK 623 0803 00 \/ SACHS 3000 332 001<\/strong><\/td>\n<\/tr>\n<tr>\n<td><strong>TRANSPORTER T-4 2.5 TURBO MOTOR<\/strong><\/td>\n<td><strong>417 000 811<\/strong><\/td>\n<td><strong>W<\/strong><\/td>\n<td><strong>VM VW 302<\/strong><\/td>\n<td><strong>001228800\/LUK 623 0803 00 \/ SACHS 3000 332 001<\/strong><\/td>\n<\/tr>\n<tr>\n<td><strong>TRANSPORTER T-4 2.4 MOTOR<\/strong><\/td>\n<td><strong>417 002 710<\/strong><\/td>\n<td><strong>W<\/strong><\/td>\n<td><strong>VM VW 303<\/strong><\/td>\n<td><strong>001228800\/LUK 623 0803 00 \/ SACHS 3000 332 001<\/strong><\/td>\n<\/tr>\n<tr>\n<td><strong>SEAT, AUDI, SKODA VW AGR-AHF MOTOR 1.9 D\u0130ZEL<\/strong><\/td>\n<td><strong>417 001 911<\/strong><\/td>\n<td><strong>W<\/strong><\/td>\n<td><strong>VM VW 304<\/strong><\/td>\n<td><strong>001228800\/LUK 623 0803 00 \/ SACHS 3000 332 001<\/strong><\/td>\n<\/tr>\n<tr>\n<td><strong>AUDI VOLKSWAGEN GOLF BZB 1.8 TFSI\u00a0<\/strong><\/td>\n<td><strong>415 0334 10<\/strong><\/td>\n<td><strong>W<\/strong><\/td>\n<td><strong>VM VW 388<\/strong><\/td>\n<td><strong>LUK 623 0803 00 \/ SACHS 3000 332 001<\/strong><\/td>\n<\/tr>\n<tr>\n<td><\/td>\n<td><\/td>\n<td><\/td>\n<td><\/td>\n<td><\/td>\n<td><\/td>\n<\/tr>\n<tr>\n<td><strong>MERCEDES<\/strong><\/td>\n<td><strong>MERCEDES BENZ VITO\u00a0 TOURER (W447) 1.6\u00a0<\/strong><\/td>\n<td><strong>123107183R- A622030020580<\/strong><\/td>\n<td><strong>W<\/strong><\/td>\n<td><strong>VM MR 103<\/strong><\/td>\n<td><strong>002240009\/7701477758 LUK 624 3312 09<\/strong><\/td>\n<\/tr>\n<tr>\n<td><\/td>\n<td><\/td>\n<td><\/td>\n<td><\/td>\n<td><\/td>\n<td><\/td>\n<\/tr>\n<tr>\n<td colspan=\"6\"><strong>NOT: BU L\u0130STEDEK\u0130 \u00dcR\u00dcNLER ARA\u00c7TAK\u0130 YAYLI VOLANLARIN YER\u0130NE TAKILACAK SAB\u0130T VOLAN L\u0130STES\u0130 (W) TAKILACAK DEBRIYAJLAR ORJ\u0130NAL DEBR\u0130YAJLARDIR. LUK, SACHS VS.<\/strong><\/td>\n<\/tr>\n<\/tbody>\n<\/table>\n<p>[\/vc_column_text][\/vc_column][\/vc_row]<\/p>\n","protected":false},"excerpt":{"rendered":"<p>[vc_row][vc_column][vc_single_image image=&#8220;1732&#8243;][\/vc_column][\/vc_row][vc_row][vc_column][vc_column_text] VOLMERK VOLAN\u00a0 MARKA MODEL OEM NO ORJ\u0130NAL\u0130 YAYLI VM KODU TAKILACAK DEBR\u0130YAJ SET\u0130 OPEL CORSA C\/D &#8211; COMBO C &#8211; MERIVA Z13 CDTI 1.3 415023210 W VM OP 401 SACHS 3000 838 801 \/ LUK 620 2098 09 COMBO C CDTI Z17 101 CP Y20DTH 616049\/LUK 415025610 W VM OP 403 LUK 623 [&hellip;]<\/p>\n","protected":false},"author":2,"featured_media":0,"parent":0,"menu_order":0,"comment_status":"closed","ping_status":"closed","template":"","meta":[],"yoast_head":"<!-- This site is optimized with the Yoast SEO plugin v20.2.1 - https:\/\/yoast.com\/wordpress\/plugins\/seo\/ -->\n<title>(W) ORJINAL\u0130 YAYLI &amp; SAB\u0130T VOLAN - Volmerk Volan \u00dcretim ve Sat\u0131\u015f<\/title>\n<meta name=\"robots\" content=\"index, follow, max-snippet:-1, max-image-preview:large, max-video-preview:-1\" \/>\n<link rel=\"canonical\" href=\"https:\/\/volmerk.com\/w-orjinali-yayli-sabit-volan\/\" \/>\n<meta property=\"og:locale\" content=\"de_DE\" \/>\n<meta property=\"og:type\" content=\"article\" \/>\n<meta property=\"og:title\" content=\"(W) ORJINAL\u0130 YAYLI &amp; SAB\u0130T VOLAN\" \/>\n<meta property=\"og:description\" content=\"[vc_row][vc_column][vc_single_image image=&#8220;1732&#8243;][\/vc_column][\/vc_row][vc_row][vc_column][vc_column_text] VOLMERK VOLAN\u00a0 MARKA MODEL OEM NO ORJ\u0130NAL\u0130 YAYLI VM KODU TAKILACAK DEBR\u0130YAJ SET\u0130 OPEL CORSA C\/D &#8211; COMBO C &#8211; MERIVA Z13 CDTI 1.3 415023210 W VM OP 401 SACHS 3000 838 801 \/ LUK 620 2098 09 COMBO C CDTI Z17 101 CP Y20DTH 616049\/LUK 415025610 W VM OP 403 LUK 623 [&hellip;]\" \/>\n<meta property=\"og:url\" content=\"https:\/\/volmerk.com\/w-orjinali-yayli-sabit-volan\/\" \/>\n<meta property=\"og:site_name\" content=\"Volmerk Volan \u00dcretim ve Sat\u0131\u015f\" \/>\n<meta property=\"article:modified_time\" content=\"2025-05-11T20:05:50+00:00\" \/>\n<meta name=\"twitter:card\" content=\"summary_large_image\" \/>\n<meta name=\"twitter:label1\" content=\"Gesch\u00e4tzte Lesezeit\" \/>\n\t<meta name=\"twitter:data1\" content=\"6\u00a0Minuten\" \/>\n<script type=\"application\/ld+json\" class=\"yoast-schema-graph\">{\"@context\":\"https:\/\/schema.org\",\"@graph\":[{\"@type\":\"WebPage\",\"@id\":\"https:\/\/volmerk.com\/w-orjinali-yayli-sabit-volan\/\",\"url\":\"https:\/\/volmerk.com\/w-orjinali-yayli-sabit-volan\/\",\"name\":\"[:tr](W) ORJINAL\u0130 YAYLI & SAB\u0130T VOLAN[:] - Volmerk Volan \u00dcretim ve Sat\u0131\u015f\",\"isPartOf\":{\"@id\":\"https:\/\/volmerk.com\/#website\"},\"datePublished\":\"2025-05-11T19:24:56+00:00\",\"dateModified\":\"2025-05-11T20:05:50+00:00\",\"breadcrumb\":{\"@id\":\"https:\/\/volmerk.com\/w-orjinali-yayli-sabit-volan\/#breadcrumb\"},\"inLanguage\":\"de-DE\",\"potentialAction\":[{\"@type\":\"ReadAction\",\"target\":[\"https:\/\/volmerk.com\/w-orjinali-yayli-sabit-volan\/\"]}]},{\"@type\":\"BreadcrumbList\",\"@id\":\"https:\/\/volmerk.com\/w-orjinali-yayli-sabit-volan\/#breadcrumb\",\"itemListElement\":[{\"@type\":\"ListItem\",\"position\":1,\"name\":\"Anasayfa\",\"item\":\"https:\/\/volmerk.com\/\"},{\"@type\":\"ListItem\",\"position\":2,\"name\":\"(W) ORJINAL\u0130 YAYLI &#038; SAB\u0130T VOLAN\"}]},{\"@type\":\"WebSite\",\"@id\":\"https:\/\/volmerk.com\/#website\",\"url\":\"https:\/\/volmerk.com\/\",\"name\":\"Volmerk Volan \u00dcretim ve Sat\u0131\u015f\",\"description\":\"Flywheel Manufacturer T\u00fcrkiye\",\"publisher\":{\"@id\":\"https:\/\/volmerk.com\/#organization\"},\"potentialAction\":[{\"@type\":\"SearchAction\",\"target\":{\"@type\":\"EntryPoint\",\"urlTemplate\":\"https:\/\/volmerk.com\/?s={search_term_string}\"},\"query-input\":\"required name=search_term_string\"}],\"inLanguage\":\"de-DE\"},{\"@type\":\"Organization\",\"@id\":\"https:\/\/volmerk.com\/#organization\",\"name\":\"Volmerk Volan \u00dcretim ve Sat\u0131\u015f\",\"url\":\"https:\/\/volmerk.com\/\",\"logo\":{\"@type\":\"ImageObject\",\"inLanguage\":\"de-DE\",\"@id\":\"https:\/\/volmerk.com\/#\/schema\/logo\/image\/\",\"url\":\"https:\/\/volmerk.com\/wp-content\/uploads\/2023\/02\/volmerk-kurumsal-logo.png\",\"contentUrl\":\"https:\/\/volmerk.com\/wp-content\/uploads\/2023\/02\/volmerk-kurumsal-logo.png\",\"width\":220,\"height\":57,\"caption\":\"Volmerk Volan \u00dcretim ve Sat\u0131\u015f\"},\"image\":{\"@id\":\"https:\/\/volmerk.com\/#\/schema\/logo\/image\/\"}}]}<\/script>\n<!-- \/ Yoast SEO plugin. -->","yoast_head_json":{"title":"(W) ORJINAL\u0130 YAYLI & SAB\u0130T VOLAN - Volmerk Volan \u00dcretim ve Sat\u0131\u015f","robots":{"index":"index","follow":"follow","max-snippet":"max-snippet:-1","max-image-preview":"max-image-preview:large","max-video-preview":"max-video-preview:-1"},"canonical":"https:\/\/volmerk.com\/w-orjinali-yayli-sabit-volan\/","og_locale":"de_DE","og_type":"article","og_title":"[:tr](W) ORJINAL\u0130 YAYLI & SAB\u0130T VOLAN[:] - Volmerk Volan \u00dcretim ve Sat\u0131\u015f","og_description":"[vc_row][vc_column][vc_single_image image=&#8220;1732&#8243;][\/vc_column][\/vc_row][vc_row][vc_column][vc_column_text] VOLMERK VOLAN\u00a0 MARKA MODEL OEM NO ORJ\u0130NAL\u0130 YAYLI VM KODU TAKILACAK DEBR\u0130YAJ SET\u0130 OPEL CORSA C\/D &#8211; COMBO C &#8211; MERIVA Z13 CDTI 1.3 415023210 W VM OP 401 SACHS 3000 838 801 \/ LUK 620 2098 09 COMBO C CDTI Z17 101 CP Y20DTH 616049\/LUK 415025610 W VM OP 403 LUK 623 [&hellip;]","og_url":"https:\/\/volmerk.com\/w-orjinali-yayli-sabit-volan\/","og_site_name":"Volmerk Volan \u00dcretim ve Sat\u0131\u015f","article_modified_time":"2025-05-11T20:05:50+00:00","twitter_card":"summary_large_image","twitter_misc":{"Gesch\u00e4tzte Lesezeit":"6\u00a0Minuten"},"schema":{"@context":"https:\/\/schema.org","@graph":[{"@type":"WebPage","@id":"https:\/\/volmerk.com\/w-orjinali-yayli-sabit-volan\/","url":"https:\/\/volmerk.com\/w-orjinali-yayli-sabit-volan\/","name":"[:tr](W) ORJINAL\u0130 YAYLI & SAB\u0130T VOLAN[:] - Volmerk Volan \u00dcretim ve Sat\u0131\u015f","isPartOf":{"@id":"https:\/\/volmerk.com\/#website"},"datePublished":"2025-05-11T19:24:56+00:00","dateModified":"2025-05-11T20:05:50+00:00","breadcrumb":{"@id":"https:\/\/volmerk.com\/w-orjinali-yayli-sabit-volan\/#breadcrumb"},"inLanguage":"de-DE","potentialAction":[{"@type":"ReadAction","target":["https:\/\/volmerk.com\/w-orjinali-yayli-sabit-volan\/"]}]},{"@type":"BreadcrumbList","@id":"https:\/\/volmerk.com\/w-orjinali-yayli-sabit-volan\/#breadcrumb","itemListElement":[{"@type":"ListItem","position":1,"name":"Anasayfa","item":"https:\/\/volmerk.com\/"},{"@type":"ListItem","position":2,"name":"(W) ORJINAL\u0130 YAYLI &#038; SAB\u0130T VOLAN"}]},{"@type":"WebSite","@id":"https:\/\/volmerk.com\/#website","url":"https:\/\/volmerk.com\/","name":"Volmerk Volan \u00dcretim ve Sat\u0131\u015f","description":"Flywheel Manufacturer T\u00fcrkiye","publisher":{"@id":"https:\/\/volmerk.com\/#organization"},"potentialAction":[{"@type":"SearchAction","target":{"@type":"EntryPoint","urlTemplate":"https:\/\/volmerk.com\/?s={search_term_string}"},"query-input":"required name=search_term_string"}],"inLanguage":"de-DE"},{"@type":"Organization","@id":"https:\/\/volmerk.com\/#organization","name":"Volmerk Volan \u00dcretim ve Sat\u0131\u015f","url":"https:\/\/volmerk.com\/","logo":{"@type":"ImageObject","inLanguage":"de-DE","@id":"https:\/\/volmerk.com\/#\/schema\/logo\/image\/","url":"https:\/\/volmerk.com\/wp-content\/uploads\/2023\/02\/volmerk-kurumsal-logo.png","contentUrl":"https:\/\/volmerk.com\/wp-content\/uploads\/2023\/02\/volmerk-kurumsal-logo.png","width":220,"height":57,"caption":"Volmerk Volan \u00dcretim ve Sat\u0131\u015f"},"image":{"@id":"https:\/\/volmerk.com\/#\/schema\/logo\/image\/"}}]}},"_links":{"self":[{"href":"https:\/\/volmerk.com\/de\/wp-json\/wp\/v2\/pages\/1820"}],"collection":[{"href":"https:\/\/volmerk.com\/de\/wp-json\/wp\/v2\/pages"}],"about":[{"href":"https:\/\/volmerk.com\/de\/wp-json\/wp\/v2\/types\/page"}],"author":[{"embeddable":true,"href":"https:\/\/volmerk.com\/de\/wp-json\/wp\/v2\/users\/2"}],"replies":[{"embeddable":true,"href":"https:\/\/volmerk.com\/de\/wp-json\/wp\/v2\/comments?post=1820"}],"version-history":[{"count":5,"href":"https:\/\/volmerk.com\/de\/wp-json\/wp\/v2\/pages\/1820\/revisions"}],"predecessor-version":[{"id":1854,"href":"https:\/\/volmerk.com\/de\/wp-json\/wp\/v2\/pages\/1820\/revisions\/1854"}],"wp:attachment":[{"href":"https:\/\/volmerk.com\/de\/wp-json\/wp\/v2\/media?parent=1820"}],"curies":[{"name":"wp","href":"https:\/\/api.w.org\/{rel}","templated":true}]}}