{"id":1833,"date":"2025-05-11T19:30:10","date_gmt":"2025-05-11T19:30:10","guid":{"rendered":"https:\/\/volmerk.com\/?page_id=1833"},"modified":"2025-05-11T19:50:39","modified_gmt":"2025-05-11T19:50:39","slug":"s-orjinali-sabit-kitli-volan","status":"publish","type":"page","link":"https:\/\/volmerk.com\/en\/s-orjinali-sabit-kitli-volan\/","title":{"rendered":"(S) ORJ\u0130NAL\u0130 SAB\u0130T K\u0130TL\u0130 VOLAN"},"content":{"rendered":"<p>[vc_row][vc_column][vc_single_image image=&#8221;1659&#8243;][\/vc_column][\/vc_row][vc_row][vc_column][vc_column_text]<\/p>\n<table width=\"853\">\n<tbody>\n<tr>\n<td width=\"115\">\n<table>\n<tbody>\n<tr>\n<td width=\"115\"><strong>MARKA<\/strong><\/td>\n<\/tr>\n<\/tbody>\n<\/table>\n<\/td>\n<td width=\"252\"><strong>ARA\u00c7 GURUBU<\/strong><\/td>\n<td width=\"267\"><strong>OEM NO<\/strong><\/td>\n<td width=\"64\"><strong>ORJ\u0130NAL\u0130 SAB\u0130T<\/strong><\/td>\n<td width=\"155\"><strong>VOLMERK KODU<\/strong><\/td>\n<\/tr>\n<tr>\n<td><\/td>\n<td><\/td>\n<td><\/td>\n<td><\/td>\n<td><\/td>\n<\/tr>\n<tr>\n<td rowspan=\"2\"><strong>OPEL<\/strong><\/td>\n<td><strong>ASTRA G &#8211; VECTRA CX16-XEL<\/strong><\/td>\n<td><strong>616169<\/strong><\/td>\n<td><strong>S<\/strong><\/td>\n<td><strong>VM OP 402-K<\/strong><\/td>\n<\/tr>\n<tr>\n<td><strong>ASTRA G &#8211; VECTRA CX16-XEL<\/strong><\/td>\n<td><strong>SAB\u0130T VOLAN UYUMLU DEBR\u0130YAJ SET\u0130<\/strong><\/td>\n<td><strong>S<\/strong><\/td>\n<td><strong>VM OP 402-BK<\/strong><\/td>\n<\/tr>\n<tr>\n<td><\/td>\n<td><\/td>\n<td><\/td>\n<td><\/td>\n<td><\/td>\n<\/tr>\n<tr>\n<td rowspan=\"2\"><strong>FORD<\/strong><\/td>\n<td><strong>CONNECT 2024> 1.6 TDCI 95 PS 5 V\u0130TES<\/strong><\/td>\n<td><strong>RMDV61-7540-DC VOLAN NO: DV61-6375-AD<\/strong><\/td>\n<td><strong>S<\/strong><\/td>\n<td><strong>VM FR 730-K<\/strong><\/td>\n<\/tr>\n<tr>\n<td><strong>CONNECT 2024> 1.6 TDCI 95 PS 5 V\u0130TES BASKI BALATA<\/strong><\/td>\n<td><strong>RMDV61-7540-DC VOLAN NO: DV61-6375-AD<\/strong><\/td>\n<td><strong>S<\/strong><\/td>\n<td><strong>VM FR 730-BK<\/strong><\/td>\n<\/tr>\n<tr>\n<td><\/td>\n<td><\/td>\n<td><\/td>\n<td><\/td>\n<td><\/td>\n<\/tr>\n<tr>\n<td rowspan=\"2\"><strong>PEJO<\/strong><\/td>\n<td><strong>JUMPER BOXER 3 2.2 120 PS (RULMANLI)<\/strong><\/td>\n<td><strong>0532Q8<\/strong><\/td>\n<td><strong>S<\/strong><\/td>\n<td><strong>VM PC 523-K<\/strong><\/td>\n<\/tr>\n<tr>\n<td><strong>JUMPER BOXER 3 2.2 120 PS (RULMANLI)<\/strong><\/td>\n<td><strong>SAB\u0130T VOLAN UYUMLU DEBR\u0130YAJ SET\u0130<\/strong><\/td>\n<td><strong>S<\/strong><\/td>\n<td><strong>VM PC 523-BK<\/strong><\/td>\n<\/tr>\n<tr>\n<td><\/td>\n<td><\/td>\n<td><\/td>\n<td><\/td>\n<td><\/td>\n<\/tr>\n<tr>\n<td rowspan=\"5\"><strong>HYUNDAI<\/strong><\/td>\n<td><strong>ACCENT ERA 1.5<\/strong><\/td>\n<td><strong>23200-26001<\/strong><\/td>\n<td><strong>S<\/strong><\/td>\n<td><strong>VM HY 602-K<\/strong><\/td>\n<\/tr>\n<tr>\n<td><strong>ACCENT ERA 1.5<\/strong><\/td>\n<td><strong>SAB\u0130T VOLAN UYUMLU DEBR\u0130YAJ SET\u0130<\/strong><\/td>\n<td><strong>S<\/strong><\/td>\n<td><strong>VM HY 602-BK<\/strong><\/td>\n<\/tr>\n<tr>\n<td><strong>ACCENT\/ ADMIRE\/ ERA 1,6 BENZ\u0130NL\u0130<\/strong><\/td>\n<td><strong>23200-26101<\/strong><\/td>\n<td><strong>S<\/strong><\/td>\n<td><strong>VM HY 604-K<\/strong><\/td>\n<\/tr>\n<tr>\n<td><strong>ACCENT\/ ADMIRE\/ ERA 1,6 BENZ\u0130NL\u0130<\/strong><\/td>\n<td><strong>SAB\u0130T VOLAN UYUMLU DEBR\u0130YAJ SET\u0130<\/strong><\/td>\n<td><strong>S<\/strong><\/td>\n<td><strong>VM HY 604-BK<\/strong><\/td>\n<\/tr>\n<tr>\n<td><strong>ACCENT\u00a0 1.3<\/strong><\/td>\n<td><strong>23200-26001<\/strong><\/td>\n<td><strong>S<\/strong><\/td>\n<td><strong>VM HY 605-K<\/strong><\/td>\n<\/tr>\n<tr>\n<td><\/td>\n<td><strong>ACCENT\u00a0 1.3<\/strong><\/td>\n<td><strong>SAB\u0130T VOLAN UYUMLU DEBR\u0130YAJ SET\u0130<\/strong><\/td>\n<td><strong>S<\/strong><\/td>\n<td><strong>VM HY 605-BK<\/strong><\/td>\n<\/tr>\n<tr>\n<td><\/td>\n<td><\/td>\n<td><\/td>\n<td><\/td>\n<td><\/td>\n<\/tr>\n<tr>\n<td rowspan=\"2\"><strong>MITSUBISHI<\/strong><\/td>\n<td><strong>L200 2007-2013 KA4<\/strong><\/td>\n<td><strong>MD137726- MBK2113<\/strong><\/td>\n<td><strong>S<\/strong><\/td>\n<td><strong>VM MI 622-K<\/strong><\/td>\n<\/tr>\n<tr>\n<td><strong>L200 2007-2013 KA4<\/strong><\/td>\n<td><strong>SAB\u0130T VOLAN UYUMLU DEBR\u0130YAJ SET\u0130<\/strong><\/td>\n<td><strong>S<\/strong><\/td>\n<td><strong>VM MI 622-BK<\/strong><\/td>\n<\/tr>\n<tr>\n<td><\/td>\n<td><\/td>\n<td><\/td>\n<td><\/td>\n<td><\/td>\n<\/tr>\n<tr>\n<td rowspan=\"2\"><strong>FIAT<\/strong><\/td>\n<td><strong>MULTIJET 1.3 PALIO &#8211; DOBLO -FIORINO<\/strong><\/td>\n<td><strong>55202178<\/strong><\/td>\n<td><strong>S<\/strong><\/td>\n<td><strong>VM FI 801-K<\/strong><\/td>\n<\/tr>\n<tr>\n<td><strong>MULTIJET 1.3 PALIO &#8211; DOBLO -FIORINO BASKI BALATA<\/strong><\/td>\n<td><strong>VALEO 828142<\/strong><\/td>\n<td><strong>S<\/strong><\/td>\n<td><strong>VM FI 801-BK<\/strong><\/td>\n<\/tr>\n<\/tbody>\n<\/table>\n<table width=\"941\">\n<tbody>\n<tr>\n<td colspan=\"6\" width=\"941\"><strong>NOT: BU L\u0130STEDEK\u0130 \u00dcR\u00dcN ARA\u00c7 \u00dcZER\u0130NDEK\u0130 SAB\u0130T VOLAN \u0130LE AYNI \u00dcR\u00dcN (S)<\/strong><\/td>\n<\/tr>\n<\/tbody>\n<\/table>\n<p>[\/vc_column_text][\/vc_column][\/vc_row]<\/p>\n","protected":false},"excerpt":{"rendered":"<p>[vc_row][vc_column][vc_single_image image=&#8221;1659&#8243;][\/vc_column][\/vc_row][vc_row][vc_column][vc_column_text] MARKA ARA\u00c7 GURUBU OEM NO ORJ\u0130NAL\u0130 SAB\u0130T VOLMERK KODU OPEL ASTRA G &#8211; VECTRA CX16-XEL 616169 S VM OP 402-K ASTRA G &#8211; VECTRA CX16-XEL SAB\u0130T VOLAN UYUMLU DEBR\u0130YAJ SET\u0130 S VM OP 402-BK FORD CONNECT 2024> 1.6 TDCI 95 PS 5 V\u0130TES RMDV61-7540-DC VOLAN NO: DV61-6375-AD S VM FR 730-K CONNECT 2024> [&hellip;]<\/p>\n","protected":false},"author":2,"featured_media":0,"parent":0,"menu_order":0,"comment_status":"closed","ping_status":"closed","template":"","meta":[],"yoast_head":"<!-- This site is optimized with the Yoast SEO plugin v20.2.1 - https:\/\/yoast.com\/wordpress\/plugins\/seo\/ -->\n<title>(S) ORJ\u0130NAL\u0130 SAB\u0130T K\u0130TL\u0130 VOLAN - Volmerk Volan \u00dcretim ve Sat\u0131\u015f<\/title>\n<meta name=\"robots\" content=\"index, follow, max-snippet:-1, max-image-preview:large, max-video-preview:-1\" \/>\n<link rel=\"canonical\" href=\"https:\/\/volmerk.com\/s-orjinali-sabit-kitli-volan\/\" \/>\n<meta property=\"og:locale\" content=\"en_GB\" \/>\n<meta property=\"og:type\" content=\"article\" \/>\n<meta property=\"og:title\" content=\"(S) ORJ\u0130NAL\u0130 SAB\u0130T K\u0130TL\u0130 VOLAN\" \/>\n<meta property=\"og:description\" content=\"[vc_row][vc_column][vc_single_image image=&#8221;1659&#8243;][\/vc_column][\/vc_row][vc_row][vc_column][vc_column_text] MARKA ARA\u00c7 GURUBU OEM NO ORJ\u0130NAL\u0130 SAB\u0130T VOLMERK KODU OPEL ASTRA G &#8211; VECTRA CX16-XEL 616169 S VM OP 402-K ASTRA G &#8211; VECTRA CX16-XEL SAB\u0130T VOLAN UYUMLU DEBR\u0130YAJ SET\u0130 S VM OP 402-BK FORD CONNECT 2024&gt; 1.6 TDCI 95 PS 5 V\u0130TES RMDV61-7540-DC VOLAN NO: DV61-6375-AD S VM FR 730-K CONNECT 2024&gt; [&hellip;]\" \/>\n<meta property=\"og:url\" content=\"https:\/\/volmerk.com\/s-orjinali-sabit-kitli-volan\/\" \/>\n<meta property=\"og:site_name\" content=\"Volmerk Volan \u00dcretim ve Sat\u0131\u015f\" \/>\n<meta property=\"article:modified_time\" content=\"2025-05-11T19:50:39+00:00\" \/>\n<meta name=\"twitter:card\" content=\"summary_large_image\" \/>\n<meta name=\"twitter:label1\" content=\"Estimated reading time\" \/>\n\t<meta name=\"twitter:data1\" content=\"2 minutes\" \/>\n<script type=\"application\/ld+json\" class=\"yoast-schema-graph\">{\"@context\":\"https:\/\/schema.org\",\"@graph\":[{\"@type\":\"WebPage\",\"@id\":\"https:\/\/volmerk.com\/s-orjinali-sabit-kitli-volan\/\",\"url\":\"https:\/\/volmerk.com\/s-orjinali-sabit-kitli-volan\/\",\"name\":\"[:tr](S) ORJ\u0130NAL\u0130 SAB\u0130T K\u0130TL\u0130 VOLAN[:] - Volmerk Volan \u00dcretim ve Sat\u0131\u015f\",\"isPartOf\":{\"@id\":\"https:\/\/volmerk.com\/#website\"},\"datePublished\":\"2025-05-11T19:30:10+00:00\",\"dateModified\":\"2025-05-11T19:50:39+00:00\",\"breadcrumb\":{\"@id\":\"https:\/\/volmerk.com\/s-orjinali-sabit-kitli-volan\/#breadcrumb\"},\"inLanguage\":\"en-GB\",\"potentialAction\":[{\"@type\":\"ReadAction\",\"target\":[\"https:\/\/volmerk.com\/s-orjinali-sabit-kitli-volan\/\"]}]},{\"@type\":\"BreadcrumbList\",\"@id\":\"https:\/\/volmerk.com\/s-orjinali-sabit-kitli-volan\/#breadcrumb\",\"itemListElement\":[{\"@type\":\"ListItem\",\"position\":1,\"name\":\"Anasayfa\",\"item\":\"https:\/\/volmerk.com\/\"},{\"@type\":\"ListItem\",\"position\":2,\"name\":\"(S) ORJ\u0130NAL\u0130 SAB\u0130T K\u0130TL\u0130 VOLAN\"}]},{\"@type\":\"WebSite\",\"@id\":\"https:\/\/volmerk.com\/#website\",\"url\":\"https:\/\/volmerk.com\/\",\"name\":\"Volmerk Volan \u00dcretim ve Sat\u0131\u015f\",\"description\":\"Flywheel Manufacturer T\u00fcrkiye\",\"publisher\":{\"@id\":\"https:\/\/volmerk.com\/#organization\"},\"potentialAction\":[{\"@type\":\"SearchAction\",\"target\":{\"@type\":\"EntryPoint\",\"urlTemplate\":\"https:\/\/volmerk.com\/?s={search_term_string}\"},\"query-input\":\"required name=search_term_string\"}],\"inLanguage\":\"en-GB\"},{\"@type\":\"Organization\",\"@id\":\"https:\/\/volmerk.com\/#organization\",\"name\":\"Volmerk Volan \u00dcretim ve Sat\u0131\u015f\",\"url\":\"https:\/\/volmerk.com\/\",\"logo\":{\"@type\":\"ImageObject\",\"inLanguage\":\"en-GB\",\"@id\":\"https:\/\/volmerk.com\/#\/schema\/logo\/image\/\",\"url\":\"https:\/\/volmerk.com\/wp-content\/uploads\/2023\/02\/volmerk-kurumsal-logo.png\",\"contentUrl\":\"https:\/\/volmerk.com\/wp-content\/uploads\/2023\/02\/volmerk-kurumsal-logo.png\",\"width\":220,\"height\":57,\"caption\":\"Volmerk Volan \u00dcretim ve Sat\u0131\u015f\"},\"image\":{\"@id\":\"https:\/\/volmerk.com\/#\/schema\/logo\/image\/\"}}]}<\/script>\n<!-- \/ Yoast SEO plugin. -->","yoast_head_json":{"title":"(S) ORJ\u0130NAL\u0130 SAB\u0130T K\u0130TL\u0130 VOLAN - Volmerk Volan \u00dcretim ve Sat\u0131\u015f","robots":{"index":"index","follow":"follow","max-snippet":"max-snippet:-1","max-image-preview":"max-image-preview:large","max-video-preview":"max-video-preview:-1"},"canonical":"https:\/\/volmerk.com\/s-orjinali-sabit-kitli-volan\/","og_locale":"en_GB","og_type":"article","og_title":"[:tr](S) ORJ\u0130NAL\u0130 SAB\u0130T K\u0130TL\u0130 VOLAN[:] - Volmerk Volan \u00dcretim ve Sat\u0131\u015f","og_description":"[vc_row][vc_column][vc_single_image image=&#8221;1659&#8243;][\/vc_column][\/vc_row][vc_row][vc_column][vc_column_text] MARKA ARA\u00c7 GURUBU OEM NO ORJ\u0130NAL\u0130 SAB\u0130T VOLMERK KODU OPEL ASTRA G &#8211; VECTRA CX16-XEL 616169 S VM OP 402-K ASTRA G &#8211; VECTRA CX16-XEL SAB\u0130T VOLAN UYUMLU DEBR\u0130YAJ SET\u0130 S VM OP 402-BK FORD CONNECT 2024> 1.6 TDCI 95 PS 5 V\u0130TES RMDV61-7540-DC VOLAN NO: DV61-6375-AD S VM FR 730-K CONNECT 2024> [&hellip;]","og_url":"https:\/\/volmerk.com\/s-orjinali-sabit-kitli-volan\/","og_site_name":"Volmerk Volan \u00dcretim ve Sat\u0131\u015f","article_modified_time":"2025-05-11T19:50:39+00:00","twitter_card":"summary_large_image","twitter_misc":{"Estimated reading time":"2 minutes"},"schema":{"@context":"https:\/\/schema.org","@graph":[{"@type":"WebPage","@id":"https:\/\/volmerk.com\/s-orjinali-sabit-kitli-volan\/","url":"https:\/\/volmerk.com\/s-orjinali-sabit-kitli-volan\/","name":"[:tr](S) ORJ\u0130NAL\u0130 SAB\u0130T K\u0130TL\u0130 VOLAN[:] - Volmerk Volan \u00dcretim ve Sat\u0131\u015f","isPartOf":{"@id":"https:\/\/volmerk.com\/#website"},"datePublished":"2025-05-11T19:30:10+00:00","dateModified":"2025-05-11T19:50:39+00:00","breadcrumb":{"@id":"https:\/\/volmerk.com\/s-orjinali-sabit-kitli-volan\/#breadcrumb"},"inLanguage":"en-GB","potentialAction":[{"@type":"ReadAction","target":["https:\/\/volmerk.com\/s-orjinali-sabit-kitli-volan\/"]}]},{"@type":"BreadcrumbList","@id":"https:\/\/volmerk.com\/s-orjinali-sabit-kitli-volan\/#breadcrumb","itemListElement":[{"@type":"ListItem","position":1,"name":"Anasayfa","item":"https:\/\/volmerk.com\/"},{"@type":"ListItem","position":2,"name":"(S) ORJ\u0130NAL\u0130 SAB\u0130T K\u0130TL\u0130 VOLAN"}]},{"@type":"WebSite","@id":"https:\/\/volmerk.com\/#website","url":"https:\/\/volmerk.com\/","name":"Volmerk Volan \u00dcretim ve Sat\u0131\u015f","description":"Flywheel Manufacturer T\u00fcrkiye","publisher":{"@id":"https:\/\/volmerk.com\/#organization"},"potentialAction":[{"@type":"SearchAction","target":{"@type":"EntryPoint","urlTemplate":"https:\/\/volmerk.com\/?s={search_term_string}"},"query-input":"required name=search_term_string"}],"inLanguage":"en-GB"},{"@type":"Organization","@id":"https:\/\/volmerk.com\/#organization","name":"Volmerk Volan \u00dcretim ve Sat\u0131\u015f","url":"https:\/\/volmerk.com\/","logo":{"@type":"ImageObject","inLanguage":"en-GB","@id":"https:\/\/volmerk.com\/#\/schema\/logo\/image\/","url":"https:\/\/volmerk.com\/wp-content\/uploads\/2023\/02\/volmerk-kurumsal-logo.png","contentUrl":"https:\/\/volmerk.com\/wp-content\/uploads\/2023\/02\/volmerk-kurumsal-logo.png","width":220,"height":57,"caption":"Volmerk Volan \u00dcretim ve Sat\u0131\u015f"},"image":{"@id":"https:\/\/volmerk.com\/#\/schema\/logo\/image\/"}}]}},"_links":{"self":[{"href":"https:\/\/volmerk.com\/en\/wp-json\/wp\/v2\/pages\/1833"}],"collection":[{"href":"https:\/\/volmerk.com\/en\/wp-json\/wp\/v2\/pages"}],"about":[{"href":"https:\/\/volmerk.com\/en\/wp-json\/wp\/v2\/types\/page"}],"author":[{"embeddable":true,"href":"https:\/\/volmerk.com\/en\/wp-json\/wp\/v2\/users\/2"}],"replies":[{"embeddable":true,"href":"https:\/\/volmerk.com\/en\/wp-json\/wp\/v2\/comments?post=1833"}],"version-history":[{"count":7,"href":"https:\/\/volmerk.com\/en\/wp-json\/wp\/v2\/pages\/1833\/revisions"}],"predecessor-version":[{"id":1845,"href":"https:\/\/volmerk.com\/en\/wp-json\/wp\/v2\/pages\/1833\/revisions\/1845"}],"wp:attachment":[{"href":"https:\/\/volmerk.com\/en\/wp-json\/wp\/v2\/media?parent=1833"}],"curies":[{"name":"wp","href":"https:\/\/api.w.org\/{rel}","templated":true}]}}