{"id":1218,"date":"2023-02-12T20:34:48","date_gmt":"2023-02-12T20:34:48","guid":{"rendered":"https:\/\/volmerk.com\/?page_id=1218"},"modified":"2024-01-18T11:43:44","modified_gmt":"2024-01-18T11:43:44","slug":"iletisim","status":"publish","type":"page","link":"https:\/\/volmerk.com\/es\/iletisim\/","title":{"rendered":"\u0130leti\u015fim"},"content":{"rendered":"<p>[vc_row][vc_column width=\u00bb1\/2&#8243;][vc_text_separator title=\u00bb\u0130LET\u0130\u015e\u0130M B\u0130LG\u0130LER\u0130M\u0130Z\u00bb color=\u00bbblue\u00bb][vc_empty_space height=\u00bb15&#8243;][vc_column_text]<span style=\"color: #000000;\"><strong>Merkez:<\/strong> Kaz\u0131mdirik Mh. 302 Sokak No :57\/A 2. Sanayi Sitesi Bornova \/ \u0130ZM\u0130R -T\u00dcRK\u0130YE<br \/>\n<strong>Fabrika:<\/strong> Armutlu 85.Y\u0131l Cumhuriyet Mh. S\u00f6\u011f\u00fctl\u00fc \u00c7e\u015fme Sk. No: 6<br \/>\nKemalpa\u015fa \u2013 \u0130zmir \/ T\u00dcRK\u0130YE<br \/>\n<strong>Telefon:<\/strong> +90 (542) 580 60 48<\/span><br \/>\n<span style=\"color: #000000;\"><strong>E-mail:<\/strong> <a href=\"mailto:info@volmerk.com\">info@volmerk.com<\/a><\/span>[\/vc_column_text][vc_empty_space height=\u00bb15&#8243;][vc_text_separator title=\u00bbYOL TAR\u0130F\u0130\u00bb color=\u00bbblue\u00bb][vc_empty_space height=\u00bb15&#8243;][vc_gmaps link=\u00bb#E-8_JTNDaWZyYW1lJTIwc3JjJTNEJTIyaHR0cHMlM0ElMkYlMkZ3d3cuZ29vZ2xlLmNvbSUyRm1hcHMlMkZlbWJlZCUzRnBiJTNEJTIxMW0xOCUyMTFtMTIlMjExbTMlMjExZDM5OTk4Ny4xNjAyMDQ4OTMzJTIxMmQyNi42MTMwOTMyNzM0Mzc0OTIlMjEzZDM4LjQ0Mzc4NTkwMDAwMDAxJTIxMm0zJTIxMWYwJTIxMmYwJTIxM2YwJTIxM20yJTIxMWkxMDI0JTIxMmk3NjglMjE0ZjEzLjElMjEzbTMlMjExbTIlMjExczB4MTRiYmMzOGZlMTY5MTFlNyUyNTNBMHg3ZWZmZjc2YmJiOGU4YmNlJTIxMnpWazlNVFVWU1N5QldUMHhCVGlERXNFMUJURUZVU1NCTlFVdkVzRTVCSUZaRklFOVVUMDFQVk1Td1ZpQlRRVTR1SUZURXNFTXV4TEJVU0M3RXNFaFNMa3hVUkM3Rm5sVEVzQzQlMjE1ZTAlMjEzbTIlMjExc3RyJTIxMnN0ciUyMTR2MTcwNDg5MTMzMTg5OCUyMTVtMiUyMTFzdHIlMjEyc3RyJTIyJTIwd2lkdGglM0QlMjI2MDAlMjIlMjBoZWlnaHQlM0QlMjI0NTAlMjIlMjBzdHlsZSUzRCUyMmJvcmRlciUzQTAlM0IlMjIlMjBhbGxvd2Z1bGxzY3JlZW4lM0QlMjIlMjIlMjBsb2FkaW5nJTNEJTIybGF6eSUyMiUyMHJlZmVycmVycG9saWN5JTNEJTIybm8tcmVmZXJyZXItd2hlbi1kb3duZ3JhZGUlMjIlM0UlM0MlMkZpZnJhbWUlM0U=\u00bb][vc_empty_space height=\u00bb15&#8243;][vc_gmaps link=\u00bb#E-8_JTNDaWZyYW1lJTIwc3JjJTNEJTIyaHR0cHMlM0ElMkYlMkZ3d3cuZ29vZ2xlLmNvbSUyRm1hcHMlMkZlbWJlZCUzRnBiJTNEJTIxMW0xOCUyMTFtMTIlMjExbTMlMjExZDMxMjQuODk5NjkwMzIwNjA2NiUyMTJkMjcuMTg3MzAwNTc1OTE1MDUzJTIxM2QzOC40NDM3ODU4NzE4MjQ0NSUyMTJtMyUyMTFmMCUyMTJmMCUyMTNmMCUyMTNtMiUyMTFpMTAyNCUyMTJpNzY4JTIxNGYxMy4xJTIxM20zJTIxMW0yJTIxMXMweDE0Yjk2Mzc0MDg1ODRlZTMlMjUzQTB4MTE5MmY0N2IzMmE4ZmZiNCUyMTJ6Vms5TVFVNVVJRlJCVGNTd1VpQkJWTU9XVEZsRlU4U3dJQ2hXVDB4TlJWSkxJRlpQVEVGT0lNU3dUVUZNUVZSSklFMUJTOFN3VGtFZ1ZrVWdUMVJQVFU5VXhMQldJRk5CVGk1VXhMQkRMc1N3VkVndXhMQklVaTVNVkVRdXhaNVV4TEF1S1ElMjE1ZTAlMjEzbTIlMjExc3RyJTIxMnN0ciUyMTR2MTcwNTU3NzkxNzI5MiUyMTVtMiUyMTFzdHIlMjEyc3RyJTIyJTIwd2lkdGglM0QlMjI2MDAlMjIlMjBoZWlnaHQlM0QlMjI0NTAlMjIlMjBzdHlsZSUzRCUyMmJvcmRlciUzQTAlM0IlMjIlMjBhbGxvd2Z1bGxzY3JlZW4lM0QlMjIlMjIlMjBsb2FkaW5nJTNEJTIybGF6eSUyMiUyMHJlZmVycmVycG9saWN5JTNEJTIybm8tcmVmZXJyZXItd2hlbi1kb3duZ3JhZGUlMjIlM0UlM0MlMkZpZnJhbWUlM0U=\u00bb][\/vc_column][vc_column width=\u00bb1\/2&#8243;][vc_text_separator title=\u00bb\u0130LET\u0130\u015e\u0130M FORMU\u00bb color=\u00bbblue\u00bb][vc_empty_space height=\u00bb15&#8243;][contact-form-7 id=\u00bb1329&#8243;][\/vc_column][\/vc_row]<\/p>\n","protected":false},"excerpt":{"rendered":"<p>[vc_row][vc_column width=\u00bb1\/2&#8243;][vc_text_separator title=\u00bb\u0130LET\u0130\u015e\u0130M B\u0130LG\u0130LER\u0130M\u0130Z\u00bb color=\u00bbblue\u00bb][vc_empty_space height=\u00bb15&#8243;][vc_column_text]Merkez: Kaz\u0131mdirik Mh. 302 Sokak No :57\/A 2. Sanayi Sitesi Bornova \/ \u0130ZM\u0130R -T\u00dcRK\u0130YE Fabrika: Armutlu 85.Y\u0131l Cumhuriyet Mh. S\u00f6\u011f\u00fctl\u00fc \u00c7e\u015fme Sk. No: 6 Kemalpa\u015fa \u2013 \u0130zmir \/ T\u00dcRK\u0130YE Telefon: +90 (542) 580 60 48 E-mail: info@volmerk.com[\/vc_column_text][vc_empty_space height=\u00bb15&#8243;][vc_text_separator title=\u00bbYOL TAR\u0130F\u0130\u00bb color=\u00bbblue\u00bb][vc_empty_space height=\u00bb15&#8243;][vc_gmaps link=\u00bb#E-8_JTNDaWZyYW1lJTIwc3JjJTNEJTIyaHR0cHMlM0ElMkYlMkZ3d3cuZ29vZ2xlLmNvbSUyRm1hcHMlMkZlbWJlZCUzRnBiJTNEJTIxMW0xOCUyMTFtMTIlMjExbTMlMjExZDM5OTk4Ny4xNjAyMDQ4OTMzJTIxMmQyNi42MTMwOTMyNzM0Mzc0OTIlMjEzZDM4LjQ0Mzc4NTkwMDAwMDAxJTIxMm0zJTIxMWYwJTIxMmYwJTIxM2YwJTIxM20yJTIxMWkxMDI0JTIxMmk3NjglMjE0ZjEzLjElMjEzbTMlMjExbTIlMjExczB4MTRiYmMzOGZlMTY5MTFlNyUyNTNBMHg3ZWZmZjc2YmJiOGU4YmNlJTIxMnpWazlNVFVWU1N5QldUMHhCVGlERXNFMUJURUZVU1NCTlFVdkVzRTVCSUZaRklFOVVUMDFQVk1Td1ZpQlRRVTR1SUZURXNFTXV4TEJVU0M3RXNFaFNMa3hVUkM3Rm5sVEVzQzQlMjE1ZTAlMjEzbTIlMjExc3RyJTIxMnN0ciUyMTR2MTcwNDg5MTMzMTg5OCUyMTVtMiUyMTFzdHIlMjEyc3RyJTIyJTIwd2lkdGglM0QlMjI2MDAlMjIlMjBoZWlnaHQlM0QlMjI0NTAlMjIlMjBzdHlsZSUzRCUyMmJvcmRlciUzQTAlM0IlMjIlMjBhbGxvd2Z1bGxzY3JlZW4lM0QlMjIlMjIlMjBsb2FkaW5nJTNEJTIybGF6eSUyMiUyMHJlZmVycmVycG9saWN5JTNEJTIybm8tcmVmZXJyZXItd2hlbi1kb3duZ3JhZGUlMjIlM0UlM0MlMkZpZnJhbWUlM0U=\u00bb][vc_empty_space height=\u00bb15&#8243;][vc_gmaps link=\u00bb#E-8_JTNDaWZyYW1lJTIwc3JjJTNEJTIyaHR0cHMlM0ElMkYlMkZ3d3cuZ29vZ2xlLmNvbSUyRm1hcHMlMkZlbWJlZCUzRnBiJTNEJTIxMW0xOCUyMTFtMTIlMjExbTMlMjExZDMxMjQuODk5NjkwMzIwNjA2NiUyMTJkMjcuMTg3MzAwNTc1OTE1MDUzJTIxM2QzOC40NDM3ODU4NzE4MjQ0NSUyMTJtMyUyMTFmMCUyMTJmMCUyMTNmMCUyMTNtMiUyMTFpMTAyNCUyMTJpNzY4JTIxNGYxMy4xJTIxM20zJTIxMW0yJTIxMXMweDE0Yjk2Mzc0MDg1ODRlZTMlMjUzQTB4MTE5MmY0N2IzMmE4ZmZiNCUyMTJ6Vms5TVFVNVVJRlJCVGNTd1VpQkJWTU9XVEZsRlU4U3dJQ2hXVDB4TlJWSkxJRlpQVEVGT0lNU3dUVUZNUVZSSklFMUJTOFN3VGtFZ1ZrVWdUMVJQVFU5VXhMQldJRk5CVGk1VXhMQkRMc1N3VkVndXhMQklVaTVNVkVRdXhaNVV4TEF1S1ElMjE1ZTAlMjEzbTIlMjExc3RyJTIxMnN0ciUyMTR2MTcwNTU3NzkxNzI5MiUyMTVtMiUyMTFzdHIlMjEyc3RyJTIyJTIwd2lkdGglM0QlMjI2MDAlMjIlMjBoZWlnaHQlM0QlMjI0NTAlMjIlMjBzdHlsZSUzRCUyMmJvcmRlciUzQTAlM0IlMjIlMjBhbGxvd2Z1bGxzY3JlZW4lM0QlMjIlMjIlMjBsb2FkaW5nJTNEJTIybGF6eSUyMiUyMHJlZmVycmVycG9saWN5JTNEJTIybm8tcmVmZXJyZXItd2hlbi1kb3duZ3JhZGUlMjIlM0UlM0MlMkZpZnJhbWUlM0U=\u00bb][\/vc_column][vc_column width=\u00bb1\/2&#8243;][vc_text_separator title=\u00bb\u0130LET\u0130\u015e\u0130M FORMU\u00bb color=\u00bbblue\u00bb][vc_empty_space height=\u00bb15&#8243;][contact-form-7 [&hellip;]<\/p>\n","protected":false},"author":2,"featured_media":0,"parent":0,"menu_order":0,"comment_status":"closed","ping_status":"closed","template":"","meta":[],"yoast_head":"<!-- This site is optimized with the Yoast SEO plugin v20.2.1 - https:\/\/yoast.com\/wordpress\/plugins\/seo\/ -->\n<title>\u0130leti\u015fim - Volmerk Volan \u00dcretim ve Sat\u0131\u015f<\/title>\n<meta name=\"robots\" content=\"index, follow, max-snippet:-1, max-image-preview:large, max-video-preview:-1\" \/>\n<link rel=\"canonical\" href=\"https:\/\/volmerk.com\/iletisim\/\" \/>\n<meta property=\"og:locale\" content=\"es_ES\" \/>\n<meta property=\"og:type\" content=\"article\" \/>\n<meta property=\"og:title\" content=\"\u0130leti\u015fim - Volmerk Volan \u00dcretim ve Sat\u0131\u015f\" \/>\n<meta property=\"og:description\" content=\"[vc_row][vc_column width=\u00bb1\/2&#8243;][vc_text_separator title=\u00bb\u0130LET\u0130\u015e\u0130M B\u0130LG\u0130LER\u0130M\u0130Z\u00bb color=\u00bbblue\u00bb][vc_empty_space height=\u00bb15&#8243;][vc_column_text]Merkez: Kaz\u0131mdirik Mh. 302 Sokak No :57\/A 2. Sanayi Sitesi Bornova \/ \u0130ZM\u0130R -T\u00dcRK\u0130YE Fabrika: Armutlu 85.Y\u0131l Cumhuriyet Mh. S\u00f6\u011f\u00fctl\u00fc \u00c7e\u015fme Sk. No: 6 Kemalpa\u015fa \u2013 \u0130zmir \/ T\u00dcRK\u0130YE Telefon: +90 (542) 580 60 48 E-mail: info@volmerk.com[\/vc_column_text][vc_empty_space height=\u00bb15&#8243;][vc_text_separator title=\u00bbYOL TAR\u0130F\u0130\u00bb color=\u00bbblue\u00bb][vc_empty_space height=\u00bb15&#8243;][vc_gmaps link=\u00bb#E-8_JTNDaWZyYW1lJTIwc3JjJTNEJTIyaHR0cHMlM0ElMkYlMkZ3d3cuZ29vZ2xlLmNvbSUyRm1hcHMlMkZlbWJlZCUzRnBiJTNEJTIxMW0xOCUyMTFtMTIlMjExbTMlMjExZDM5OTk4Ny4xNjAyMDQ4OTMzJTIxMmQyNi42MTMwOTMyNzM0Mzc0OTIlMjEzZDM4LjQ0Mzc4NTkwMDAwMDAxJTIxMm0zJTIxMWYwJTIxMmYwJTIxM2YwJTIxM20yJTIxMWkxMDI0JTIxMmk3NjglMjE0ZjEzLjElMjEzbTMlMjExbTIlMjExczB4MTRiYmMzOGZlMTY5MTFlNyUyNTNBMHg3ZWZmZjc2YmJiOGU4YmNlJTIxMnpWazlNVFVWU1N5QldUMHhCVGlERXNFMUJURUZVU1NCTlFVdkVzRTVCSUZaRklFOVVUMDFQVk1Td1ZpQlRRVTR1SUZURXNFTXV4TEJVU0M3RXNFaFNMa3hVUkM3Rm5sVEVzQzQlMjE1ZTAlMjEzbTIlMjExc3RyJTIxMnN0ciUyMTR2MTcwNDg5MTMzMTg5OCUyMTVtMiUyMTFzdHIlMjEyc3RyJTIyJTIwd2lkdGglM0QlMjI2MDAlMjIlMjBoZWlnaHQlM0QlMjI0NTAlMjIlMjBzdHlsZSUzRCUyMmJvcmRlciUzQTAlM0IlMjIlMjBhbGxvd2Z1bGxzY3JlZW4lM0QlMjIlMjIlMjBsb2FkaW5nJTNEJTIybGF6eSUyMiUyMHJlZmVycmVycG9saWN5JTNEJTIybm8tcmVmZXJyZXItd2hlbi1kb3duZ3JhZGUlMjIlM0UlM0MlMkZpZnJhbWUlM0U=\u00bb][vc_empty_space height=\u00bb15&#8243;][vc_gmaps link=\u00bb#E-8_JTNDaWZyYW1lJTIwc3JjJTNEJTIyaHR0cHMlM0ElMkYlMkZ3d3cuZ29vZ2xlLmNvbSUyRm1hcHMlMkZlbWJlZCUzRnBiJTNEJTIxMW0xOCUyMTFtMTIlMjExbTMlMjExZDMxMjQuODk5NjkwMzIwNjA2NiUyMTJkMjcuMTg3MzAwNTc1OTE1MDUzJTIxM2QzOC40NDM3ODU4NzE4MjQ0NSUyMTJtMyUyMTFmMCUyMTJmMCUyMTNmMCUyMTNtMiUyMTFpMTAyNCUyMTJpNzY4JTIxNGYxMy4xJTIxM20zJTIxMW0yJTIxMXMweDE0Yjk2Mzc0MDg1ODRlZTMlMjUzQTB4MTE5MmY0N2IzMmE4ZmZiNCUyMTJ6Vms5TVFVNVVJRlJCVGNTd1VpQkJWTU9XVEZsRlU4U3dJQ2hXVDB4TlJWSkxJRlpQVEVGT0lNU3dUVUZNUVZSSklFMUJTOFN3VGtFZ1ZrVWdUMVJQVFU5VXhMQldJRk5CVGk1VXhMQkRMc1N3VkVndXhMQklVaTVNVkVRdXhaNVV4TEF1S1ElMjE1ZTAlMjEzbTIlMjExc3RyJTIxMnN0ciUyMTR2MTcwNTU3NzkxNzI5MiUyMTVtMiUyMTFzdHIlMjEyc3RyJTIyJTIwd2lkdGglM0QlMjI2MDAlMjIlMjBoZWlnaHQlM0QlMjI0NTAlMjIlMjBzdHlsZSUzRCUyMmJvcmRlciUzQTAlM0IlMjIlMjBhbGxvd2Z1bGxzY3JlZW4lM0QlMjIlMjIlMjBsb2FkaW5nJTNEJTIybGF6eSUyMiUyMHJlZmVycmVycG9saWN5JTNEJTIybm8tcmVmZXJyZXItd2hlbi1kb3duZ3JhZGUlMjIlM0UlM0MlMkZpZnJhbWUlM0U=\u00bb][\/vc_column][vc_column width=\u00bb1\/2&#8243;][vc_text_separator title=\u00bb\u0130LET\u0130\u015e\u0130M FORMU\u00bb color=\u00bbblue\u00bb][vc_empty_space height=\u00bb15&#8243;][contact-form-7 [&hellip;]\" \/>\n<meta property=\"og:url\" content=\"https:\/\/volmerk.com\/iletisim\/\" \/>\n<meta property=\"og:site_name\" content=\"Volmerk Volan \u00dcretim ve Sat\u0131\u015f\" \/>\n<meta property=\"article:modified_time\" content=\"2024-01-18T11:43:44+00:00\" \/>\n<meta name=\"twitter:card\" content=\"summary_large_image\" \/>\n<meta name=\"twitter:label1\" content=\"Tiempo de lectura\" \/>\n\t<meta name=\"twitter:data1\" content=\"1 minuto\" \/>\n<script type=\"application\/ld+json\" class=\"yoast-schema-graph\">{\"@context\":\"https:\/\/schema.org\",\"@graph\":[{\"@type\":\"WebPage\",\"@id\":\"https:\/\/volmerk.com\/iletisim\/\",\"url\":\"https:\/\/volmerk.com\/iletisim\/\",\"name\":\"\u0130leti\u015fim - Volmerk Volan \u00dcretim ve Sat\u0131\u015f\",\"isPartOf\":{\"@id\":\"https:\/\/volmerk.com\/#website\"},\"datePublished\":\"2023-02-12T20:34:48+00:00\",\"dateModified\":\"2024-01-18T11:43:44+00:00\",\"breadcrumb\":{\"@id\":\"https:\/\/volmerk.com\/iletisim\/#breadcrumb\"},\"inLanguage\":\"es-ES\",\"potentialAction\":[{\"@type\":\"ReadAction\",\"target\":[\"https:\/\/volmerk.com\/iletisim\/\"]}]},{\"@type\":\"BreadcrumbList\",\"@id\":\"https:\/\/volmerk.com\/iletisim\/#breadcrumb\",\"itemListElement\":[{\"@type\":\"ListItem\",\"position\":1,\"name\":\"Anasayfa\",\"item\":\"https:\/\/volmerk.com\/\"},{\"@type\":\"ListItem\",\"position\":2,\"name\":\"\u0130leti\u015fim\"}]},{\"@type\":\"WebSite\",\"@id\":\"https:\/\/volmerk.com\/#website\",\"url\":\"https:\/\/volmerk.com\/\",\"name\":\"Volmerk Volan \u00dcretim ve Sat\u0131\u015f\",\"description\":\"Flywheel Manufacturer T\u00fcrkiye\",\"publisher\":{\"@id\":\"https:\/\/volmerk.com\/#organization\"},\"potentialAction\":[{\"@type\":\"SearchAction\",\"target\":{\"@type\":\"EntryPoint\",\"urlTemplate\":\"https:\/\/volmerk.com\/?s={search_term_string}\"},\"query-input\":\"required name=search_term_string\"}],\"inLanguage\":\"es-ES\"},{\"@type\":\"Organization\",\"@id\":\"https:\/\/volmerk.com\/#organization\",\"name\":\"Volmerk Volan \u00dcretim ve Sat\u0131\u015f\",\"url\":\"https:\/\/volmerk.com\/\",\"logo\":{\"@type\":\"ImageObject\",\"inLanguage\":\"es-ES\",\"@id\":\"https:\/\/volmerk.com\/#\/schema\/logo\/image\/\",\"url\":\"https:\/\/volmerk.com\/wp-content\/uploads\/2023\/02\/volmerk-kurumsal-logo.png\",\"contentUrl\":\"https:\/\/volmerk.com\/wp-content\/uploads\/2023\/02\/volmerk-kurumsal-logo.png\",\"width\":220,\"height\":57,\"caption\":\"Volmerk Volan \u00dcretim ve Sat\u0131\u015f\"},\"image\":{\"@id\":\"https:\/\/volmerk.com\/#\/schema\/logo\/image\/\"}}]}<\/script>\n<!-- \/ Yoast SEO plugin. -->","yoast_head_json":{"title":"\u0130leti\u015fim - Volmerk Volan \u00dcretim ve Sat\u0131\u015f","robots":{"index":"index","follow":"follow","max-snippet":"max-snippet:-1","max-image-preview":"max-image-preview:large","max-video-preview":"max-video-preview:-1"},"canonical":"https:\/\/volmerk.com\/iletisim\/","og_locale":"es_ES","og_type":"article","og_title":"\u0130leti\u015fim - Volmerk Volan \u00dcretim ve Sat\u0131\u015f","og_description":"[vc_row][vc_column width=\u00bb1\/2&#8243;][vc_text_separator title=\u00bb\u0130LET\u0130\u015e\u0130M B\u0130LG\u0130LER\u0130M\u0130Z\u00bb color=\u00bbblue\u00bb][vc_empty_space height=\u00bb15&#8243;][vc_column_text]Merkez: Kaz\u0131mdirik Mh. 302 Sokak No :57\/A 2. Sanayi Sitesi Bornova \/ \u0130ZM\u0130R -T\u00dcRK\u0130YE Fabrika: Armutlu 85.Y\u0131l Cumhuriyet Mh. S\u00f6\u011f\u00fctl\u00fc \u00c7e\u015fme Sk. No: 6 Kemalpa\u015fa \u2013 \u0130zmir \/ T\u00dcRK\u0130YE Telefon: +90 (542) 580 60 48 E-mail: info@volmerk.com[\/vc_column_text][vc_empty_space height=\u00bb15&#8243;][vc_text_separator title=\u00bbYOL TAR\u0130F\u0130\u00bb color=\u00bbblue\u00bb][vc_empty_space height=\u00bb15&#8243;][vc_gmaps link=\u00bb#E-8_JTNDaWZyYW1lJTIwc3JjJTNEJTIyaHR0cHMlM0ElMkYlMkZ3d3cuZ29vZ2xlLmNvbSUyRm1hcHMlMkZlbWJlZCUzRnBiJTNEJTIxMW0xOCUyMTFtMTIlMjExbTMlMjExZDM5OTk4Ny4xNjAyMDQ4OTMzJTIxMmQyNi42MTMwOTMyNzM0Mzc0OTIlMjEzZDM4LjQ0Mzc4NTkwMDAwMDAxJTIxMm0zJTIxMWYwJTIxMmYwJTIxM2YwJTIxM20yJTIxMWkxMDI0JTIxMmk3NjglMjE0ZjEzLjElMjEzbTMlMjExbTIlMjExczB4MTRiYmMzOGZlMTY5MTFlNyUyNTNBMHg3ZWZmZjc2YmJiOGU4YmNlJTIxMnpWazlNVFVWU1N5QldUMHhCVGlERXNFMUJURUZVU1NCTlFVdkVzRTVCSUZaRklFOVVUMDFQVk1Td1ZpQlRRVTR1SUZURXNFTXV4TEJVU0M3RXNFaFNMa3hVUkM3Rm5sVEVzQzQlMjE1ZTAlMjEzbTIlMjExc3RyJTIxMnN0ciUyMTR2MTcwNDg5MTMzMTg5OCUyMTVtMiUyMTFzdHIlMjEyc3RyJTIyJTIwd2lkdGglM0QlMjI2MDAlMjIlMjBoZWlnaHQlM0QlMjI0NTAlMjIlMjBzdHlsZSUzRCUyMmJvcmRlciUzQTAlM0IlMjIlMjBhbGxvd2Z1bGxzY3JlZW4lM0QlMjIlMjIlMjBsb2FkaW5nJTNEJTIybGF6eSUyMiUyMHJlZmVycmVycG9saWN5JTNEJTIybm8tcmVmZXJyZXItd2hlbi1kb3duZ3JhZGUlMjIlM0UlM0MlMkZpZnJhbWUlM0U=\u00bb][vc_empty_space height=\u00bb15&#8243;][vc_gmaps link=\u00bb#E-8_JTNDaWZyYW1lJTIwc3JjJTNEJTIyaHR0cHMlM0ElMkYlMkZ3d3cuZ29vZ2xlLmNvbSUyRm1hcHMlMkZlbWJlZCUzRnBiJTNEJTIxMW0xOCUyMTFtMTIlMjExbTMlMjExZDMxMjQuODk5NjkwMzIwNjA2NiUyMTJkMjcuMTg3MzAwNTc1OTE1MDUzJTIxM2QzOC40NDM3ODU4NzE4MjQ0NSUyMTJtMyUyMTFmMCUyMTJmMCUyMTNmMCUyMTNtMiUyMTFpMTAyNCUyMTJpNzY4JTIxNGYxMy4xJTIxM20zJTIxMW0yJTIxMXMweDE0Yjk2Mzc0MDg1ODRlZTMlMjUzQTB4MTE5MmY0N2IzMmE4ZmZiNCUyMTJ6Vms5TVFVNVVJRlJCVGNTd1VpQkJWTU9XVEZsRlU4U3dJQ2hXVDB4TlJWSkxJRlpQVEVGT0lNU3dUVUZNUVZSSklFMUJTOFN3VGtFZ1ZrVWdUMVJQVFU5VXhMQldJRk5CVGk1VXhMQkRMc1N3VkVndXhMQklVaTVNVkVRdXhaNVV4TEF1S1ElMjE1ZTAlMjEzbTIlMjExc3RyJTIxMnN0ciUyMTR2MTcwNTU3NzkxNzI5MiUyMTVtMiUyMTFzdHIlMjEyc3RyJTIyJTIwd2lkdGglM0QlMjI2MDAlMjIlMjBoZWlnaHQlM0QlMjI0NTAlMjIlMjBzdHlsZSUzRCUyMmJvcmRlciUzQTAlM0IlMjIlMjBhbGxvd2Z1bGxzY3JlZW4lM0QlMjIlMjIlMjBsb2FkaW5nJTNEJTIybGF6eSUyMiUyMHJlZmVycmVycG9saWN5JTNEJTIybm8tcmVmZXJyZXItd2hlbi1kb3duZ3JhZGUlMjIlM0UlM0MlMkZpZnJhbWUlM0U=\u00bb][\/vc_column][vc_column width=\u00bb1\/2&#8243;][vc_text_separator title=\u00bb\u0130LET\u0130\u015e\u0130M FORMU\u00bb color=\u00bbblue\u00bb][vc_empty_space height=\u00bb15&#8243;][contact-form-7 [&hellip;]","og_url":"https:\/\/volmerk.com\/iletisim\/","og_site_name":"Volmerk Volan \u00dcretim ve Sat\u0131\u015f","article_modified_time":"2024-01-18T11:43:44+00:00","twitter_card":"summary_large_image","twitter_misc":{"Tiempo de lectura":"1 minuto"},"schema":{"@context":"https:\/\/schema.org","@graph":[{"@type":"WebPage","@id":"https:\/\/volmerk.com\/iletisim\/","url":"https:\/\/volmerk.com\/iletisim\/","name":"\u0130leti\u015fim - Volmerk Volan \u00dcretim ve Sat\u0131\u015f","isPartOf":{"@id":"https:\/\/volmerk.com\/#website"},"datePublished":"2023-02-12T20:34:48+00:00","dateModified":"2024-01-18T11:43:44+00:00","breadcrumb":{"@id":"https:\/\/volmerk.com\/iletisim\/#breadcrumb"},"inLanguage":"es-ES","potentialAction":[{"@type":"ReadAction","target":["https:\/\/volmerk.com\/iletisim\/"]}]},{"@type":"BreadcrumbList","@id":"https:\/\/volmerk.com\/iletisim\/#breadcrumb","itemListElement":[{"@type":"ListItem","position":1,"name":"Anasayfa","item":"https:\/\/volmerk.com\/"},{"@type":"ListItem","position":2,"name":"\u0130leti\u015fim"}]},{"@type":"WebSite","@id":"https:\/\/volmerk.com\/#website","url":"https:\/\/volmerk.com\/","name":"Volmerk Volan \u00dcretim ve Sat\u0131\u015f","description":"Flywheel Manufacturer T\u00fcrkiye","publisher":{"@id":"https:\/\/volmerk.com\/#organization"},"potentialAction":[{"@type":"SearchAction","target":{"@type":"EntryPoint","urlTemplate":"https:\/\/volmerk.com\/?s={search_term_string}"},"query-input":"required name=search_term_string"}],"inLanguage":"es-ES"},{"@type":"Organization","@id":"https:\/\/volmerk.com\/#organization","name":"Volmerk Volan \u00dcretim ve Sat\u0131\u015f","url":"https:\/\/volmerk.com\/","logo":{"@type":"ImageObject","inLanguage":"es-ES","@id":"https:\/\/volmerk.com\/#\/schema\/logo\/image\/","url":"https:\/\/volmerk.com\/wp-content\/uploads\/2023\/02\/volmerk-kurumsal-logo.png","contentUrl":"https:\/\/volmerk.com\/wp-content\/uploads\/2023\/02\/volmerk-kurumsal-logo.png","width":220,"height":57,"caption":"Volmerk Volan \u00dcretim ve Sat\u0131\u015f"},"image":{"@id":"https:\/\/volmerk.com\/#\/schema\/logo\/image\/"}}]}},"_links":{"self":[{"href":"https:\/\/volmerk.com\/es\/wp-json\/wp\/v2\/pages\/1218"}],"collection":[{"href":"https:\/\/volmerk.com\/es\/wp-json\/wp\/v2\/pages"}],"about":[{"href":"https:\/\/volmerk.com\/es\/wp-json\/wp\/v2\/types\/page"}],"author":[{"embeddable":true,"href":"https:\/\/volmerk.com\/es\/wp-json\/wp\/v2\/users\/2"}],"replies":[{"embeddable":true,"href":"https:\/\/volmerk.com\/es\/wp-json\/wp\/v2\/comments?post=1218"}],"version-history":[{"count":12,"href":"https:\/\/volmerk.com\/es\/wp-json\/wp\/v2\/pages\/1218\/revisions"}],"predecessor-version":[{"id":1375,"href":"https:\/\/volmerk.com\/es\/wp-json\/wp\/v2\/pages\/1218\/revisions\/1375"}],"wp:attachment":[{"href":"https:\/\/volmerk.com\/es\/wp-json\/wp\/v2\/media?parent=1218"}],"curies":[{"name":"wp","href":"https:\/\/api.w.org\/{rel}","templated":true}]}}