{"id":1461,"date":"2024-02-06T06:46:48","date_gmt":"2024-02-06T06:46:48","guid":{"rendered":"https:\/\/volmerk.com\/?page_id=1461"},"modified":"2024-02-09T13:23:36","modified_gmt":"2024-02-09T13:23:36","slug":"peugeot-tek-kutleli-volan","status":"publish","type":"page","link":"https:\/\/volmerk.com\/es\/volan\/peugeot-tek-kutleli-volan\/","title":{"rendered":"Peugeot &#8211; Tek K\u00fctleli Volan"},"content":{"rendered":"<p>[vc_row][vc_column width=\u00bb1\/4&#8243;][vc_gallery type=\u00bbflexslider_slide\u00bb interval=\u00bb3&#8243; images=\u00bb1603,1604&#8243; img_size=\u00bbfull\u00bb][vc_column_text]<span style=\"color: #000000;\"><strong>Ara\u00e7: PEUGEOT<\/strong><\/span><br \/>\n<span style=\"color: #000000;\"><strong>Model:<\/strong> C3, C4, C5, 206, 207, 307, 308, 407, 1007, 3008, 5008, PARTNER TEEPE, VD6 1.6 110 CC<\/span><br \/>\n<span style=\"color: #000000;\"><strong>Volmerk Kodu:<\/strong> VM PC 501<\/span><br \/>\n<span style=\"color: #000000;\"><strong>Uyumlu Debriyaj No:<\/strong> 2050 H7 LUK 623 3042 00\/SACHS 3000 859 501 <\/span><br \/>\n<span style=\"color: #000000;\"><strong>Cross No:<\/strong> 0532Q4 SACHS 2294 000 291<\/span><br \/>\n<span style=\"color: #000000;\"><strong>\u00dcretici:<\/strong> VOLMERK<\/span>[\/vc_column_text][\/vc_column][vc_column width=\u00bb1\/4&#8243;][vc_gallery type=\u00bbflexslider_slide\u00bb interval=\u00bb3&#8243; images=\u00bb1607,1606&#8243; img_size=\u00bbfull\u00bb][vc_column_text]<span style=\"color: #000000;\"><strong>Ara\u00e7: PEUGEOT<\/strong><\/span><br \/>\n<span style=\"color: #000000;\"><strong>Model:<\/strong> JUMPY 2000 HDI, 307, 308, 407, 607, 508, 807, C4, C8, EXPERT 3 <\/span><br \/>\n<span style=\"color: #000000;\"><strong>Volmerk Kodu:<\/strong> VM PC 502<\/span><br \/>\n<span style=\"color: #000000;\"><strong>Uyumlu Debriyaj No:<\/strong> 828560\/2052.W1 LUK 624 3303 00\/SACHS 3000 951 874<\/span><br \/>\n<span style=\"color: #000000;\"><strong>Cross No:<\/strong> LUK 415 0320 10<\/span><br \/>\n<span style=\"color: #000000;\"><strong>\u00dcretici:<\/strong> VOLMERK<\/span>[\/vc_column_text][\/vc_column][vc_column width=\u00bb1\/4&#8243;][vc_gallery type=\u00bbflexslider_slide\u00bb interval=\u00bb3&#8243; images=\u00bb1608,1609&#8243; img_size=\u00bbfull\u00bb][vc_column_text]<span style=\"color: #000000;\"><strong>Ara\u00e7: PEUGEOT<\/strong><\/span><br \/>\n<span style=\"color: #000000;\"><strong>Model:<\/strong> JUMPER BOXER 3 2.2 120 CV ORIGINAL<\/span><br \/>\n<span style=\"color: #000000;\"><strong>Volmerk Kodu:<\/strong> VM PC 503<\/span><br \/>\n<span style=\"color: #000000;\"><strong>Uyumlu Debriyaj No:<\/strong> 9805856480\/LUK 626 3075 00 \/ 1606887780<\/span><br \/>\n<span style=\"color: #000000;\"><strong>Cross No:<\/strong> 9676436080<\/span><br \/>\n<span style=\"color: #000000;\"><strong>\u00dcretici:<\/strong> VOLMERK<\/span>[\/vc_column_text][\/vc_column][vc_column width=\u00bb1\/4&#8243;][vc_gallery type=\u00bbflexslider_slide\u00bb interval=\u00bb3&#8243; images=\u00bb1610,1611&#8243; img_size=\u00bbfull\u00bb][vc_column_text]<span style=\"color: #000000;\"><strong>Ara\u00e7: PEUGEOT<\/strong><\/span><br \/>\n<span style=\"color: #000000;\"><strong>Model:<\/strong> JUMPER BOXER 3 2.2 120 CV<\/span><br \/>\n<span style=\"color: #000000;\"><strong>Volmerk Kodu:<\/strong> VM PC 504<\/span><br \/>\n<span style=\"color: #000000;\"><strong>Uyumlu Debriyaj No:<\/strong> 9805856480\/LUK 626 3075 00 \/ 1606887780<\/span><br \/>\n<span style=\"color: #000000;\"><strong>Cross No:<\/strong> 0532Q8 \/ LUK 415 0372 10<\/span><br \/>\n<span style=\"color: #000000;\"><strong>\u00dcretici:<\/strong> VOLMERK<\/span>[\/vc_column_text][\/vc_column][vc_column][vc_empty_space][\/vc_column][\/vc_row][vc_row][vc_column width=\u00bb1\/4&#8243;][vc_gallery type=\u00bbflexslider_slide\u00bb interval=\u00bb3&#8243; images=\u00bb1613,1614&#8243; img_size=\u00bbfull\u00bb][vc_column_text]<span style=\"color: #000000;\"><strong>Ara\u00e7: PEUGEOT<\/strong><\/span><br \/>\n<span style=\"color: #000000;\"><strong>Model:<\/strong> JUMPER BOXER 2.2 100 CV<\/span><br \/>\n<span style=\"color: #000000;\"><strong>Volmerk Kodu:<\/strong> VM PC 506<\/span><br \/>\n<span style=\"color: #000000;\"><strong>Uyumlu Debriyaj No:<\/strong> 828560\/2052.W1 \/ LUK 624 3303 00 <\/span><br \/>\n<span style=\"color: #000000;\"><strong>Cross No:<\/strong> 9654507880<\/span><br \/>\n<span style=\"color: #000000;\"><strong>\u00dcretici:<\/strong> VOLMERK<\/span>[\/vc_column_text][\/vc_column][vc_column width=\u00bb1\/4&#8243;][vc_gallery type=\u00bbflexslider_slide\u00bb interval=\u00bb3&#8243; images=\u00bb1616,1617&#8243; img_size=\u00bbfull\u00bb][vc_column_text]<span style=\"color: #000000;\"><strong>Ara\u00e7: PEUGEOT<\/strong><\/span><br \/>\n<span style=\"color: #000000;\"><strong>Model:<\/strong> JUMPER BOXER 3 3.0 JTD<\/span><br \/>\n<span style=\"color: #000000;\"><strong>Volmerk Kodu:<\/strong> VM PC 508<\/span><br \/>\n<span style=\"color: #000000;\"><strong>Uyumlu Debriyaj No:<\/strong> VALEO 826933<\/span><br \/>\n<span style=\"color: #000000;\"><strong>Cross No:<\/strong> 0532R3 \/ LUK 415037510<\/span><br \/>\n<span style=\"color: #000000;\"><strong>\u00dcretici:<\/strong> VOLMERK<\/span>[\/vc_column_text][\/vc_column][vc_column width=\u00bb1\/4&#8243;][vc_gallery type=\u00bbflexslider_slide\u00bb interval=\u00bb3&#8243; images=\u00bb1618,1619&#8243; img_size=\u00bbfull\u00bb][vc_column_text]<span style=\"color: #000000;\"><strong>Ara\u00e7: PEUGEOT<\/strong><\/span><br \/>\n<span style=\"color: #000000;\"><strong>Model:<\/strong> C5-C8-EVASION-JUMPY-SCUDO-ULYSE-ZETA-406-607-806-807<\/span><br \/>\n<span style=\"color: #000000;\"><strong>Volmerk Kodu:<\/strong> VM PC 510<\/span><br \/>\n<span style=\"color: #000000;\"><strong>Uyumlu Debriyaj No:<\/strong> VALEO 826567-LUK 624 3214 00<\/span><br \/>\n<span style=\"color: #000000;\"><strong>Cross No:<\/strong> 0532.L0 \/ LUK 415 0138 10<\/span><br \/>\n<span style=\"color: #000000;\"><strong>\u00dcretici:<\/strong> VOLMERK<\/span>[\/vc_column_text][\/vc_column][vc_column width=\u00bb1\/4&#8243;][vc_gallery type=\u00bbflexslider_slide\u00bb interval=\u00bb3&#8243; images=\u00bb1620,1621&#8243; img_size=\u00bbfull\u00bb][vc_column_text]<span style=\"color: #000000;\"><strong>Ara\u00e7: PEUGEOT<\/strong><\/span><br \/>\n<span style=\"color: #000000;\"><strong>Model:<\/strong> CITROEN PEUGEOT 1.6 HDI EURO 5 301-308 C3-C4<\/span><br \/>\n<span style=\"color: #000000;\"><strong>Volmerk Kodu:<\/strong> VM PC 511<\/span><br \/>\n<span style=\"color: #000000;\"><strong>Uyumlu Debriyaj No:<\/strong> SACHS 3000 951 560\/1611268880<\/span><br \/>\n<span style=\"color: #000000;\"><strong>Cross No:<\/strong> 9686253980\/0532T2<\/span><br \/>\n<span style=\"color: #000000;\"><strong>\u00dcretici:<\/strong> VOLMERK<\/span>[\/vc_column_text][\/vc_column][vc_column][vc_empty_space][\/vc_column][\/vc_row][vc_row][vc_column width=\u00bb1\/4&#8243;][vc_gallery type=\u00bbflexslider_slide\u00bb interval=\u00bb3&#8243; images=\u00bb1532,1531&#8243; img_size=\u00bbfull\u00bb][vc_column_text]<span style=\"color: #000000;\"><strong>Ara\u00e7: PEUGEOT<\/strong><\/span><br \/>\n<span style=\"color: #000000;\"><strong>Model:<\/strong> JUMPY CITROEN EXPERT-4 2000HDI EURO6<\/span><br \/>\n<span style=\"color: #000000;\"><strong>Volmerk Kodu:<\/strong> VM PC 512<\/span><br \/>\n<span style=\"color: #000000;\"><strong>Uyumlu Debriyaj No:<\/strong> SACHS 3000 950 649\/2053.16<\/span><br \/>\n<span style=\"color: #000000;\"><strong>Cross No:<\/strong> 0532Y1 9675408280<\/span><br \/>\n<span style=\"color: #000000;\"><strong>\u00dcretici:<\/strong> VOLMERK<\/span>[\/vc_column_text][\/vc_column][vc_column width=\u00bb1\/4&#8243;][vc_gallery type=\u00bbflexslider_slide\u00bb interval=\u00bb3&#8243; images=\u00bb1532,1531&#8243; img_size=\u00bbfull\u00bb][vc_column_text]<span style=\"color: #000000;\"><strong>Ara\u00e7: PEUGEOT<\/strong><\/span><br \/>\n<span style=\"color: #000000;\"><strong>Model:<\/strong> BIPPER 1.4 HDI DW4<\/span><br \/>\n<span style=\"color: #000000;\"><strong>Volmerk Kodu:<\/strong> VM PC 513<\/span><br \/>\n<span style=\"color: #000000;\"><strong>Uyumlu Debriyaj No:<\/strong> SACHS 3000 950 679\/ 832263\/ 2053.09<\/span><br \/>\n<span style=\"color: #000000;\"><strong>Cross No:<\/strong> 9637569810\/0532L2<\/span><br \/>\n<span style=\"color: #000000;\"><strong>\u00dcretici:<\/strong> VOLMERK<\/span>[\/vc_column_text][\/vc_column][vc_column width=\u00bb1\/4&#8243;][vc_gallery type=\u00bbflexslider_slide\u00bb interval=\u00bb3&#8243; images=\u00bb1532,1531&#8243; img_size=\u00bbfull\u00bb][vc_column_text]<span style=\"color: #000000;\"><strong>Ara\u00e7: PEUGEOT<\/strong><\/span><br \/>\n<span style=\"color: #000000;\"><strong>Model:<\/strong> PEUGEOT-207-301_1,6-<\/span><br \/>\n<span style=\"color: #000000;\"><strong>Volmerk Kodu:<\/strong> VM PC 514<\/span><br \/>\n<span style=\"color: #000000;\"><strong>Uyumlu Debriyaj No:<\/strong> 826213 \/ 826211<\/span><br \/>\n<span style=\"color: #000000;\"><strong>Cross No:<\/strong> 0532K4<\/span><br \/>\n<span style=\"color: #000000;\"><strong>\u00dcretici:<\/strong> VOLMERK<\/span>[\/vc_column_text][\/vc_column][vc_column width=\u00bb1\/4&#8243;][vc_gallery type=\u00bbflexslider_slide\u00bb interval=\u00bb3&#8243; images=\u00bb1532,1531&#8243; img_size=\u00bbfull\u00bb][vc_column_text]<span style=\"color: #000000;\"><strong>Ara\u00e7: PEUGEOT<\/strong><\/span><br \/>\n<span style=\"color: #000000;\"><strong>Model:<\/strong> PEUGEOT BOXER JUMPER 2,0 EURO-6<\/span><br \/>\n<span style=\"color: #000000;\"><strong>Volmerk Kodu:<\/strong> VM PC 515<\/span><br \/>\n<span style=\"color: #000000;\"><strong>Uyumlu Debriyaj No:<\/strong> 9805856480\/1606887780<\/span><br \/>\n<span style=\"color: #000000;\"><strong>Cross No:<\/strong> 9805856380<\/span><br \/>\n<span style=\"color: #000000;\"><strong>\u00dcretici:<\/strong> VOLMERK<\/span>[\/vc_column_text][\/vc_column][vc_column][vc_empty_space][\/vc_column][\/vc_row]<\/p>\n","protected":false},"excerpt":{"rendered":"<p>[vc_row][vc_column width=\u00bb1\/4&#8243;][vc_gallery type=\u00bbflexslider_slide\u00bb interval=\u00bb3&#8243; images=\u00bb1603,1604&#8243; img_size=\u00bbfull\u00bb][vc_column_text]Ara\u00e7: PEUGEOT Model: C3, C4, C5, 206, 207, 307, 308, 407, 1007, 3008, 5008, PARTNER TEEPE, VD6 1.6 110 CC Volmerk Kodu: VM PC 501 Uyumlu Debriyaj No: 2050 H7 LUK 623 3042 00\/SACHS 3000 859 501 Cross No: 0532Q4 SACHS 2294 000 291 \u00dcretici: VOLMERK[\/vc_column_text][\/vc_column][vc_column width=\u00bb1\/4&#8243;][vc_gallery type=\u00bbflexslider_slide\u00bb interval=\u00bb3&#8243; images=\u00bb1607,1606&#8243; [&hellip;]<\/p>\n","protected":false},"author":2,"featured_media":0,"parent":1287,"menu_order":0,"comment_status":"closed","ping_status":"closed","template":"","meta":[],"yoast_head":"<!-- This site is optimized with the Yoast SEO plugin v20.2.1 - https:\/\/yoast.com\/wordpress\/plugins\/seo\/ -->\n<title>Peugeot - Tek K\u00fctleli Volan[:] - Volmerk Volan \u00dcretim ve Sat\u0131\u015f<\/title>\n<meta name=\"robots\" content=\"index, follow, max-snippet:-1, max-image-preview:large, max-video-preview:-1\" \/>\n<link rel=\"canonical\" href=\"https:\/\/volmerk.com\/volan\/peugeot-tek-kutleli-volan\/\" \/>\n<meta property=\"og:locale\" content=\"es_ES\" \/>\n<meta property=\"og:type\" content=\"article\" \/>\n<meta property=\"og:title\" content=\"Peugeot - Tek K\u00fctleli Volan\" \/>\n<meta property=\"og:description\" content=\"[vc_row][vc_column width=\u00bb1\/4&#8243;][vc_gallery type=\u00bbflexslider_slide\u00bb interval=\u00bb3&#8243; images=\u00bb1603,1604&#8243; img_size=\u00bbfull\u00bb][vc_column_text]Ara\u00e7: PEUGEOT Model: C3, C4, C5, 206, 207, 307, 308, 407, 1007, 3008, 5008, PARTNER TEEPE, VD6 1.6 110 CC Volmerk Kodu: VM PC 501 Uyumlu Debriyaj No: 2050 H7 LUK 623 3042 00\/SACHS 3000 859 501 Cross No: 0532Q4 SACHS 2294 000 291 \u00dcretici: VOLMERK[\/vc_column_text][\/vc_column][vc_column width=\u00bb1\/4&#8243;][vc_gallery type=\u00bbflexslider_slide\u00bb interval=\u00bb3&#8243; images=\u00bb1607,1606&#8243; [&hellip;]\" \/>\n<meta property=\"og:url\" content=\"https:\/\/volmerk.com\/volan\/peugeot-tek-kutleli-volan\/\" \/>\n<meta property=\"og:site_name\" content=\"Volmerk Volan \u00dcretim ve Sat\u0131\u015f\" \/>\n<meta property=\"article:modified_time\" content=\"2024-02-09T13:23:36+00:00\" \/>\n<meta name=\"twitter:card\" content=\"summary_large_image\" \/>\n<meta name=\"twitter:label1\" content=\"Tiempo de lectura\" \/>\n\t<meta name=\"twitter:data1\" content=\"3 minutos\" \/>\n<script type=\"application\/ld+json\" class=\"yoast-schema-graph\">{\"@context\":\"https:\/\/schema.org\",\"@graph\":[{\"@type\":\"WebPage\",\"@id\":\"https:\/\/volmerk.com\/volan\/peugeot-tek-kutleli-volan\/\",\"url\":\"https:\/\/volmerk.com\/volan\/peugeot-tek-kutleli-volan\/\",\"name\":\"[:tr]Peugeot - Tek K\u00fctleli Volan[:] - Volmerk Volan \u00dcretim ve Sat\u0131\u015f\",\"isPartOf\":{\"@id\":\"https:\/\/volmerk.com\/#website\"},\"datePublished\":\"2024-02-06T06:46:48+00:00\",\"dateModified\":\"2024-02-09T13:23:36+00:00\",\"breadcrumb\":{\"@id\":\"https:\/\/volmerk.com\/volan\/peugeot-tek-kutleli-volan\/#breadcrumb\"},\"inLanguage\":\"es-ES\",\"potentialAction\":[{\"@type\":\"ReadAction\",\"target\":[\"https:\/\/volmerk.com\/volan\/peugeot-tek-kutleli-volan\/\"]}]},{\"@type\":\"BreadcrumbList\",\"@id\":\"https:\/\/volmerk.com\/volan\/peugeot-tek-kutleli-volan\/#breadcrumb\",\"itemListElement\":[{\"@type\":\"ListItem\",\"position\":1,\"name\":\"Anasayfa\",\"item\":\"https:\/\/volmerk.com\/\"},{\"@type\":\"ListItem\",\"position\":2,\"name\":\"VOLAN\",\"item\":\"https:\/\/volmerk.com\/volan\/\"},{\"@type\":\"ListItem\",\"position\":3,\"name\":\"Peugeot &#8211; Tek K\u00fctleli Volan\"}]},{\"@type\":\"WebSite\",\"@id\":\"https:\/\/volmerk.com\/#website\",\"url\":\"https:\/\/volmerk.com\/\",\"name\":\"Volmerk Volan \u00dcretim ve Sat\u0131\u015f\",\"description\":\"Flywheel Manufacturer T\u00fcrkiye\",\"publisher\":{\"@id\":\"https:\/\/volmerk.com\/#organization\"},\"potentialAction\":[{\"@type\":\"SearchAction\",\"target\":{\"@type\":\"EntryPoint\",\"urlTemplate\":\"https:\/\/volmerk.com\/?s={search_term_string}\"},\"query-input\":\"required name=search_term_string\"}],\"inLanguage\":\"es-ES\"},{\"@type\":\"Organization\",\"@id\":\"https:\/\/volmerk.com\/#organization\",\"name\":\"Volmerk Volan \u00dcretim ve Sat\u0131\u015f\",\"url\":\"https:\/\/volmerk.com\/\",\"logo\":{\"@type\":\"ImageObject\",\"inLanguage\":\"es-ES\",\"@id\":\"https:\/\/volmerk.com\/#\/schema\/logo\/image\/\",\"url\":\"https:\/\/volmerk.com\/wp-content\/uploads\/2023\/02\/volmerk-kurumsal-logo.png\",\"contentUrl\":\"https:\/\/volmerk.com\/wp-content\/uploads\/2023\/02\/volmerk-kurumsal-logo.png\",\"width\":220,\"height\":57,\"caption\":\"Volmerk Volan \u00dcretim ve Sat\u0131\u015f\"},\"image\":{\"@id\":\"https:\/\/volmerk.com\/#\/schema\/logo\/image\/\"}}]}<\/script>\n<!-- \/ Yoast SEO plugin. -->","yoast_head_json":{"title":"Peugeot - Tek K\u00fctleli Volan[:] - Volmerk Volan \u00dcretim ve Sat\u0131\u015f","robots":{"index":"index","follow":"follow","max-snippet":"max-snippet:-1","max-image-preview":"max-image-preview:large","max-video-preview":"max-video-preview:-1"},"canonical":"https:\/\/volmerk.com\/volan\/peugeot-tek-kutleli-volan\/","og_locale":"es_ES","og_type":"article","og_title":"[:tr]Peugeot - Tek K\u00fctleli Volan[:] - Volmerk Volan \u00dcretim ve Sat\u0131\u015f","og_description":"[vc_row][vc_column width=\u00bb1\/4&#8243;][vc_gallery type=\u00bbflexslider_slide\u00bb interval=\u00bb3&#8243; images=\u00bb1603,1604&#8243; img_size=\u00bbfull\u00bb][vc_column_text]Ara\u00e7: PEUGEOT Model: C3, C4, C5, 206, 207, 307, 308, 407, 1007, 3008, 5008, PARTNER TEEPE, VD6 1.6 110 CC Volmerk Kodu: VM PC 501 Uyumlu Debriyaj No: 2050 H7 LUK 623 3042 00\/SACHS 3000 859 501 Cross No: 0532Q4 SACHS 2294 000 291 \u00dcretici: VOLMERK[\/vc_column_text][\/vc_column][vc_column width=\u00bb1\/4&#8243;][vc_gallery type=\u00bbflexslider_slide\u00bb interval=\u00bb3&#8243; images=\u00bb1607,1606&#8243; [&hellip;]","og_url":"https:\/\/volmerk.com\/volan\/peugeot-tek-kutleli-volan\/","og_site_name":"Volmerk Volan \u00dcretim ve Sat\u0131\u015f","article_modified_time":"2024-02-09T13:23:36+00:00","twitter_card":"summary_large_image","twitter_misc":{"Tiempo de lectura":"3 minutos"},"schema":{"@context":"https:\/\/schema.org","@graph":[{"@type":"WebPage","@id":"https:\/\/volmerk.com\/volan\/peugeot-tek-kutleli-volan\/","url":"https:\/\/volmerk.com\/volan\/peugeot-tek-kutleli-volan\/","name":"[:tr]Peugeot - Tek K\u00fctleli Volan[:] - Volmerk Volan \u00dcretim ve Sat\u0131\u015f","isPartOf":{"@id":"https:\/\/volmerk.com\/#website"},"datePublished":"2024-02-06T06:46:48+00:00","dateModified":"2024-02-09T13:23:36+00:00","breadcrumb":{"@id":"https:\/\/volmerk.com\/volan\/peugeot-tek-kutleli-volan\/#breadcrumb"},"inLanguage":"es-ES","potentialAction":[{"@type":"ReadAction","target":["https:\/\/volmerk.com\/volan\/peugeot-tek-kutleli-volan\/"]}]},{"@type":"BreadcrumbList","@id":"https:\/\/volmerk.com\/volan\/peugeot-tek-kutleli-volan\/#breadcrumb","itemListElement":[{"@type":"ListItem","position":1,"name":"Anasayfa","item":"https:\/\/volmerk.com\/"},{"@type":"ListItem","position":2,"name":"VOLAN","item":"https:\/\/volmerk.com\/volan\/"},{"@type":"ListItem","position":3,"name":"Peugeot &#8211; Tek K\u00fctleli Volan"}]},{"@type":"WebSite","@id":"https:\/\/volmerk.com\/#website","url":"https:\/\/volmerk.com\/","name":"Volmerk Volan \u00dcretim ve Sat\u0131\u015f","description":"Flywheel Manufacturer T\u00fcrkiye","publisher":{"@id":"https:\/\/volmerk.com\/#organization"},"potentialAction":[{"@type":"SearchAction","target":{"@type":"EntryPoint","urlTemplate":"https:\/\/volmerk.com\/?s={search_term_string}"},"query-input":"required name=search_term_string"}],"inLanguage":"es-ES"},{"@type":"Organization","@id":"https:\/\/volmerk.com\/#organization","name":"Volmerk Volan \u00dcretim ve Sat\u0131\u015f","url":"https:\/\/volmerk.com\/","logo":{"@type":"ImageObject","inLanguage":"es-ES","@id":"https:\/\/volmerk.com\/#\/schema\/logo\/image\/","url":"https:\/\/volmerk.com\/wp-content\/uploads\/2023\/02\/volmerk-kurumsal-logo.png","contentUrl":"https:\/\/volmerk.com\/wp-content\/uploads\/2023\/02\/volmerk-kurumsal-logo.png","width":220,"height":57,"caption":"Volmerk Volan \u00dcretim ve Sat\u0131\u015f"},"image":{"@id":"https:\/\/volmerk.com\/#\/schema\/logo\/image\/"}}]}},"_links":{"self":[{"href":"https:\/\/volmerk.com\/es\/wp-json\/wp\/v2\/pages\/1461"}],"collection":[{"href":"https:\/\/volmerk.com\/es\/wp-json\/wp\/v2\/pages"}],"about":[{"href":"https:\/\/volmerk.com\/es\/wp-json\/wp\/v2\/types\/page"}],"author":[{"embeddable":true,"href":"https:\/\/volmerk.com\/es\/wp-json\/wp\/v2\/users\/2"}],"replies":[{"embeddable":true,"href":"https:\/\/volmerk.com\/es\/wp-json\/wp\/v2\/comments?post=1461"}],"version-history":[{"count":6,"href":"https:\/\/volmerk.com\/es\/wp-json\/wp\/v2\/pages\/1461\/revisions"}],"predecessor-version":[{"id":1623,"href":"https:\/\/volmerk.com\/es\/wp-json\/wp\/v2\/pages\/1461\/revisions\/1623"}],"up":[{"embeddable":true,"href":"https:\/\/volmerk.com\/es\/wp-json\/wp\/v2\/pages\/1287"}],"wp:attachment":[{"href":"https:\/\/volmerk.com\/es\/wp-json\/wp\/v2\/media?parent=1461"}],"curies":[{"name":"wp","href":"https:\/\/api.w.org\/{rel}","templated":true}]}}