{"id":1649,"date":"2024-04-29T10:15:14","date_gmt":"2024-04-29T10:15:14","guid":{"rendered":"https:\/\/volmerk.com\/?page_id=1649"},"modified":"2024-05-21T19:07:58","modified_gmt":"2024-05-21T19:07:58","slug":"e-katalog","status":"publish","type":"page","link":"https:\/\/volmerk.com\/es\/e-katalog\/","title":{"rendered":"E-Katalog"},"content":{"rendered":"<p>[vc_row][vc_column][g5plus_heading title=\u00bbE-Katalog\u00bb align=\u00bbtext-left\u00bb][vc_empty_space height=\u00bb50px\u00bb][vc_column_text]<a href=\"https:\/\/volmerk.com\/wp-content\/uploads\/2024\/05\/VOLMERK-CATALOGUE-2024.pdf\"><img decoding=\"async\" loading=\"lazy\" class=\"alignleft wp-image-1650 size-medium\" src=\"https:\/\/volmerk.com\/wp-content\/uploads\/2024\/04\/Ekran-Alintisi-212x300.jpg\" alt=\"\" width=\"212\" height=\"300\" srcset=\"https:\/\/volmerk.com\/wp-content\/uploads\/2024\/04\/Ekran-Alintisi-212x300.jpg 212w, https:\/\/volmerk.com\/wp-content\/uploads\/2024\/04\/Ekran-Alintisi.jpg 303w\" sizes=\"(max-width: 212px) 100vw, 212px\" \/><\/a><a href=\"https:\/\/volmerk.com\/wp-content\/uploads\/2024\/04\/catalogue-English.pdf\"><img decoding=\"async\" loading=\"lazy\" class=\"alignnone wp-image-1777 size-medium\" src=\"https:\/\/volmerk.com\/wp-content\/uploads\/2024\/05\/Adsiz-tasarim-212x300.png\" alt=\"\" width=\"212\" height=\"300\" srcset=\"https:\/\/volmerk.com\/wp-content\/uploads\/2024\/05\/Adsiz-tasarim-212x300.png 212w, https:\/\/volmerk.com\/wp-content\/uploads\/2024\/05\/Adsiz-tasarim-724x1024.png 724w, https:\/\/volmerk.com\/wp-content\/uploads\/2024\/05\/Adsiz-tasarim-768x1086.png 768w, https:\/\/volmerk.com\/wp-content\/uploads\/2024\/05\/Adsiz-tasarim-1086x1536.png 1086w, https:\/\/volmerk.com\/wp-content\/uploads\/2024\/05\/Adsiz-tasarim.png 1414w\" sizes=\"(max-width: 212px) 100vw, 212px\" \/><\/a>[\/vc_column_text][\/vc_column][\/vc_row]<\/p>\n","protected":false},"excerpt":{"rendered":"<p>[vc_row][vc_column][g5plus_heading title=\u00bbE-Katalog\u00bb align=\u00bbtext-left\u00bb][vc_empty_space height=\u00bb50px\u00bb][vc_column_text][\/vc_column_text][\/vc_column][\/vc_row]<\/p>\n","protected":false},"author":2,"featured_media":0,"parent":0,"menu_order":0,"comment_status":"closed","ping_status":"closed","template":"","meta":[],"yoast_head":"<!-- This site is optimized with the Yoast SEO plugin v20.2.1 - https:\/\/yoast.com\/wordpress\/plugins\/seo\/ -->\n<title>E-Katalog - Volmerk Volan \u00dcretim ve Sat\u0131\u015f<\/title>\n<meta name=\"robots\" content=\"index, follow, max-snippet:-1, max-image-preview:large, max-video-preview:-1\" \/>\n<link rel=\"canonical\" href=\"https:\/\/volmerk.com\/e-katalog\/\" \/>\n<meta property=\"og:locale\" content=\"es_ES\" \/>\n<meta property=\"og:type\" content=\"article\" \/>\n<meta property=\"og:title\" content=\"E-Katalog\" \/>\n<meta property=\"og:description\" content=\"[vc_row][vc_column][g5plus_heading title=\u00bbE-Katalog\u00bb align=\u00bbtext-left\u00bb][vc_empty_space height=\u00bb50px\u00bb][vc_column_text][\/vc_column_text][\/vc_column][\/vc_row]\" \/>\n<meta property=\"og:url\" content=\"https:\/\/volmerk.com\/e-katalog\/\" \/>\n<meta property=\"og:site_name\" content=\"Volmerk Volan \u00dcretim ve Sat\u0131\u015f\" \/>\n<meta property=\"article:modified_time\" content=\"2024-05-21T19:07:58+00:00\" \/>\n<meta property=\"og:image\" content=\"https:\/\/volmerk.com\/wp-content\/uploads\/2024\/04\/Ekran-Alintisi-212x300.jpg\" \/>\n<meta name=\"twitter:card\" content=\"summary_large_image\" \/>\n<meta name=\"twitter:label1\" content=\"Tiempo de lectura\" \/>\n\t<meta name=\"twitter:data1\" content=\"1 minuto\" \/>\n<script type=\"application\/ld+json\" class=\"yoast-schema-graph\">{\"@context\":\"https:\/\/schema.org\",\"@graph\":[{\"@type\":\"WebPage\",\"@id\":\"https:\/\/volmerk.com\/e-katalog\/\",\"url\":\"https:\/\/volmerk.com\/e-katalog\/\",\"name\":\"[:tr]E-Katalog[:] - Volmerk Volan \u00dcretim ve Sat\u0131\u015f\",\"isPartOf\":{\"@id\":\"https:\/\/volmerk.com\/#website\"},\"datePublished\":\"2024-04-29T10:15:14+00:00\",\"dateModified\":\"2024-05-21T19:07:58+00:00\",\"breadcrumb\":{\"@id\":\"https:\/\/volmerk.com\/e-katalog\/#breadcrumb\"},\"inLanguage\":\"es-ES\",\"potentialAction\":[{\"@type\":\"ReadAction\",\"target\":[\"https:\/\/volmerk.com\/e-katalog\/\"]}]},{\"@type\":\"BreadcrumbList\",\"@id\":\"https:\/\/volmerk.com\/e-katalog\/#breadcrumb\",\"itemListElement\":[{\"@type\":\"ListItem\",\"position\":1,\"name\":\"Anasayfa\",\"item\":\"https:\/\/volmerk.com\/\"},{\"@type\":\"ListItem\",\"position\":2,\"name\":\"E-Katalog\"}]},{\"@type\":\"WebSite\",\"@id\":\"https:\/\/volmerk.com\/#website\",\"url\":\"https:\/\/volmerk.com\/\",\"name\":\"Volmerk Volan \u00dcretim ve Sat\u0131\u015f\",\"description\":\"Flywheel Manufacturer T\u00fcrkiye\",\"publisher\":{\"@id\":\"https:\/\/volmerk.com\/#organization\"},\"potentialAction\":[{\"@type\":\"SearchAction\",\"target\":{\"@type\":\"EntryPoint\",\"urlTemplate\":\"https:\/\/volmerk.com\/?s={search_term_string}\"},\"query-input\":\"required name=search_term_string\"}],\"inLanguage\":\"es-ES\"},{\"@type\":\"Organization\",\"@id\":\"https:\/\/volmerk.com\/#organization\",\"name\":\"Volmerk Volan \u00dcretim ve Sat\u0131\u015f\",\"url\":\"https:\/\/volmerk.com\/\",\"logo\":{\"@type\":\"ImageObject\",\"inLanguage\":\"es-ES\",\"@id\":\"https:\/\/volmerk.com\/#\/schema\/logo\/image\/\",\"url\":\"https:\/\/volmerk.com\/wp-content\/uploads\/2023\/02\/volmerk-kurumsal-logo.png\",\"contentUrl\":\"https:\/\/volmerk.com\/wp-content\/uploads\/2023\/02\/volmerk-kurumsal-logo.png\",\"width\":220,\"height\":57,\"caption\":\"Volmerk Volan \u00dcretim ve Sat\u0131\u015f\"},\"image\":{\"@id\":\"https:\/\/volmerk.com\/#\/schema\/logo\/image\/\"}}]}<\/script>\n<!-- \/ Yoast SEO plugin. -->","yoast_head_json":{"title":"E-Katalog - Volmerk Volan \u00dcretim ve Sat\u0131\u015f","robots":{"index":"index","follow":"follow","max-snippet":"max-snippet:-1","max-image-preview":"max-image-preview:large","max-video-preview":"max-video-preview:-1"},"canonical":"https:\/\/volmerk.com\/e-katalog\/","og_locale":"es_ES","og_type":"article","og_title":"[:tr]E-Katalog[:] - Volmerk Volan \u00dcretim ve Sat\u0131\u015f","og_description":"[vc_row][vc_column][g5plus_heading title=\u00bbE-Katalog\u00bb align=\u00bbtext-left\u00bb][vc_empty_space height=\u00bb50px\u00bb][vc_column_text][\/vc_column_text][\/vc_column][\/vc_row]","og_url":"https:\/\/volmerk.com\/e-katalog\/","og_site_name":"Volmerk Volan \u00dcretim ve Sat\u0131\u015f","article_modified_time":"2024-05-21T19:07:58+00:00","og_image":[{"url":"https:\/\/volmerk.com\/wp-content\/uploads\/2024\/04\/Ekran-Alintisi-212x300.jpg"}],"twitter_card":"summary_large_image","twitter_misc":{"Tiempo de lectura":"1 minuto"},"schema":{"@context":"https:\/\/schema.org","@graph":[{"@type":"WebPage","@id":"https:\/\/volmerk.com\/e-katalog\/","url":"https:\/\/volmerk.com\/e-katalog\/","name":"[:tr]E-Katalog[:] - Volmerk Volan \u00dcretim ve Sat\u0131\u015f","isPartOf":{"@id":"https:\/\/volmerk.com\/#website"},"datePublished":"2024-04-29T10:15:14+00:00","dateModified":"2024-05-21T19:07:58+00:00","breadcrumb":{"@id":"https:\/\/volmerk.com\/e-katalog\/#breadcrumb"},"inLanguage":"es-ES","potentialAction":[{"@type":"ReadAction","target":["https:\/\/volmerk.com\/e-katalog\/"]}]},{"@type":"BreadcrumbList","@id":"https:\/\/volmerk.com\/e-katalog\/#breadcrumb","itemListElement":[{"@type":"ListItem","position":1,"name":"Anasayfa","item":"https:\/\/volmerk.com\/"},{"@type":"ListItem","position":2,"name":"E-Katalog"}]},{"@type":"WebSite","@id":"https:\/\/volmerk.com\/#website","url":"https:\/\/volmerk.com\/","name":"Volmerk Volan \u00dcretim ve Sat\u0131\u015f","description":"Flywheel Manufacturer T\u00fcrkiye","publisher":{"@id":"https:\/\/volmerk.com\/#organization"},"potentialAction":[{"@type":"SearchAction","target":{"@type":"EntryPoint","urlTemplate":"https:\/\/volmerk.com\/?s={search_term_string}"},"query-input":"required name=search_term_string"}],"inLanguage":"es-ES"},{"@type":"Organization","@id":"https:\/\/volmerk.com\/#organization","name":"Volmerk Volan \u00dcretim ve Sat\u0131\u015f","url":"https:\/\/volmerk.com\/","logo":{"@type":"ImageObject","inLanguage":"es-ES","@id":"https:\/\/volmerk.com\/#\/schema\/logo\/image\/","url":"https:\/\/volmerk.com\/wp-content\/uploads\/2023\/02\/volmerk-kurumsal-logo.png","contentUrl":"https:\/\/volmerk.com\/wp-content\/uploads\/2023\/02\/volmerk-kurumsal-logo.png","width":220,"height":57,"caption":"Volmerk Volan \u00dcretim ve Sat\u0131\u015f"},"image":{"@id":"https:\/\/volmerk.com\/#\/schema\/logo\/image\/"}}]}},"_links":{"self":[{"href":"https:\/\/volmerk.com\/es\/wp-json\/wp\/v2\/pages\/1649"}],"collection":[{"href":"https:\/\/volmerk.com\/es\/wp-json\/wp\/v2\/pages"}],"about":[{"href":"https:\/\/volmerk.com\/es\/wp-json\/wp\/v2\/types\/page"}],"author":[{"embeddable":true,"href":"https:\/\/volmerk.com\/es\/wp-json\/wp\/v2\/users\/2"}],"replies":[{"embeddable":true,"href":"https:\/\/volmerk.com\/es\/wp-json\/wp\/v2\/comments?post=1649"}],"version-history":[{"count":10,"href":"https:\/\/volmerk.com\/es\/wp-json\/wp\/v2\/pages\/1649\/revisions"}],"predecessor-version":[{"id":1780,"href":"https:\/\/volmerk.com\/es\/wp-json\/wp\/v2\/pages\/1649\/revisions\/1780"}],"wp:attachment":[{"href":"https:\/\/volmerk.com\/es\/wp-json\/wp\/v2\/media?parent=1649"}],"curies":[{"name":"wp","href":"https:\/\/api.w.org\/{rel}","templated":true}]}}