{"id":20,"date":"2016-05-19T06:50:06","date_gmt":"2016-05-19T06:50:06","guid":{"rendered":"http:\/\/themes.g5plus.net\/pithree\/?page_id=20"},"modified":"2025-05-11T18:34:48","modified_gmt":"2025-05-11T18:34:48","slug":"home-1","status":"publish","type":"page","link":"https:\/\/volmerk.com\/es\/","title":{"rendered":"Ana Sayfa"},"content":{"rendered":"<p>[vc_row][vc_column][rev_slider_vc alias=\u00bbpithree-slider\u00bb][\/vc_column][\/vc_row][vc_row layout=\u00bbcontainer\u00bb][vc_column][vc_empty_space height=\u00bb30&#8243;][g5plus_heading title=\u00bb\u00dcR\u00dcNLER\u0130M\u0130Z\u00bb][vc_empty_space height=\u00bb25&#8243;][\/vc_column][vc_column][g5plus_slider_container dots=\u00bbtrue\u00bb][vc_column_text]<img decoding=\"async\" loading=\"lazy\" class=\"aligncenter wp-image-1663 size-full\" src=\"https:\/\/volmerk.com\/wp-content\/uploads\/2024\/05\/V-8.png\" alt=\"\" width=\"700\" height=\"1000\" srcset=\"https:\/\/volmerk.com\/wp-content\/uploads\/2024\/05\/V-8.png 700w, https:\/\/volmerk.com\/wp-content\/uploads\/2024\/05\/V-8-210x300.png 210w\" sizes=\"(max-width: 700px) 100vw, 700px\" \/>[\/vc_column_text][vc_column_text]<img decoding=\"async\" loading=\"lazy\" class=\"aligncenter wp-image-1662 size-full\" src=\"https:\/\/volmerk.com\/wp-content\/uploads\/2024\/05\/V-7.png\" alt=\"\" width=\"700\" height=\"1000\" srcset=\"https:\/\/volmerk.com\/wp-content\/uploads\/2024\/05\/V-7.png 700w, https:\/\/volmerk.com\/wp-content\/uploads\/2024\/05\/V-7-210x300.png 210w\" sizes=\"(max-width: 700px) 100vw, 700px\" \/>[\/vc_column_text][vc_column_text]<img decoding=\"async\" loading=\"lazy\" class=\"aligncenter wp-image-1661 size-full\" src=\"https:\/\/volmerk.com\/wp-content\/uploads\/2024\/05\/V-6.png\" alt=\"\" width=\"700\" height=\"1000\" srcset=\"https:\/\/volmerk.com\/wp-content\/uploads\/2024\/05\/V-6.png 700w, https:\/\/volmerk.com\/wp-content\/uploads\/2024\/05\/V-6-210x300.png 210w\" sizes=\"(max-width: 700px) 100vw, 700px\" \/>[\/vc_column_text][vc_column_text]<img decoding=\"async\" loading=\"lazy\" class=\"aligncenter wp-image-1660 size-full\" src=\"https:\/\/volmerk.com\/wp-content\/uploads\/2024\/05\/V-5.png\" alt=\"\" width=\"700\" height=\"1000\" \/>[\/vc_column_text][vc_column_text]<img decoding=\"async\" loading=\"lazy\" class=\"aligncenter wp-image-1659 size-full\" src=\"https:\/\/volmerk.com\/wp-content\/uploads\/2024\/05\/V-4.png\" alt=\"\" width=\"700\" height=\"1000\" \/>[\/vc_column_text][vc_column_text]<img decoding=\"async\" loading=\"lazy\" class=\"wp-image-1658 size-full aligncenter\" src=\"https:\/\/volmerk.com\/wp-content\/uploads\/2024\/05\/V-3.png\" alt=\"\" width=\"700\" height=\"1000\" srcset=\"https:\/\/volmerk.com\/wp-content\/uploads\/2024\/05\/V-3.png 700w, https:\/\/volmerk.com\/wp-content\/uploads\/2024\/05\/V-3-210x300.png 210w\" sizes=\"(max-width: 700px) 100vw, 700px\" \/>[\/vc_column_text][vc_column_text]<img decoding=\"async\" loading=\"lazy\" class=\"aligncenter wp-image-1664 size-full\" src=\"https:\/\/volmerk.com\/wp-content\/uploads\/2024\/05\/V-9.png\" alt=\"\" width=\"700\" height=\"1000\" srcset=\"https:\/\/volmerk.com\/wp-content\/uploads\/2024\/05\/V-9.png 700w, https:\/\/volmerk.com\/wp-content\/uploads\/2024\/05\/V-9-210x300.png 210w\" sizes=\"(max-width: 700px) 100vw, 700px\" \/>[\/vc_column_text][vc_column_text]<img decoding=\"async\" loading=\"lazy\" class=\"aligncenter wp-image-1665 size-full\" src=\"https:\/\/volmerk.com\/wp-content\/uploads\/2024\/05\/V-11.png\" alt=\"\" width=\"700\" height=\"1000\" srcset=\"https:\/\/volmerk.com\/wp-content\/uploads\/2024\/05\/V-11.png 700w, https:\/\/volmerk.com\/wp-content\/uploads\/2024\/05\/V-11-210x300.png 210w\" sizes=\"(max-width: 700px) 100vw, 700px\" \/>[\/vc_column_text][\/g5plus_slider_container][vc_empty_space height=\u00bb30&#8243;][\/vc_column][\/vc_row][vc_row overlay_mode=\u00bbcolor\u00bb overlay_color=\u00bbrgba(51,66,81,0.85)\u00bb el_class=\u00bbpd-top-90 pd-bottom-90&#8243; css=\u00bb.vc_custom_1676233679784{background-image: url(https:\/\/volmerk.com\/wp-content\/uploads\/2023\/02\/er3.jpg?id=1216) !important;background-position: center !important;background-repeat: no-repeat !important;background-size: cover !important;}\u00bb][vc_column][vc_row_inner layout=\u00bbcontainer\u00bb][vc_column_inner width=\u00bb1\/12&#8243;][vc_empty_space height=\u00bb1px\u00bb][\/vc_column_inner][vc_column_inner width=\u00bb5\/6&#8243; offset=\u00bbvc_col-lg-10&#8243;][g5plus_heading title=\u00bbVOLMERK,\u00bbY\u0131llar\u0131n verdi\u011fi g\u00fcven\u00bb\u00bb sub_title=\u00bbVolmerk kalitesini, g\u00fcvencesini ve profesyonelli\u011fini tercih etmeniz i\u00e7in bir \u00e7ok sebebiniz var, en \u00f6nemlisi \u00bbG\u00fcven\u00bb&#8230;\u00bb color_schema=\u00bblight\u00bb][\/vc_column_inner][vc_column_inner width=\u00bb1\/12&#8243;][vc_empty_space height=\u00bb1px\u00bb][\/vc_column_inner][\/vc_row_inner][vc_empty_space height=\u00bb100&#8243;][\/vc_column][\/vc_row][vc_row layout=\u00bbcontainer\u00bb el_class=\u00bbmg-top-60 mg-bottom-60&#8243;][vc_column][vc_empty_space height=\u00bb15&#8243;][g5plus_heading title=\u00bbKURUMSAL\u00bb][vc_empty_space height=\u00bb15&#8243;][\/vc_column][vc_column][vc_row_inner layout=\u00bbcontainer\u00bb video_bg=\u00bbyes\u00bb video_bg_url=\u00bbhttps:\/\/www.youtube.com\/watch?v=QIMq4SlmhmQ\u00bb][vc_column_inner width=\u00bb1\/12&#8243;][vc_empty_space height=\u00bb500px\u00bb][\/vc_column_inner][vc_column_inner width=\u00bb5\/6&#8243; offset=\u00bbvc_col-lg-10&#8243;][vc_column_text]<div id=\"wpfp_826f34d1f15178309299f84f2f8d6836\" data-item=\"{&quot;sources&quot;:[{&quot;src&quot;:&quot;https:\\\/\\\/volmerk.com\\\/wp-content\\\/uploads\\\/2024\\\/05\\\/a2f0900d-8b4e-427e-87bd-1562a4d3d803-online-video-cutter.com-1-1.mp4&quot;,&quot;type&quot;:&quot;video\\\/mp4&quot;}],&quot;id&quot;:&quot;4&quot;}\" class=\"flowplayer no-brand is-splash is-paused skin-slim no-svg fp-slim fp-edgy\" data-fv-embed=\"https:\/\/volmerk.com\/es\/fvp-4\/\" style=\"position:relative; max-width: 848px; max-height: 480px; \" data-ratio=\"0.566\" data-player-id=\"4\">\n\t<div class=\"fp-ratio\" style=\"padding-top: 56.6%\"><\/div>\n\t<div class=\"fp-ui\"><noscript>Please enable JavaScript<\/noscript><div class=\"fp-play fp-visible\"><svg class=\"fp-play-sharp-fill\" xmlns=\"http:\/\/www.w3.org\/2000\/svg\" viewBox=\"0 0 100 100\"><defs><style>.fp-color-play{opacity:0.65;}.controlbutton{fill:#fff;}<\/style><\/defs><title>play-sharp-fill<\/title><path class=\"fp-color-play\" d=\"M49.9217-.078a50,50,0,1,0,50,50A50.0564,50.0564,0,0,0,49.9217-.078Z\"\/><polygon class=\"controlbutton\" points=\"73.601 50 37.968 70.573 37.968 29.427 73.601 50\" filter=\"url(#f1)\"\/><\/svg><\/div><div class=\"fp-preload\"><b><\/b><b><\/b><b><\/b><b><\/b><\/div><\/div>\n<div class='fvp-share-bar'><ul class=\"fvp-sharing\">\r\n    <li><a class=\"sharing-facebook\" href=\"https:\/\/www.facebook.com\/sharer\/sharer.php?u=https%3A%2F%2Fvolmerk.com%2Fes%2F\" target=\"_blank\"><\/a><\/li>\r\n    <li><a class=\"sharing-twitter\" href=\"https:\/\/twitter.com\/intent\/tweet?text=Volmerk+Volan+%C3%9Cretim+ve+Sat%C4%B1%C5%9F+&url=https%3A%2F%2Fvolmerk.com%2Fes%2F\" target=\"_blank\"><\/a><\/li>\r\n    <li><a class=\"sharing-email\" href=\"mailto:?body=Check%20out%20the%20amazing%20video%20here%3A%20https%3A%2F%2Fvolmerk.com%2Fes%2F\" target=\"_blank\"><\/a><\/li><\/ul><div><a class=\"sharing-link\" href=\"https:\/\/volmerk.com\/es\/\" target=\"_blank\">Link<\/a><\/div><div><label><a class=\"embed-code-toggle\" href=\"#\"><strong>Embed<\/strong><\/a><\/label><\/div><div class=\"embed-code\"><label>Copy and paste this HTML code into your webpage to embed.<\/label><textarea><\/textarea><\/div><\/div>\n<\/div>\n[\/vc_column_text][\/vc_column_inner][vc_column_inner width=\u00bb1\/12&#8243;][vc_empty_space height=\u00bb500px\u00bb][\/vc_column_inner][\/vc_row_inner][\/vc_column][vc_column][vc_empty_space height=\u00bb32&#8243;][\/vc_column][vc_column width=\u00bb1\/3&#8243;][g5plus_feature_box title=\u00bbBizden Haberdar Olun.\u00bb description=\u00bbFirma Ziyaretlerimizden ve Kat\u0131ld\u0131\u011f\u0131m\u0131z Fuarlardan Haberiniz Olsun.\u00bb link=\u00bburl:https%3A%2F%2Fvolmerk.com%2F|title:Detaylar%3E%3E%3E\u00bb feature_image=\u00bb1671&#8243;][vc_empty_space height=\u00bb15px\u00bb][\/vc_column][vc_column width=\u00bb1\/3&#8243;][g5plus_feature_box title=\u00bbBizi Yak\u0131ndan Tan\u0131y\u0131n.\u00bb description=\u00bb\u015eirketimiz 2001 y\u0131l\u0131nda kurulmu\u015f, ilk y\u0131llarda fren, debriyaj, volant revizyonu ile ilgilenirken 2010 y\u0131l\u0131 sonras\u0131nda, \u00e7ift k\u00fctleye g\u00f6re daha ekonomik, daha konforlu, daha uzun kilometre yapan tek k\u00fctle volant imalat\u0131na ba\u015flam\u0131\u015ft\u0131r.\u00bb link=\u00bburl:https%3A%2F%2Fvolmerk.com%2Fhakkimizda%2F|title:Devam%C4%B1%3E%3E%3E\u00bb feature_image=\u00bb1670&#8243;][vc_empty_space height=\u00bb15px\u00bb][\/vc_column][vc_column width=\u00bb1\/3&#8243;][g5plus_feature_box title=\u00bb\u00dcr\u00fcnlerimizi \u0130nceleyin.\u00bb description=\u00bb19 farkl\u0131 marka ve 100&#8217;\u00fcn \u00fczerinde modele volan ve volan \u00fcretimi yapan firmam\u0131z, yurt i\u00e7i ve yurt d\u0131\u015f\u0131 yenileme pazar\u0131na uygun fiyatl\u0131, kaliteli \u00fcr\u00fcnler sunmaya devam ediyor.\u00bb link=\u00bburl:https%3A%2F%2Fvolmerk.com%2Fvolan%2F|title:%C3%9Cr%C3%BCnlerimiz%3E%3E%3E\u00bb feature_image=\u00bb1672&#8243;][vc_empty_space height=\u00bb15px\u00bb][\/vc_column][\/vc_row][vc_row layout=\u00bbcontainer\u00bb el_class=\u00bbmg-top-60 mg-bottom-60&#8243;][vc_column][vc_empty_space height=\u00bb15&#8243;][g5plus_heading title=\u00bbDUYURULAR\u00bb][\/vc_column][vc_column width=\u00bb1\/3&#8243;][g5plus_feature_box title=\u00bbAlmanya Automechanika Frankfurt 2024 Fuar\u0131na Kat\u0131l\u0131yoruz\u00bb description=\u00bbBu Sene Almanya Messe Frankfurt&#8217;ta Ger\u00e7ekle\u015fecek Olan Automechanika Frankfurt 2024 Fuar\u0131ndaki Stand\u0131m\u0131za Bekleriz.\u00bb feature_image=\u00bb1801&#8243;][\/vc_column][vc_column width=\u00bb1\/3&#8243;][g5plus_feature_box title=\u00bbE-Katalog\u00bb description=\u00bbE-Katalo\u011fumuzu inceleyin&#8230;\u00bb link=\u00bburl:https%3A%2F%2Fvolmerk.com%2Fe-katalog%2F|title:E-Katalog\u00bb feature_image=\u00bb1650&#8243;][\/vc_column][vc_column width=\u00bb1\/3&#8243;][g5plus_feature_box title=\u00bbFirma Sunumu\u00bb description=\u00bbFirma sunumu i\u00e7in t\u0131klay\u0131n&#8230;\u00bb link=\u00bburl:https%3A%2F%2Fvolmerk.com%2Fwp-content%2Fuploads%2F2024%2F08%2FVolmerk-Company-Presentation-2024.pdf|title:Firma%20Sunumu\u00bb feature_image=\u00bb1790&#8243;][\/vc_column][vc_column][vc_empty_space height=\u00bb25px\u00bb][g5plus_heading title=\u00bbREFERANSLARIMIZ\u00bb][g5plus_partner layout=\u00bbwith-border\u00bb items=\u00bb6&#8243; is_slider=\u00bbyes\u00bb partners=\u00bb%5B%7B%22images%22%3A%221313%22%2C%22url%22%3A%22https%3A%2F%2Fwww.seneroto.com.tr%2F%22%7D%2C%7B%22images%22%3A%221315%22%2C%22url%22%3A%22https%3A%2F%2Fwww.atyotomotiv.com%2F%22%7D%2C%7B%22images%22%3A%221318%22%2C%22url%22%3A%22https%3A%2F%2Fdinamikotomotiv.com.tr%2F%22%7D%2C%7B%22images%22%3A%221314%22%2C%22url%22%3A%22https%3A%2F%2Fwww.otoismail.com.tr%2F%22%7D%2C%7B%22images%22%3A%221316%22%2C%22url%22%3A%22https%3A%2F%2Fwww.altayoto.com%2F%22%7D%2C%7B%22images%22%3A%221387%22%2C%22url%22%3A%22http%3A%2F%2Fwww.ozas.com.tr%2F%22%7D%2C%7B%22images%22%3A%221383%22%2C%22url%22%3A%22https%3A%2F%2Fbsgautoparts.com%2F%22%7D%2C%7B%22images%22%3A%221386%22%2C%22url%22%3A%22https%3A%2F%2Fwww.canli.com.tr%2F%22%7D%2C%7B%22images%22%3A%221384%22%2C%22url%22%3A%22https%3A%2F%2Fwww.kamaotomotiv.com.tr%2F%22%7D%2C%7B%22images%22%3A%221385%22%2C%22url%22%3A%22http%3A%2F%2Fwww.himpeks.com.tr%2F%22%7D%2C%7B%22images%22%3A%221389%22%2C%22url%22%3A%22https%3A%2F%2Fwww.merkezopel.com%2F%22%7D%5D\u00bb][vc_empty_space height=\u00bb25px\u00bb][\/vc_column][\/vc_row]<\/p>\n","protected":false},"excerpt":{"rendered":"<p>[vc_row][vc_column][rev_slider_vc alias=\u00bbpithree-slider\u00bb][\/vc_column][\/vc_row][vc_row layout=\u00bbcontainer\u00bb][vc_column][vc_empty_space height=\u00bb30&#8243;][g5plus_heading title=\u00bb\u00dcR\u00dcNLER\u0130M\u0130Z\u00bb][vc_empty_space height=\u00bb25&#8243;][\/vc_column][vc_column][g5plus_slider_container dots=\u00bbtrue\u00bb][vc_column_text][\/vc_column_text][vc_column_text][\/vc_column_text][vc_column_text][\/vc_column_text][vc_column_text][\/vc_column_text][vc_column_text][\/vc_column_text][vc_column_text][\/vc_column_text][vc_column_text][\/vc_column_text][vc_column_text][\/vc_column_text][\/g5plus_slider_container][vc_empty_space height=\u00bb30&#8243;][\/vc_column][\/vc_row][vc_row overlay_mode=\u00bbcolor\u00bb overlay_color=\u00bbrgba(51,66,81,0.85)\u00bb el_class=\u00bbpd-top-90 pd-bottom-90&#8243; css=\u00bb.vc_custom_1676233679784{background-image: url(https:\/\/volmerk.com\/wp-content\/uploads\/2023\/02\/er3.jpg?id=1216) !important;background-position: center !important;background-repeat: no-repeat !important;background-size: cover !important;}\u00bb][vc_column][vc_row_inner layout=\u00bbcontainer\u00bb][vc_column_inner width=\u00bb1\/12&#8243;][vc_empty_space height=\u00bb1px\u00bb][\/vc_column_inner][vc_column_inner width=\u00bb5\/6&#8243; offset=\u00bbvc_col-lg-10&#8243;][g5plus_heading title=\u00bbVOLMERK,\u00bbY\u0131llar\u0131n verdi\u011fi g\u00fcven\u00bb\u00bb sub_title=\u00bbVolmerk kalitesini, g\u00fcvencesini ve profesyonelli\u011fini tercih etmeniz i\u00e7in bir \u00e7ok sebebiniz var, en \u00f6nemlisi \u00bbG\u00fcven\u00bb&#8230;\u00bb color_schema=\u00bblight\u00bb][\/vc_column_inner][vc_column_inner width=\u00bb1\/12&#8243;][vc_empty_space height=\u00bb1px\u00bb][\/vc_column_inner][\/vc_row_inner][vc_empty_space height=\u00bb100&#8243;][\/vc_column][\/vc_row][vc_row layout=\u00bbcontainer\u00bb el_class=\u00bbmg-top-60 mg-bottom-60&#8243;][vc_column][vc_empty_space height=\u00bb15&#8243;][g5plus_heading title=\u00bbKURUMSAL\u00bb][vc_empty_space height=\u00bb15&#8243;][\/vc_column][vc_column][vc_row_inner layout=\u00bbcontainer\u00bb [&hellip;]<\/p>\n","protected":false},"author":2,"featured_media":1409,"parent":0,"menu_order":0,"comment_status":"closed","ping_status":"closed","template":"","meta":[],"yoast_head":"<!-- This site is optimized with the Yoast SEO plugin v20.2.1 - https:\/\/yoast.com\/wordpress\/plugins\/seo\/ -->\n<title>Ana Sayfa - Volmerk Volan \u00dcretim ve Sat\u0131\u015f<\/title>\n<meta name=\"robots\" content=\"index, follow, max-snippet:-1, max-image-preview:large, max-video-preview:-1\" \/>\n<link rel=\"canonical\" href=\"https:\/\/volmerk.com\/\" \/>\n<meta property=\"og:locale\" content=\"es_ES\" \/>\n<meta property=\"og:type\" content=\"article\" \/>\n<meta property=\"og:title\" content=\"Ana Sayfa\" \/>\n<meta property=\"og:description\" content=\"[vc_row][vc_column][rev_slider_vc alias=\u00bbpithree-slider\u00bb][\/vc_column][\/vc_row][vc_row layout=\u00bbcontainer\u00bb][vc_column][vc_empty_space height=\u00bb30&#8243;][g5plus_heading title=\u00bb\u00dcR\u00dcNLER\u0130M\u0130Z\u00bb][vc_empty_space height=\u00bb25&#8243;][\/vc_column][vc_column][g5plus_slider_container dots=\u00bbtrue\u00bb][vc_column_text][\/vc_column_text][vc_column_text][\/vc_column_text][vc_column_text][\/vc_column_text][vc_column_text][\/vc_column_text][vc_column_text][\/vc_column_text][vc_column_text][\/vc_column_text][vc_column_text][\/vc_column_text][vc_column_text][\/vc_column_text][\/g5plus_slider_container][vc_empty_space height=\u00bb30&#8243;][\/vc_column][\/vc_row][vc_row overlay_mode=\u00bbcolor\u00bb overlay_color=\u00bbrgba(51,66,81,0.85)\u00bb el_class=\u00bbpd-top-90 pd-bottom-90&#8243; css=\u00bb.vc_custom_1676233679784{background-image: url(https:\/\/volmerk.com\/wp-content\/uploads\/2023\/02\/er3.jpg?id=1216) !important;background-position: center !important;background-repeat: no-repeat !important;background-size: cover !important;}\u00bb][vc_column][vc_row_inner layout=\u00bbcontainer\u00bb][vc_column_inner width=\u00bb1\/12&#8243;][vc_empty_space height=\u00bb1px\u00bb][\/vc_column_inner][vc_column_inner width=\u00bb5\/6&#8243; offset=\u00bbvc_col-lg-10&#8243;][g5plus_heading title=\u00bbVOLMERK,\u00bbY\u0131llar\u0131n verdi\u011fi g\u00fcven\u00bb\u00bb sub_title=\u00bbVolmerk kalitesini, g\u00fcvencesini ve profesyonelli\u011fini tercih etmeniz i\u00e7in bir \u00e7ok sebebiniz var, en \u00f6nemlisi \u00bbG\u00fcven\u00bb&#8230;\u00bb color_schema=\u00bblight\u00bb][\/vc_column_inner][vc_column_inner width=\u00bb1\/12&#8243;][vc_empty_space height=\u00bb1px\u00bb][\/vc_column_inner][\/vc_row_inner][vc_empty_space height=\u00bb100&#8243;][\/vc_column][\/vc_row][vc_row layout=\u00bbcontainer\u00bb el_class=\u00bbmg-top-60 mg-bottom-60&#8243;][vc_column][vc_empty_space height=\u00bb15&#8243;][g5plus_heading title=\u00bbKURUMSAL\u00bb][vc_empty_space height=\u00bb15&#8243;][\/vc_column][vc_column][vc_row_inner layout=\u00bbcontainer\u00bb [&hellip;]\" \/>\n<meta property=\"og:url\" content=\"https:\/\/volmerk.com\/\" \/>\n<meta property=\"og:site_name\" content=\"Volmerk Volan \u00dcretim ve Sat\u0131\u015f\" \/>\n<meta property=\"article:modified_time\" content=\"2025-05-11T18:34:48+00:00\" \/>\n<meta property=\"og:image\" content=\"https:\/\/volmerk.com\/wp-content\/uploads\/2024\/02\/Ekran-Alintisi.jpg\" \/>\n\t<meta property=\"og:image:width\" content=\"1239\" \/>\n\t<meta property=\"og:image:height\" content=\"523\" \/>\n\t<meta property=\"og:image:type\" content=\"image\/jpeg\" \/>\n<meta name=\"twitter:card\" content=\"summary_large_image\" \/>\n<meta name=\"twitter:label1\" content=\"Tiempo de lectura\" \/>\n\t<meta name=\"twitter:data1\" content=\"3 minutos\" \/>\n<script type=\"application\/ld+json\" class=\"yoast-schema-graph\">{\"@context\":\"https:\/\/schema.org\",\"@graph\":[{\"@type\":\"WebPage\",\"@id\":\"https:\/\/volmerk.com\/\",\"url\":\"https:\/\/volmerk.com\/\",\"name\":\"[:tr]Ana Sayfa[:] - Volmerk Volan \u00dcretim ve Sat\u0131\u015f\",\"isPartOf\":{\"@id\":\"https:\/\/volmerk.com\/#website\"},\"datePublished\":\"2016-05-19T06:50:06+00:00\",\"dateModified\":\"2025-05-11T18:34:48+00:00\",\"breadcrumb\":{\"@id\":\"https:\/\/volmerk.com\/#breadcrumb\"},\"inLanguage\":\"es-ES\",\"potentialAction\":[{\"@type\":\"ReadAction\",\"target\":[\"https:\/\/volmerk.com\/\"]}]},{\"@type\":\"BreadcrumbList\",\"@id\":\"https:\/\/volmerk.com\/#breadcrumb\",\"itemListElement\":[{\"@type\":\"ListItem\",\"position\":1,\"name\":\"Anasayfa\",\"item\":\"https:\/\/volmerk.com\/\"},{\"@type\":\"ListItem\",\"position\":2,\"name\":\"Ana Sayfa\"}]},{\"@type\":\"WebSite\",\"@id\":\"https:\/\/volmerk.com\/#website\",\"url\":\"https:\/\/volmerk.com\/\",\"name\":\"Volmerk Volan \u00dcretim ve Sat\u0131\u015f\",\"description\":\"Flywheel Manufacturer T\u00fcrkiye\",\"publisher\":{\"@id\":\"https:\/\/volmerk.com\/#organization\"},\"potentialAction\":[{\"@type\":\"SearchAction\",\"target\":{\"@type\":\"EntryPoint\",\"urlTemplate\":\"https:\/\/volmerk.com\/?s={search_term_string}\"},\"query-input\":\"required name=search_term_string\"}],\"inLanguage\":\"es-ES\"},{\"@type\":\"Organization\",\"@id\":\"https:\/\/volmerk.com\/#organization\",\"name\":\"Volmerk Volan \u00dcretim ve Sat\u0131\u015f\",\"url\":\"https:\/\/volmerk.com\/\",\"logo\":{\"@type\":\"ImageObject\",\"inLanguage\":\"es-ES\",\"@id\":\"https:\/\/volmerk.com\/#\/schema\/logo\/image\/\",\"url\":\"https:\/\/volmerk.com\/wp-content\/uploads\/2023\/02\/volmerk-kurumsal-logo.png\",\"contentUrl\":\"https:\/\/volmerk.com\/wp-content\/uploads\/2023\/02\/volmerk-kurumsal-logo.png\",\"width\":220,\"height\":57,\"caption\":\"Volmerk Volan \u00dcretim ve Sat\u0131\u015f\"},\"image\":{\"@id\":\"https:\/\/volmerk.com\/#\/schema\/logo\/image\/\"}}]}<\/script>\n<!-- \/ Yoast SEO plugin. -->","yoast_head_json":{"title":"Ana Sayfa - Volmerk Volan \u00dcretim ve Sat\u0131\u015f","robots":{"index":"index","follow":"follow","max-snippet":"max-snippet:-1","max-image-preview":"max-image-preview:large","max-video-preview":"max-video-preview:-1"},"canonical":"https:\/\/volmerk.com\/","og_locale":"es_ES","og_type":"article","og_title":"[:tr]Ana Sayfa[:] - Volmerk Volan \u00dcretim ve Sat\u0131\u015f","og_description":"[vc_row][vc_column][rev_slider_vc alias=\u00bbpithree-slider\u00bb][\/vc_column][\/vc_row][vc_row layout=\u00bbcontainer\u00bb][vc_column][vc_empty_space height=\u00bb30&#8243;][g5plus_heading title=\u00bb\u00dcR\u00dcNLER\u0130M\u0130Z\u00bb][vc_empty_space height=\u00bb25&#8243;][\/vc_column][vc_column][g5plus_slider_container dots=\u00bbtrue\u00bb][vc_column_text][\/vc_column_text][vc_column_text][\/vc_column_text][vc_column_text][\/vc_column_text][vc_column_text][\/vc_column_text][vc_column_text][\/vc_column_text][vc_column_text][\/vc_column_text][vc_column_text][\/vc_column_text][vc_column_text][\/vc_column_text][\/g5plus_slider_container][vc_empty_space height=\u00bb30&#8243;][\/vc_column][\/vc_row][vc_row overlay_mode=\u00bbcolor\u00bb overlay_color=\u00bbrgba(51,66,81,0.85)\u00bb el_class=\u00bbpd-top-90 pd-bottom-90&#8243; css=\u00bb.vc_custom_1676233679784{background-image: url(https:\/\/volmerk.com\/wp-content\/uploads\/2023\/02\/er3.jpg?id=1216) !important;background-position: center !important;background-repeat: no-repeat !important;background-size: cover !important;}\u00bb][vc_column][vc_row_inner layout=\u00bbcontainer\u00bb][vc_column_inner width=\u00bb1\/12&#8243;][vc_empty_space height=\u00bb1px\u00bb][\/vc_column_inner][vc_column_inner width=\u00bb5\/6&#8243; offset=\u00bbvc_col-lg-10&#8243;][g5plus_heading title=\u00bbVOLMERK,\u00bbY\u0131llar\u0131n verdi\u011fi g\u00fcven\u00bb\u00bb sub_title=\u00bbVolmerk kalitesini, g\u00fcvencesini ve profesyonelli\u011fini tercih etmeniz i\u00e7in bir \u00e7ok sebebiniz var, en \u00f6nemlisi \u00bbG\u00fcven\u00bb&#8230;\u00bb color_schema=\u00bblight\u00bb][\/vc_column_inner][vc_column_inner width=\u00bb1\/12&#8243;][vc_empty_space height=\u00bb1px\u00bb][\/vc_column_inner][\/vc_row_inner][vc_empty_space height=\u00bb100&#8243;][\/vc_column][\/vc_row][vc_row layout=\u00bbcontainer\u00bb el_class=\u00bbmg-top-60 mg-bottom-60&#8243;][vc_column][vc_empty_space height=\u00bb15&#8243;][g5plus_heading title=\u00bbKURUMSAL\u00bb][vc_empty_space height=\u00bb15&#8243;][\/vc_column][vc_column][vc_row_inner layout=\u00bbcontainer\u00bb [&hellip;]","og_url":"https:\/\/volmerk.com\/","og_site_name":"Volmerk Volan \u00dcretim ve Sat\u0131\u015f","article_modified_time":"2025-05-11T18:34:48+00:00","og_image":[{"width":1239,"height":523,"url":"https:\/\/volmerk.com\/wp-content\/uploads\/2024\/02\/Ekran-Alintisi.jpg","type":"image\/jpeg"}],"twitter_card":"summary_large_image","twitter_misc":{"Tiempo de lectura":"3 minutos"},"schema":{"@context":"https:\/\/schema.org","@graph":[{"@type":"WebPage","@id":"https:\/\/volmerk.com\/","url":"https:\/\/volmerk.com\/","name":"[:tr]Ana Sayfa[:] - Volmerk Volan \u00dcretim ve Sat\u0131\u015f","isPartOf":{"@id":"https:\/\/volmerk.com\/#website"},"datePublished":"2016-05-19T06:50:06+00:00","dateModified":"2025-05-11T18:34:48+00:00","breadcrumb":{"@id":"https:\/\/volmerk.com\/#breadcrumb"},"inLanguage":"es-ES","potentialAction":[{"@type":"ReadAction","target":["https:\/\/volmerk.com\/"]}]},{"@type":"BreadcrumbList","@id":"https:\/\/volmerk.com\/#breadcrumb","itemListElement":[{"@type":"ListItem","position":1,"name":"Anasayfa","item":"https:\/\/volmerk.com\/"},{"@type":"ListItem","position":2,"name":"Ana Sayfa"}]},{"@type":"WebSite","@id":"https:\/\/volmerk.com\/#website","url":"https:\/\/volmerk.com\/","name":"Volmerk Volan \u00dcretim ve Sat\u0131\u015f","description":"Flywheel Manufacturer T\u00fcrkiye","publisher":{"@id":"https:\/\/volmerk.com\/#organization"},"potentialAction":[{"@type":"SearchAction","target":{"@type":"EntryPoint","urlTemplate":"https:\/\/volmerk.com\/?s={search_term_string}"},"query-input":"required name=search_term_string"}],"inLanguage":"es-ES"},{"@type":"Organization","@id":"https:\/\/volmerk.com\/#organization","name":"Volmerk Volan \u00dcretim ve Sat\u0131\u015f","url":"https:\/\/volmerk.com\/","logo":{"@type":"ImageObject","inLanguage":"es-ES","@id":"https:\/\/volmerk.com\/#\/schema\/logo\/image\/","url":"https:\/\/volmerk.com\/wp-content\/uploads\/2023\/02\/volmerk-kurumsal-logo.png","contentUrl":"https:\/\/volmerk.com\/wp-content\/uploads\/2023\/02\/volmerk-kurumsal-logo.png","width":220,"height":57,"caption":"Volmerk Volan \u00dcretim ve Sat\u0131\u015f"},"image":{"@id":"https:\/\/volmerk.com\/#\/schema\/logo\/image\/"}}]}},"_links":{"self":[{"href":"https:\/\/volmerk.com\/es\/wp-json\/wp\/v2\/pages\/20"}],"collection":[{"href":"https:\/\/volmerk.com\/es\/wp-json\/wp\/v2\/pages"}],"about":[{"href":"https:\/\/volmerk.com\/es\/wp-json\/wp\/v2\/types\/page"}],"author":[{"embeddable":true,"href":"https:\/\/volmerk.com\/es\/wp-json\/wp\/v2\/users\/2"}],"replies":[{"embeddable":true,"href":"https:\/\/volmerk.com\/es\/wp-json\/wp\/v2\/comments?post=20"}],"version-history":[{"count":44,"href":"https:\/\/volmerk.com\/es\/wp-json\/wp\/v2\/pages\/20\/revisions"}],"predecessor-version":[{"id":1811,"href":"https:\/\/volmerk.com\/es\/wp-json\/wp\/v2\/pages\/20\/revisions\/1811"}],"wp:featuredmedia":[{"embeddable":true,"href":"https:\/\/volmerk.com\/es\/wp-json\/wp\/v2\/media\/1409"}],"wp:attachment":[{"href":"https:\/\/volmerk.com\/es\/wp-json\/wp\/v2\/media?parent=20"}],"curies":[{"name":"wp","href":"https:\/\/api.w.org\/{rel}","templated":true}]}}