{"id":1290,"date":"2023-03-11T21:58:02","date_gmt":"2023-03-11T21:58:02","guid":{"rendered":"https:\/\/volmerk.com\/?page_id=1290"},"modified":"2024-05-21T19:45:47","modified_gmt":"2024-05-21T19:45:47","slug":"disli","status":"publish","type":"page","link":"https:\/\/volmerk.com\/fr\/disli\/","title":{"rendered":"D\u0130\u015eL\u0130"},"content":{"rendered":"<p>[vc_row][vc_column][vc_empty_space height=\u00a0\u00bb20&Prime;][vc_column_text]<span style=\"color: #003366;\"><strong><a style=\"color: #003366;\" href=\"https:\/\/volmerk.com\/wp-content\/uploads\/2023\/03\/DISLI.xls\" target=\"_blank\" rel=\"noopener\">D\u0130\u015eL\u0130 L\u0130STES\u0130 &#8211; \u0130ND\u0130RMEK \u0130\u00c7\u0130N TIKLAYINIZ<\/a><\/strong><\/span>[\/vc_column_text][vc_empty_space height=\u00a0\u00bb20&Prime;][\/vc_column][vc_column][\/vc_column][\/vc_row]<\/p>\n","protected":false},"excerpt":{"rendered":"<p>[vc_row][vc_column][vc_empty_space height=\u00a0\u00bb20&Prime;][vc_column_text]D\u0130\u015eL\u0130 L\u0130STES\u0130 &#8211; \u0130ND\u0130RMEK \u0130\u00c7\u0130N TIKLAYINIZ[\/vc_column_text][vc_empty_space height=\u00a0\u00bb20&Prime;][\/vc_column][vc_column][\/vc_column][\/vc_row]<\/p>\n","protected":false},"author":2,"featured_media":0,"parent":0,"menu_order":0,"comment_status":"closed","ping_status":"closed","template":"","meta":[],"yoast_head":"<!-- This site is optimized with the Yoast SEO plugin v20.2.1 - https:\/\/yoast.com\/wordpress\/plugins\/seo\/ -->\n<title>D\u0130\u015eL\u0130 - Volmerk Volan \u00dcretim ve Sat\u0131\u015f<\/title>\n<meta name=\"robots\" content=\"index, follow, max-snippet:-1, max-image-preview:large, max-video-preview:-1\" \/>\n<link rel=\"canonical\" href=\"https:\/\/volmerk.com\/disli\/\" \/>\n<meta property=\"og:locale\" content=\"fr_FR\" \/>\n<meta property=\"og:type\" content=\"article\" \/>\n<meta property=\"og:title\" content=\"D\u0130\u015eL\u0130\" \/>\n<meta property=\"og:description\" content=\"[vc_row][vc_column][vc_empty_space height=\u00a0\u00bb20&Prime;][vc_column_text]D\u0130\u015eL\u0130 L\u0130STES\u0130 &#8211; \u0130ND\u0130RMEK \u0130\u00c7\u0130N TIKLAYINIZ[\/vc_column_text][vc_empty_space height=\u00a0\u00bb20&Prime;][\/vc_column][vc_column][\/vc_column][\/vc_row]\" \/>\n<meta property=\"og:url\" content=\"https:\/\/volmerk.com\/disli\/\" \/>\n<meta property=\"og:site_name\" content=\"Volmerk Volan \u00dcretim ve Sat\u0131\u015f\" \/>\n<meta property=\"article:modified_time\" content=\"2024-05-21T19:45:47+00:00\" \/>\n<meta name=\"twitter:card\" content=\"summary_large_image\" \/>\n<meta name=\"twitter:label1\" content=\"Dur\u00e9e de lecture estim\u00e9e\" \/>\n\t<meta name=\"twitter:data1\" content=\"1 minute\" \/>\n<script type=\"application\/ld+json\" class=\"yoast-schema-graph\">{\"@context\":\"https:\/\/schema.org\",\"@graph\":[{\"@type\":\"WebPage\",\"@id\":\"https:\/\/volmerk.com\/disli\/\",\"url\":\"https:\/\/volmerk.com\/disli\/\",\"name\":\"[:tr]D\u0130\u015eL\u0130[:] - Volmerk Volan \u00dcretim ve Sat\u0131\u015f\",\"isPartOf\":{\"@id\":\"https:\/\/volmerk.com\/#website\"},\"datePublished\":\"2023-03-11T21:58:02+00:00\",\"dateModified\":\"2024-05-21T19:45:47+00:00\",\"breadcrumb\":{\"@id\":\"https:\/\/volmerk.com\/disli\/#breadcrumb\"},\"inLanguage\":\"fr-FR\",\"potentialAction\":[{\"@type\":\"ReadAction\",\"target\":[\"https:\/\/volmerk.com\/disli\/\"]}]},{\"@type\":\"BreadcrumbList\",\"@id\":\"https:\/\/volmerk.com\/disli\/#breadcrumb\",\"itemListElement\":[{\"@type\":\"ListItem\",\"position\":1,\"name\":\"Anasayfa\",\"item\":\"https:\/\/volmerk.com\/\"},{\"@type\":\"ListItem\",\"position\":2,\"name\":\"D\u0130\u015eL\u0130\"}]},{\"@type\":\"WebSite\",\"@id\":\"https:\/\/volmerk.com\/#website\",\"url\":\"https:\/\/volmerk.com\/\",\"name\":\"Volmerk Volan \u00dcretim ve Sat\u0131\u015f\",\"description\":\"Flywheel Manufacturer T\u00fcrkiye\",\"publisher\":{\"@id\":\"https:\/\/volmerk.com\/#organization\"},\"potentialAction\":[{\"@type\":\"SearchAction\",\"target\":{\"@type\":\"EntryPoint\",\"urlTemplate\":\"https:\/\/volmerk.com\/?s={search_term_string}\"},\"query-input\":\"required name=search_term_string\"}],\"inLanguage\":\"fr-FR\"},{\"@type\":\"Organization\",\"@id\":\"https:\/\/volmerk.com\/#organization\",\"name\":\"Volmerk Volan \u00dcretim ve Sat\u0131\u015f\",\"url\":\"https:\/\/volmerk.com\/\",\"logo\":{\"@type\":\"ImageObject\",\"inLanguage\":\"fr-FR\",\"@id\":\"https:\/\/volmerk.com\/#\/schema\/logo\/image\/\",\"url\":\"https:\/\/volmerk.com\/wp-content\/uploads\/2023\/02\/volmerk-kurumsal-logo.png\",\"contentUrl\":\"https:\/\/volmerk.com\/wp-content\/uploads\/2023\/02\/volmerk-kurumsal-logo.png\",\"width\":220,\"height\":57,\"caption\":\"Volmerk Volan \u00dcretim ve Sat\u0131\u015f\"},\"image\":{\"@id\":\"https:\/\/volmerk.com\/#\/schema\/logo\/image\/\"}}]}<\/script>\n<!-- \/ Yoast SEO plugin. -->","yoast_head_json":{"title":"D\u0130\u015eL\u0130 - Volmerk Volan \u00dcretim ve Sat\u0131\u015f","robots":{"index":"index","follow":"follow","max-snippet":"max-snippet:-1","max-image-preview":"max-image-preview:large","max-video-preview":"max-video-preview:-1"},"canonical":"https:\/\/volmerk.com\/disli\/","og_locale":"fr_FR","og_type":"article","og_title":"[:tr]D\u0130\u015eL\u0130[:] - Volmerk Volan \u00dcretim ve Sat\u0131\u015f","og_description":"[vc_row][vc_column][vc_empty_space height=\u00a0\u00bb20&Prime;][vc_column_text]D\u0130\u015eL\u0130 L\u0130STES\u0130 &#8211; \u0130ND\u0130RMEK \u0130\u00c7\u0130N TIKLAYINIZ[\/vc_column_text][vc_empty_space height=\u00a0\u00bb20&Prime;][\/vc_column][vc_column][\/vc_column][\/vc_row]","og_url":"https:\/\/volmerk.com\/disli\/","og_site_name":"Volmerk Volan \u00dcretim ve Sat\u0131\u015f","article_modified_time":"2024-05-21T19:45:47+00:00","twitter_card":"summary_large_image","twitter_misc":{"Dur\u00e9e de lecture estim\u00e9e":"1 minute"},"schema":{"@context":"https:\/\/schema.org","@graph":[{"@type":"WebPage","@id":"https:\/\/volmerk.com\/disli\/","url":"https:\/\/volmerk.com\/disli\/","name":"[:tr]D\u0130\u015eL\u0130[:] - Volmerk Volan \u00dcretim ve Sat\u0131\u015f","isPartOf":{"@id":"https:\/\/volmerk.com\/#website"},"datePublished":"2023-03-11T21:58:02+00:00","dateModified":"2024-05-21T19:45:47+00:00","breadcrumb":{"@id":"https:\/\/volmerk.com\/disli\/#breadcrumb"},"inLanguage":"fr-FR","potentialAction":[{"@type":"ReadAction","target":["https:\/\/volmerk.com\/disli\/"]}]},{"@type":"BreadcrumbList","@id":"https:\/\/volmerk.com\/disli\/#breadcrumb","itemListElement":[{"@type":"ListItem","position":1,"name":"Anasayfa","item":"https:\/\/volmerk.com\/"},{"@type":"ListItem","position":2,"name":"D\u0130\u015eL\u0130"}]},{"@type":"WebSite","@id":"https:\/\/volmerk.com\/#website","url":"https:\/\/volmerk.com\/","name":"Volmerk Volan \u00dcretim ve Sat\u0131\u015f","description":"Flywheel Manufacturer T\u00fcrkiye","publisher":{"@id":"https:\/\/volmerk.com\/#organization"},"potentialAction":[{"@type":"SearchAction","target":{"@type":"EntryPoint","urlTemplate":"https:\/\/volmerk.com\/?s={search_term_string}"},"query-input":"required name=search_term_string"}],"inLanguage":"fr-FR"},{"@type":"Organization","@id":"https:\/\/volmerk.com\/#organization","name":"Volmerk Volan \u00dcretim ve Sat\u0131\u015f","url":"https:\/\/volmerk.com\/","logo":{"@type":"ImageObject","inLanguage":"fr-FR","@id":"https:\/\/volmerk.com\/#\/schema\/logo\/image\/","url":"https:\/\/volmerk.com\/wp-content\/uploads\/2023\/02\/volmerk-kurumsal-logo.png","contentUrl":"https:\/\/volmerk.com\/wp-content\/uploads\/2023\/02\/volmerk-kurumsal-logo.png","width":220,"height":57,"caption":"Volmerk Volan \u00dcretim ve Sat\u0131\u015f"},"image":{"@id":"https:\/\/volmerk.com\/#\/schema\/logo\/image\/"}}]}},"_links":{"self":[{"href":"https:\/\/volmerk.com\/fr\/wp-json\/wp\/v2\/pages\/1290"}],"collection":[{"href":"https:\/\/volmerk.com\/fr\/wp-json\/wp\/v2\/pages"}],"about":[{"href":"https:\/\/volmerk.com\/fr\/wp-json\/wp\/v2\/types\/page"}],"author":[{"embeddable":true,"href":"https:\/\/volmerk.com\/fr\/wp-json\/wp\/v2\/users\/2"}],"replies":[{"embeddable":true,"href":"https:\/\/volmerk.com\/fr\/wp-json\/wp\/v2\/comments?post=1290"}],"version-history":[{"count":3,"href":"https:\/\/volmerk.com\/fr\/wp-json\/wp\/v2\/pages\/1290\/revisions"}],"predecessor-version":[{"id":1783,"href":"https:\/\/volmerk.com\/fr\/wp-json\/wp\/v2\/pages\/1290\/revisions\/1783"}],"wp:attachment":[{"href":"https:\/\/volmerk.com\/fr\/wp-json\/wp\/v2\/media?parent=1290"}],"curies":[{"name":"wp","href":"https:\/\/api.w.org\/{rel}","templated":true}]}}