{"id":1443,"date":"2024-02-06T06:30:56","date_gmt":"2024-02-06T06:30:56","guid":{"rendered":"https:\/\/volmerk.com\/?page_id=1443"},"modified":"2024-02-06T13:52:47","modified_gmt":"2024-02-06T13:52:47","slug":"opel-tek-kutleli-volan","status":"publish","type":"page","link":"https:\/\/volmerk.com\/fr\/volan\/opel-tek-kutleli-volan\/","title":{"rendered":"Opel &#8211; Tek K\u00fctleli Volan"},"content":{"rendered":"<p>[vc_row][vc_column width=\u00a0\u00bb1\/4&Prime;][vc_gallery type=\u00a0\u00bbflexslider_slide\u00a0\u00bb interval=\u00a0\u00bb3&Prime; images=\u00a0\u00bb1503,1502&Prime; img_size=\u00a0\u00bbfull\u00a0\u00bb][vc_column_text]<span style=\"color: #000000;\"><strong>Ara\u00e7: OPEL<\/strong><\/span><br \/>\n<span style=\"color: #000000;\"><strong>Model:<\/strong> CORSA C\/D &#8211; COMBO C &#8211; MERIVA Z13 CDTI 1.3<\/span><br \/>\n<span style=\"color: #000000;\"><strong>Volmerk Kodu:<\/strong> VM OP 401<\/span><br \/>\n<span style=\"color: #000000;\"><strong>Uyumlu Debriyaj No:<\/strong> LUK 620 2098 09\/SACHS 3000 838 801<\/span><br \/>\n<span style=\"color: #000000;\"><strong>Cross No:<\/strong> 415023210<\/span><br \/>\n<span style=\"color: #000000;\"><strong>\u00dcretici:<\/strong> VOLMERK<\/span>[\/vc_column_text][\/vc_column][vc_column width=\u00a0\u00bb1\/4&Prime;][vc_gallery type=\u00a0\u00bbflexslider_slide\u00a0\u00bb interval=\u00a0\u00bb3&Prime; images=\u00a0\u00bb1505,1506&Prime; img_size=\u00a0\u00bbmedium\u00a0\u00bb][vc_column_text]<span style=\"color: #000000;\"><strong>Ara\u00e7: OPEL<\/strong><\/span><br \/>\n<span style=\"color: #000000;\"><strong>Model:<\/strong> ASTRA G &#8211; VECTRA CX16-XEL<\/span><br \/>\n<span style=\"color: #000000;\"><strong>Volmerk Kodu:<\/strong> VM OP 402<\/span><br \/>\n<span style=\"color: #000000;\"><strong>Uyumlu Debriyaj No:<\/strong> LUK 620 2098 09\/SACHS 3000 838 801<\/span><br \/>\n<span style=\"color: #000000;\"><strong>Cross No:<\/strong> 55587033\/616169<\/span><br \/>\n<span style=\"color: #000000;\"><strong>\u00dcretici:<\/strong> VOLMERK<\/span>[\/vc_column_text][\/vc_column][vc_column width=\u00a0\u00bb1\/4&Prime;][vc_gallery type=\u00a0\u00bbflexslider_slide\u00a0\u00bb interval=\u00a0\u00bb3&Prime; images=\u00a0\u00bb1507,1508&Prime; img_size=\u00a0\u00bbmedium\u00a0\u00bb][vc_column_text]<span style=\"color: #000000;\"><strong>Ara\u00e7: OPEL<\/strong><\/span><br \/>\n<span style=\"color: #000000;\"><strong>Model:<\/strong> COMBO C CDTI Z17 101 CP Y20DTH<\/span><br \/>\n<span style=\"color: #000000;\"><strong>Volmerk Kodu:<\/strong> VM OP 403<\/span><br \/>\n<span style=\"color: #000000;\"><strong>Uyumlu Debriyaj No:<\/strong> LUK 623 313 509<\/span><br \/>\n<span style=\"color: #000000;\"><strong>Cross No:<\/strong> 616065\/LUK 415025610<\/span><br \/>\n<span style=\"color: #000000;\"><strong>\u00dcretici:<\/strong> VOLMERK<\/span>[\/vc_column_text][\/vc_column][vc_column width=\u00a0\u00bb1\/4&Prime;][vc_gallery type=\u00a0\u00bbflexslider_slide\u00a0\u00bb interval=\u00a0\u00bb3&Prime; images=\u00a0\u00bb1510,1511&Prime; img_size=\u00a0\u00bbmedium\u00a0\u00bb][vc_column_text]<span style=\"color: #000000;\"><strong>Ara\u00e7: OPEL<\/strong><\/span><br \/>\n<span style=\"color: #000000;\"><strong>Model:<\/strong> VECTRA C Z19 101 CP DTHF 23<\/span><br \/>\n<span style=\"color: #000000;\"><strong>Volmerk Kodu:<\/strong> VM OP 404<\/span><br \/>\n<span style=\"color: #000000;\"><strong>Uyumlu Debriyaj No:<\/strong> LUK 623 313 509<\/span><br \/>\n<span style=\"color: #000000;\"><strong>Cross No:<\/strong> 616065\/LUK 415025610<\/span><br \/>\n<span style=\"color: #000000;\"><strong>\u00dcretici:<\/strong> VOLMERK<\/span>[\/vc_column_text][\/vc_column][\/vc_row][vc_row][vc_column width=\u00a0\u00bb1\/4&Prime;][vc_gallery type=\u00a0\u00bbflexslider_slide\u00a0\u00bb interval=\u00a0\u00bb3&Prime; images=\u00a0\u00bb1513,1514&Prime; img_size=\u00a0\u00bbmedium\u00a0\u00bb][vc_column_text]<span style=\"color: #000000;\"><strong>Ara\u00e7: OPEL<\/strong><\/span><br \/>\n<span style=\"color: #000000;\"><strong>Model:<\/strong> ASTRA VECTRA ZAFIRA C X20 DTH F 23<\/span><br \/>\n<span style=\"color: #000000;\"><strong>Volmerk Kodu:<\/strong> VM OP 405<\/span><br \/>\n<span style=\"color: #000000;\"><strong>Uyumlu Debriyaj No:<\/strong> 415 228 163<\/span><br \/>\n<span style=\"color: #000000;\"><strong>Cross No:<\/strong> 616025\/LUK 415016310<\/span><br \/>\n<span style=\"color: #000000;\"><strong>\u00dcretici:<\/strong> VOLMERK<\/span>[\/vc_column_text][\/vc_column][vc_column width=\u00a0\u00bb1\/4&Prime;][vc_gallery type=\u00a0\u00bbflexslider_slide\u00a0\u00bb interval=\u00a0\u00bb3&Prime; images=\u00a0\u00bb1515,1516&Prime; img_size=\u00a0\u00bbfull\u00a0\u00bb][vc_column_text]<span style=\"color: #000000;\"><strong>Ara\u00e7: OPEL<\/strong><\/span><br \/>\n<span style=\"color: #000000;\"><strong>Model:<\/strong> MOVANO 2.3 DCI 125 CDTI<\/span><br \/>\n<span style=\"color: #000000;\"><strong>Volmerk Kodu:<\/strong> VM OP 407<\/span><br \/>\n<span style=\"color: #000000;\"><strong>Uyumlu Debriyaj No:<\/strong> 9805856480\/ 1606887780<\/span><br \/>\n<span style=\"color: #000000;\"><strong>Cross No:<\/strong> 93168040\/ LUK 415048510<\/span><br \/>\n<span style=\"color: #000000;\"><strong>\u00dcretici:<\/strong> VOLMERK<\/span>[\/vc_column_text][\/vc_column][vc_column width=\u00a0\u00bb1\/4&Prime;][vc_gallery type=\u00a0\u00bbflexslider_slide\u00a0\u00bb interval=\u00a0\u00bb3&Prime; images=\u00a0\u00bb1518,1519&Prime; img_size=\u00a0\u00bbfull\u00a0\u00bb][vc_column_text]<span style=\"color: #000000;\"><strong>Ara\u00e7: OPEL<\/strong><\/span><br \/>\n<span style=\"color: #000000;\"><strong>Model:<\/strong> VECTRA B-ASTRA F-OMEGA A 2000 ENGINE 1.6V <\/span><br \/>\n<span style=\"color: #000000;\"><strong>Volmerk Kodu:<\/strong> VM OP 415<\/span><br \/>\n<span style=\"color: #000000;\"><strong>Uyumlu Debriyaj No:<\/strong> SACHS 3000 638 001\/LUK 622 1396 00<\/span><br \/>\n<span style=\"color: #000000;\"><strong>Cross No:<\/strong> 616139<\/span><br \/>\n<span style=\"color: #000000;\"><strong>\u00dcretici:<\/strong> VOLMERK<\/span>[\/vc_column_text][\/vc_column][vc_column width=\u00a0\u00bb1\/4&Prime;][vc_gallery type=\u00a0\u00bbflexslider_slide\u00a0\u00bb interval=\u00a0\u00bb3&Prime; images=\u00a0\u00bb1521,1522&Prime; img_size=\u00a0\u00bbfull\u00a0\u00bb][vc_column_text]<span style=\"color: #000000;\"><strong>Ara\u00e7: OPEL<\/strong><\/span><br \/>\n<span style=\"color: #000000;\"><strong>Model:<\/strong> CORSA 1.2-1.4, ASTRA G 1.4<\/span><br \/>\n<span style=\"color: #000000;\"><strong>Volmerk Kodu:<\/strong> VM OP 416<\/span><br \/>\n<span style=\"color: #000000;\"><strong>Uyumlu Debriyaj No:<\/strong> SACHS 3000 174 001\/LUK 620 0334 00<\/span><br \/>\n<span style=\"color: #000000;\"><strong>Cross No:<\/strong> 55572815\/616188<\/span><br \/>\n<span style=\"color: #000000;\"><strong>\u00dcretici:<\/strong> VOLMERK<\/span>[\/vc_column_text][\/vc_column][\/vc_row][vc_row][vc_column width=\u00a0\u00bb1\/4&Prime;][vc_gallery type=\u00a0\u00bbflexslider_slide\u00a0\u00bb interval=\u00a0\u00bb3&Prime; images=\u00a0\u00bb1524,1525&Prime; img_size=\u00a0\u00bbmedium\u00a0\u00bb][vc_column_text]<span style=\"color: #000000;\"><strong>Ara\u00e7: OPEL<\/strong><\/span><br \/>\n<span style=\"color: #000000;\"><strong>Model:<\/strong> CHEVROLET CRUISE LACETTI 1.4-1.6 MOTOR<\/span><br \/>\n<span style=\"color: #000000;\"><strong>Volmerk Kodu:<\/strong> VM OP 418<\/span><br \/>\n<span style=\"color: #000000;\"><strong>Uyumlu Debriyaj No:<\/strong> VALEO DWC32 DW30<\/span><br \/>\n<span style=\"color: #000000;\"><strong>Cross No:<\/strong> 96184353<\/span><br \/>\n<span style=\"color: #000000;\"><strong>\u00dcretici:<\/strong> VOLMERK<\/span>[\/vc_column_text][\/vc_column][vc_column width=\u00a0\u00bb1\/4&Prime;][vc_gallery type=\u00a0\u00bbflexslider_slide\u00a0\u00bb interval=\u00a0\u00bb3&Prime; images=\u00a0\u00bb1526,1527&Prime; img_size=\u00a0\u00bbfull\u00a0\u00bb][vc_column_text]<span style=\"color: #000000;\"><strong>Ara\u00e7: OPEL<\/strong><\/span><br \/>\n<span style=\"color: #000000;\"><strong>Model:<\/strong> ASTRA G- ZAF\u0130RA A- CORSA C 1.7 CDTI Z17 DTL<\/span><br \/>\n<span style=\"color: #000000;\"><strong>Volmerk Kodu:<\/strong> VM OP 419<\/span><br \/>\n<span style=\"color: #000000;\"><strong>Uyumlu Debriyaj No:<\/strong> LUK 620 2098 09 SACHS 3000 838 801<\/span><br \/>\n<span style=\"color: #000000;\"><strong>Cross No:<\/strong> 8972280420<\/span><br \/>\n<span style=\"color: #000000;\"><strong>\u00dcretici:<\/strong> VOLMERK<\/span>[\/vc_column_text][\/vc_column][vc_column width=\u00a0\u00bb1\/4&Prime;][vc_gallery type=\u00a0\u00bbflexslider_slide\u00a0\u00bb interval=\u00a0\u00bb3&Prime; images=\u00a0\u00bb1528,1529&Prime; img_size=\u00a0\u00bbfull\u00a0\u00bb][vc_column_text]<span style=\"color: #000000;\"><strong>Ara\u00e7: OPEL<\/strong><\/span><br \/>\n<span style=\"color: #000000;\"><strong>Model:<\/strong> VECTRA 2.0 16V DTL<\/span><br \/>\n<span style=\"color: #000000;\"><strong>Volmerk Kodu:<\/strong> VM OP 420<\/span><br \/>\n<span style=\"color: #000000;\"><strong>Uyumlu Debriyaj No:<\/strong> LUK 623 3135 09<\/span><br \/>\n<span style=\"color: #000000;\"><strong>Cross No:<\/strong> R90502913<\/span><br \/>\n<span style=\"color: #000000;\"><strong>\u00dcretici:<\/strong> VOLMERK<\/span>[\/vc_column_text][\/vc_column][vc_column width=\u00a0\u00bb1\/4&Prime;][vc_gallery type=\u00a0\u00bbflexslider_slide\u00a0\u00bb interval=\u00a0\u00bb3&Prime; images=\u00a0\u00bb1531,1532&Prime; img_size=\u00a0\u00bbfull\u00a0\u00bb][vc_column_text]<span style=\"color: #000000;\"><strong>Ara\u00e7: OPEL<\/strong><\/span><br \/>\n<span style=\"color: #000000;\"><strong>Model:<\/strong> ASTRA H ASTRA J VECTRA C Z16XEP A16<\/span><br \/>\n<span style=\"color: #000000;\"><strong>Volmerk Kodu:<\/strong> VM OP 421<\/span><br \/>\n<span style=\"color: #000000;\"><strong>Uyumlu Debriyaj No:<\/strong> LUK 621 3045 09<\/span><br \/>\n<span style=\"color: #000000;\"><strong>Cross No:<\/strong> 55587031\/616335<\/span><br \/>\n<span style=\"color: #000000;\"><strong>\u00dcretici:<\/strong> VOLMERK<\/span>[\/vc_column_text][\/vc_column][\/vc_row][vc_row][vc_column width=\u00a0\u00bb1\/4&Prime;][vc_gallery type=\u00a0\u00bbflexslider_slide\u00a0\u00bb interval=\u00a0\u00bb3&Prime; images=\u00a0\u00bb1531,1532&Prime; img_size=\u00a0\u00bbfull\u00a0\u00bb][vc_column_text]<span style=\"color: #000000;\"><strong>Ara\u00e7: OPEL<\/strong><\/span><br \/>\n<span style=\"color: #000000;\"><strong>Model:<\/strong> ASTRA J CORSA D MERIVA 1.3 <\/span><br \/>\n<span style=\"color: #000000;\"><strong>Volmerk Kodu:<\/strong> VM OP 423<\/span><br \/>\n<span style=\"color: #000000;\"><strong>Uyumlu Debriyaj No:<\/strong> LUK 622 3236 09<\/span><br \/>\n<span style=\"color: #000000;\"><strong>Cross No:<\/strong> 616219\/55572509<\/span><br \/>\n<span style=\"color: #000000;\"><strong>\u00dcretici:<\/strong> VOLMERK<\/span>[\/vc_column_text][\/vc_column][vc_column width=\u00a0\u00bb1\/4&Prime;][\/vc_column][vc_column width=\u00a0\u00bb1\/4&Prime;][\/vc_column][vc_column width=\u00a0\u00bb1\/4&Prime;][\/vc_column][\/vc_row]<\/p>\n","protected":false},"excerpt":{"rendered":"<p>[vc_row][vc_column width=\u00a0\u00bb1\/4&Prime;][vc_gallery type=\u00a0\u00bbflexslider_slide\u00a0\u00bb interval=\u00a0\u00bb3&Prime; images=\u00a0\u00bb1503,1502&Prime; img_size=\u00a0\u00bbfull\u00a0\u00bb][vc_column_text]Ara\u00e7: OPEL Model: CORSA C\/D &#8211; COMBO C &#8211; MERIVA Z13 CDTI 1.3 Volmerk Kodu: VM OP 401 Uyumlu Debriyaj No: LUK 620 2098 09\/SACHS 3000 838 801 Cross No: 415023210 \u00dcretici: VOLMERK[\/vc_column_text][\/vc_column][vc_column width=\u00a0\u00bb1\/4&Prime;][vc_gallery type=\u00a0\u00bbflexslider_slide\u00a0\u00bb interval=\u00a0\u00bb3&Prime; images=\u00a0\u00bb1505,1506&Prime; img_size=\u00a0\u00bbmedium\u00a0\u00bb][vc_column_text]Ara\u00e7: OPEL Model: ASTRA G &#8211; VECTRA CX16-XEL Volmerk Kodu: VM OP 402 [&hellip;]<\/p>\n","protected":false},"author":2,"featured_media":0,"parent":1287,"menu_order":0,"comment_status":"closed","ping_status":"closed","template":"","meta":[],"yoast_head":"<!-- This site is optimized with the Yoast SEO plugin v20.2.1 - https:\/\/yoast.com\/wordpress\/plugins\/seo\/ -->\n<title>Opel - Tek K\u00fctleli Volan[:] - Volmerk Volan \u00dcretim ve Sat\u0131\u015f<\/title>\n<meta name=\"robots\" content=\"index, follow, max-snippet:-1, max-image-preview:large, max-video-preview:-1\" \/>\n<link rel=\"canonical\" href=\"https:\/\/volmerk.com\/volan\/opel-tek-kutleli-volan\/\" \/>\n<meta property=\"og:locale\" content=\"fr_FR\" \/>\n<meta property=\"og:type\" content=\"article\" \/>\n<meta property=\"og:title\" content=\"Opel - Tek K\u00fctleli Volan\" \/>\n<meta property=\"og:description\" content=\"[vc_row][vc_column width=\u00a0\u00bb1\/4&Prime;][vc_gallery type=\u00a0\u00bbflexslider_slide\u00a0\u00bb interval=\u00a0\u00bb3&Prime; images=\u00a0\u00bb1503,1502&Prime; img_size=\u00a0\u00bbfull\u00a0\u00bb][vc_column_text]Ara\u00e7: OPEL Model: CORSA C\/D &#8211; COMBO C &#8211; MERIVA Z13 CDTI 1.3 Volmerk Kodu: VM OP 401 Uyumlu Debriyaj No: LUK 620 2098 09\/SACHS 3000 838 801 Cross No: 415023210 \u00dcretici: VOLMERK[\/vc_column_text][\/vc_column][vc_column width=\u00a0\u00bb1\/4&Prime;][vc_gallery type=\u00a0\u00bbflexslider_slide\u00a0\u00bb interval=\u00a0\u00bb3&Prime; images=\u00a0\u00bb1505,1506&Prime; img_size=\u00a0\u00bbmedium\u00a0\u00bb][vc_column_text]Ara\u00e7: OPEL Model: ASTRA G &#8211; VECTRA CX16-XEL Volmerk Kodu: VM OP 402 [&hellip;]\" \/>\n<meta property=\"og:url\" content=\"https:\/\/volmerk.com\/volan\/opel-tek-kutleli-volan\/\" \/>\n<meta property=\"og:site_name\" content=\"Volmerk Volan \u00dcretim ve Sat\u0131\u015f\" \/>\n<meta property=\"article:modified_time\" content=\"2024-02-06T13:52:47+00:00\" \/>\n<meta name=\"twitter:card\" content=\"summary_large_image\" \/>\n<meta name=\"twitter:label1\" content=\"Dur\u00e9e de lecture estim\u00e9e\" \/>\n\t<meta name=\"twitter:data1\" content=\"3 minutes\" \/>\n<script type=\"application\/ld+json\" class=\"yoast-schema-graph\">{\"@context\":\"https:\/\/schema.org\",\"@graph\":[{\"@type\":\"WebPage\",\"@id\":\"https:\/\/volmerk.com\/volan\/opel-tek-kutleli-volan\/\",\"url\":\"https:\/\/volmerk.com\/volan\/opel-tek-kutleli-volan\/\",\"name\":\"[:tr]Opel - Tek K\u00fctleli Volan[:] - Volmerk Volan \u00dcretim ve Sat\u0131\u015f\",\"isPartOf\":{\"@id\":\"https:\/\/volmerk.com\/#website\"},\"datePublished\":\"2024-02-06T06:30:56+00:00\",\"dateModified\":\"2024-02-06T13:52:47+00:00\",\"breadcrumb\":{\"@id\":\"https:\/\/volmerk.com\/volan\/opel-tek-kutleli-volan\/#breadcrumb\"},\"inLanguage\":\"fr-FR\",\"potentialAction\":[{\"@type\":\"ReadAction\",\"target\":[\"https:\/\/volmerk.com\/volan\/opel-tek-kutleli-volan\/\"]}]},{\"@type\":\"BreadcrumbList\",\"@id\":\"https:\/\/volmerk.com\/volan\/opel-tek-kutleli-volan\/#breadcrumb\",\"itemListElement\":[{\"@type\":\"ListItem\",\"position\":1,\"name\":\"Anasayfa\",\"item\":\"https:\/\/volmerk.com\/\"},{\"@type\":\"ListItem\",\"position\":2,\"name\":\"VOLAN\",\"item\":\"https:\/\/volmerk.com\/volan\/\"},{\"@type\":\"ListItem\",\"position\":3,\"name\":\"Opel &#8211; Tek K\u00fctleli Volan\"}]},{\"@type\":\"WebSite\",\"@id\":\"https:\/\/volmerk.com\/#website\",\"url\":\"https:\/\/volmerk.com\/\",\"name\":\"Volmerk Volan \u00dcretim ve Sat\u0131\u015f\",\"description\":\"Flywheel Manufacturer T\u00fcrkiye\",\"publisher\":{\"@id\":\"https:\/\/volmerk.com\/#organization\"},\"potentialAction\":[{\"@type\":\"SearchAction\",\"target\":{\"@type\":\"EntryPoint\",\"urlTemplate\":\"https:\/\/volmerk.com\/?s={search_term_string}\"},\"query-input\":\"required name=search_term_string\"}],\"inLanguage\":\"fr-FR\"},{\"@type\":\"Organization\",\"@id\":\"https:\/\/volmerk.com\/#organization\",\"name\":\"Volmerk Volan \u00dcretim ve Sat\u0131\u015f\",\"url\":\"https:\/\/volmerk.com\/\",\"logo\":{\"@type\":\"ImageObject\",\"inLanguage\":\"fr-FR\",\"@id\":\"https:\/\/volmerk.com\/#\/schema\/logo\/image\/\",\"url\":\"https:\/\/volmerk.com\/wp-content\/uploads\/2023\/02\/volmerk-kurumsal-logo.png\",\"contentUrl\":\"https:\/\/volmerk.com\/wp-content\/uploads\/2023\/02\/volmerk-kurumsal-logo.png\",\"width\":220,\"height\":57,\"caption\":\"Volmerk Volan \u00dcretim ve Sat\u0131\u015f\"},\"image\":{\"@id\":\"https:\/\/volmerk.com\/#\/schema\/logo\/image\/\"}}]}<\/script>\n<!-- \/ Yoast SEO plugin. -->","yoast_head_json":{"title":"Opel - Tek K\u00fctleli Volan[:] - Volmerk Volan \u00dcretim ve Sat\u0131\u015f","robots":{"index":"index","follow":"follow","max-snippet":"max-snippet:-1","max-image-preview":"max-image-preview:large","max-video-preview":"max-video-preview:-1"},"canonical":"https:\/\/volmerk.com\/volan\/opel-tek-kutleli-volan\/","og_locale":"fr_FR","og_type":"article","og_title":"[:tr]Opel - Tek K\u00fctleli Volan[:] - Volmerk Volan \u00dcretim ve Sat\u0131\u015f","og_description":"[vc_row][vc_column width=\u00a0\u00bb1\/4&Prime;][vc_gallery type=\u00a0\u00bbflexslider_slide\u00a0\u00bb interval=\u00a0\u00bb3&Prime; images=\u00a0\u00bb1503,1502&Prime; img_size=\u00a0\u00bbfull\u00a0\u00bb][vc_column_text]Ara\u00e7: OPEL Model: CORSA C\/D &#8211; COMBO C &#8211; MERIVA Z13 CDTI 1.3 Volmerk Kodu: VM OP 401 Uyumlu Debriyaj No: LUK 620 2098 09\/SACHS 3000 838 801 Cross No: 415023210 \u00dcretici: VOLMERK[\/vc_column_text][\/vc_column][vc_column width=\u00a0\u00bb1\/4&Prime;][vc_gallery type=\u00a0\u00bbflexslider_slide\u00a0\u00bb interval=\u00a0\u00bb3&Prime; images=\u00a0\u00bb1505,1506&Prime; img_size=\u00a0\u00bbmedium\u00a0\u00bb][vc_column_text]Ara\u00e7: OPEL Model: ASTRA G &#8211; VECTRA CX16-XEL Volmerk Kodu: VM OP 402 [&hellip;]","og_url":"https:\/\/volmerk.com\/volan\/opel-tek-kutleli-volan\/","og_site_name":"Volmerk Volan \u00dcretim ve Sat\u0131\u015f","article_modified_time":"2024-02-06T13:52:47+00:00","twitter_card":"summary_large_image","twitter_misc":{"Dur\u00e9e de lecture estim\u00e9e":"3 minutes"},"schema":{"@context":"https:\/\/schema.org","@graph":[{"@type":"WebPage","@id":"https:\/\/volmerk.com\/volan\/opel-tek-kutleli-volan\/","url":"https:\/\/volmerk.com\/volan\/opel-tek-kutleli-volan\/","name":"[:tr]Opel - Tek K\u00fctleli Volan[:] - Volmerk Volan \u00dcretim ve Sat\u0131\u015f","isPartOf":{"@id":"https:\/\/volmerk.com\/#website"},"datePublished":"2024-02-06T06:30:56+00:00","dateModified":"2024-02-06T13:52:47+00:00","breadcrumb":{"@id":"https:\/\/volmerk.com\/volan\/opel-tek-kutleli-volan\/#breadcrumb"},"inLanguage":"fr-FR","potentialAction":[{"@type":"ReadAction","target":["https:\/\/volmerk.com\/volan\/opel-tek-kutleli-volan\/"]}]},{"@type":"BreadcrumbList","@id":"https:\/\/volmerk.com\/volan\/opel-tek-kutleli-volan\/#breadcrumb","itemListElement":[{"@type":"ListItem","position":1,"name":"Anasayfa","item":"https:\/\/volmerk.com\/"},{"@type":"ListItem","position":2,"name":"VOLAN","item":"https:\/\/volmerk.com\/volan\/"},{"@type":"ListItem","position":3,"name":"Opel &#8211; Tek K\u00fctleli Volan"}]},{"@type":"WebSite","@id":"https:\/\/volmerk.com\/#website","url":"https:\/\/volmerk.com\/","name":"Volmerk Volan \u00dcretim ve Sat\u0131\u015f","description":"Flywheel Manufacturer T\u00fcrkiye","publisher":{"@id":"https:\/\/volmerk.com\/#organization"},"potentialAction":[{"@type":"SearchAction","target":{"@type":"EntryPoint","urlTemplate":"https:\/\/volmerk.com\/?s={search_term_string}"},"query-input":"required name=search_term_string"}],"inLanguage":"fr-FR"},{"@type":"Organization","@id":"https:\/\/volmerk.com\/#organization","name":"Volmerk Volan \u00dcretim ve Sat\u0131\u015f","url":"https:\/\/volmerk.com\/","logo":{"@type":"ImageObject","inLanguage":"fr-FR","@id":"https:\/\/volmerk.com\/#\/schema\/logo\/image\/","url":"https:\/\/volmerk.com\/wp-content\/uploads\/2023\/02\/volmerk-kurumsal-logo.png","contentUrl":"https:\/\/volmerk.com\/wp-content\/uploads\/2023\/02\/volmerk-kurumsal-logo.png","width":220,"height":57,"caption":"Volmerk Volan \u00dcretim ve Sat\u0131\u015f"},"image":{"@id":"https:\/\/volmerk.com\/#\/schema\/logo\/image\/"}}]}},"_links":{"self":[{"href":"https:\/\/volmerk.com\/fr\/wp-json\/wp\/v2\/pages\/1443"}],"collection":[{"href":"https:\/\/volmerk.com\/fr\/wp-json\/wp\/v2\/pages"}],"about":[{"href":"https:\/\/volmerk.com\/fr\/wp-json\/wp\/v2\/types\/page"}],"author":[{"embeddable":true,"href":"https:\/\/volmerk.com\/fr\/wp-json\/wp\/v2\/users\/2"}],"replies":[{"embeddable":true,"href":"https:\/\/volmerk.com\/fr\/wp-json\/wp\/v2\/comments?post=1443"}],"version-history":[{"count":12,"href":"https:\/\/volmerk.com\/fr\/wp-json\/wp\/v2\/pages\/1443\/revisions"}],"predecessor-version":[{"id":1490,"href":"https:\/\/volmerk.com\/fr\/wp-json\/wp\/v2\/pages\/1443\/revisions\/1490"}],"up":[{"embeddable":true,"href":"https:\/\/volmerk.com\/fr\/wp-json\/wp\/v2\/pages\/1287"}],"wp:attachment":[{"href":"https:\/\/volmerk.com\/fr\/wp-json\/wp\/v2\/media?parent=1443"}],"curies":[{"name":"wp","href":"https:\/\/api.w.org\/{rel}","templated":true}]}}