{"id":1457,"date":"2024-02-06T06:44:42","date_gmt":"2024-02-06T06:44:42","guid":{"rendered":"https:\/\/volmerk.com\/?page_id=1457"},"modified":"2024-05-03T12:40:02","modified_gmt":"2024-05-03T12:40:02","slug":"isuzu-tek-kutleli-volan","status":"publish","type":"page","link":"https:\/\/volmerk.com\/fr\/volan\/isuzu-tek-kutleli-volan\/","title":{"rendered":"Isuzu &#8211; Tek K\u00fctleli Volan"},"content":{"rendered":"<p>[vc_row][vc_column width=\u00a0\u00bb1\/4&Prime;][vc_gallery type=\u00a0\u00bbflexslider_slide\u00a0\u00bb interval=\u00a0\u00bb3&Prime; images=\u00a0\u00bb1693,1692&Prime; img_size=\u00a0\u00bbfull\u00a0\u00bb][vc_column_text]<span style=\"color: #000000;\"><strong>Ara\u00e7: ISUZU<\/strong><\/span><br \/>\n<span style=\"color: #000000;\"><strong>Model: <\/strong>D-MAX EURO-5<\/span><br \/>\n<span style=\"color: #000000;\"><strong>Volmerk Kodu:<\/strong> VM IS 640<\/span><br \/>\n<span style=\"color: #000000;\"><strong>Uyumlu Debriyaj No:<\/strong> DAIKIN ISK2127<\/span><br \/>\n<span style=\"color: #000000;\"><strong>Cross No:<\/strong> 8-98186-653-1<\/span><br \/>\n<span style=\"color: #000000;\"><strong>\u00dcretici:<\/strong> VOLMERK<\/span>[\/vc_column_text][\/vc_column][vc_column width=\u00a0\u00bb1\/4&Prime;][\/vc_column][vc_column width=\u00a0\u00bb1\/4&Prime;][\/vc_column][vc_column width=\u00a0\u00bb1\/4&Prime;][\/vc_column][\/vc_row]<\/p>\n","protected":false},"excerpt":{"rendered":"<p>[vc_row][vc_column width=\u00a0\u00bb1\/4&Prime;][vc_gallery type=\u00a0\u00bbflexslider_slide\u00a0\u00bb interval=\u00a0\u00bb3&Prime; images=\u00a0\u00bb1693,1692&Prime; img_size=\u00a0\u00bbfull\u00a0\u00bb][vc_column_text]Ara\u00e7: ISUZU Model: D-MAX EURO-5 Volmerk Kodu: VM IS 640 Uyumlu Debriyaj No: DAIKIN ISK2127 Cross No: 8-98186-653-1 \u00dcretici: VOLMERK[\/vc_column_text][\/vc_column][vc_column width=\u00a0\u00bb1\/4&Prime;][\/vc_column][vc_column width=\u00a0\u00bb1\/4&Prime;][\/vc_column][vc_column width=\u00a0\u00bb1\/4&Prime;][\/vc_column][\/vc_row]<\/p>\n","protected":false},"author":2,"featured_media":0,"parent":1287,"menu_order":0,"comment_status":"closed","ping_status":"closed","template":"","meta":[],"yoast_head":"<!-- This site is optimized with the Yoast SEO plugin v20.2.1 - https:\/\/yoast.com\/wordpress\/plugins\/seo\/ -->\n<title>Isuzu - Tek K\u00fctleli Volan[:] - Volmerk Volan \u00dcretim ve Sat\u0131\u015f<\/title>\n<meta name=\"robots\" content=\"index, follow, max-snippet:-1, max-image-preview:large, max-video-preview:-1\" \/>\n<link rel=\"canonical\" href=\"https:\/\/volmerk.com\/volan\/isuzu-tek-kutleli-volan\/\" \/>\n<meta property=\"og:locale\" content=\"fr_FR\" \/>\n<meta property=\"og:type\" content=\"article\" \/>\n<meta property=\"og:title\" content=\"Isuzu - Tek K\u00fctleli Volan\" \/>\n<meta property=\"og:description\" content=\"[vc_row][vc_column width=\u00a0\u00bb1\/4&Prime;][vc_gallery type=\u00a0\u00bbflexslider_slide\u00a0\u00bb interval=\u00a0\u00bb3&Prime; images=\u00a0\u00bb1693,1692&Prime; img_size=\u00a0\u00bbfull\u00a0\u00bb][vc_column_text]Ara\u00e7: ISUZU Model: D-MAX EURO-5 Volmerk Kodu: VM IS 640 Uyumlu Debriyaj No: DAIKIN ISK2127 Cross No: 8-98186-653-1 \u00dcretici: VOLMERK[\/vc_column_text][\/vc_column][vc_column width=\u00a0\u00bb1\/4&Prime;][\/vc_column][vc_column width=\u00a0\u00bb1\/4&Prime;][\/vc_column][vc_column width=\u00a0\u00bb1\/4&Prime;][\/vc_column][\/vc_row]\" \/>\n<meta property=\"og:url\" content=\"https:\/\/volmerk.com\/volan\/isuzu-tek-kutleli-volan\/\" \/>\n<meta property=\"og:site_name\" content=\"Volmerk Volan \u00dcretim ve Sat\u0131\u015f\" \/>\n<meta property=\"article:modified_time\" content=\"2024-05-03T12:40:02+00:00\" \/>\n<meta name=\"twitter:card\" content=\"summary_large_image\" \/>\n<meta name=\"twitter:label1\" content=\"Dur\u00e9e de lecture estim\u00e9e\" \/>\n\t<meta name=\"twitter:data1\" content=\"1 minute\" \/>\n<script type=\"application\/ld+json\" class=\"yoast-schema-graph\">{\"@context\":\"https:\/\/schema.org\",\"@graph\":[{\"@type\":\"WebPage\",\"@id\":\"https:\/\/volmerk.com\/volan\/isuzu-tek-kutleli-volan\/\",\"url\":\"https:\/\/volmerk.com\/volan\/isuzu-tek-kutleli-volan\/\",\"name\":\"[:tr]Isuzu - Tek K\u00fctleli Volan[:] - Volmerk Volan \u00dcretim ve Sat\u0131\u015f\",\"isPartOf\":{\"@id\":\"https:\/\/volmerk.com\/#website\"},\"datePublished\":\"2024-02-06T06:44:42+00:00\",\"dateModified\":\"2024-05-03T12:40:02+00:00\",\"breadcrumb\":{\"@id\":\"https:\/\/volmerk.com\/volan\/isuzu-tek-kutleli-volan\/#breadcrumb\"},\"inLanguage\":\"fr-FR\",\"potentialAction\":[{\"@type\":\"ReadAction\",\"target\":[\"https:\/\/volmerk.com\/volan\/isuzu-tek-kutleli-volan\/\"]}]},{\"@type\":\"BreadcrumbList\",\"@id\":\"https:\/\/volmerk.com\/volan\/isuzu-tek-kutleli-volan\/#breadcrumb\",\"itemListElement\":[{\"@type\":\"ListItem\",\"position\":1,\"name\":\"Anasayfa\",\"item\":\"https:\/\/volmerk.com\/\"},{\"@type\":\"ListItem\",\"position\":2,\"name\":\"VOLAN\",\"item\":\"https:\/\/volmerk.com\/volan\/\"},{\"@type\":\"ListItem\",\"position\":3,\"name\":\"Isuzu &#8211; Tek K\u00fctleli Volan\"}]},{\"@type\":\"WebSite\",\"@id\":\"https:\/\/volmerk.com\/#website\",\"url\":\"https:\/\/volmerk.com\/\",\"name\":\"Volmerk Volan \u00dcretim ve Sat\u0131\u015f\",\"description\":\"Flywheel Manufacturer T\u00fcrkiye\",\"publisher\":{\"@id\":\"https:\/\/volmerk.com\/#organization\"},\"potentialAction\":[{\"@type\":\"SearchAction\",\"target\":{\"@type\":\"EntryPoint\",\"urlTemplate\":\"https:\/\/volmerk.com\/?s={search_term_string}\"},\"query-input\":\"required name=search_term_string\"}],\"inLanguage\":\"fr-FR\"},{\"@type\":\"Organization\",\"@id\":\"https:\/\/volmerk.com\/#organization\",\"name\":\"Volmerk Volan \u00dcretim ve Sat\u0131\u015f\",\"url\":\"https:\/\/volmerk.com\/\",\"logo\":{\"@type\":\"ImageObject\",\"inLanguage\":\"fr-FR\",\"@id\":\"https:\/\/volmerk.com\/#\/schema\/logo\/image\/\",\"url\":\"https:\/\/volmerk.com\/wp-content\/uploads\/2023\/02\/volmerk-kurumsal-logo.png\",\"contentUrl\":\"https:\/\/volmerk.com\/wp-content\/uploads\/2023\/02\/volmerk-kurumsal-logo.png\",\"width\":220,\"height\":57,\"caption\":\"Volmerk Volan \u00dcretim ve Sat\u0131\u015f\"},\"image\":{\"@id\":\"https:\/\/volmerk.com\/#\/schema\/logo\/image\/\"}}]}<\/script>\n<!-- \/ Yoast SEO plugin. -->","yoast_head_json":{"title":"Isuzu - Tek K\u00fctleli Volan[:] - Volmerk Volan \u00dcretim ve Sat\u0131\u015f","robots":{"index":"index","follow":"follow","max-snippet":"max-snippet:-1","max-image-preview":"max-image-preview:large","max-video-preview":"max-video-preview:-1"},"canonical":"https:\/\/volmerk.com\/volan\/isuzu-tek-kutleli-volan\/","og_locale":"fr_FR","og_type":"article","og_title":"[:tr]Isuzu - Tek K\u00fctleli Volan[:] - Volmerk Volan \u00dcretim ve Sat\u0131\u015f","og_description":"[vc_row][vc_column width=\u00a0\u00bb1\/4&Prime;][vc_gallery type=\u00a0\u00bbflexslider_slide\u00a0\u00bb interval=\u00a0\u00bb3&Prime; images=\u00a0\u00bb1693,1692&Prime; img_size=\u00a0\u00bbfull\u00a0\u00bb][vc_column_text]Ara\u00e7: ISUZU Model: D-MAX EURO-5 Volmerk Kodu: VM IS 640 Uyumlu Debriyaj No: DAIKIN ISK2127 Cross No: 8-98186-653-1 \u00dcretici: VOLMERK[\/vc_column_text][\/vc_column][vc_column width=\u00a0\u00bb1\/4&Prime;][\/vc_column][vc_column width=\u00a0\u00bb1\/4&Prime;][\/vc_column][vc_column width=\u00a0\u00bb1\/4&Prime;][\/vc_column][\/vc_row]","og_url":"https:\/\/volmerk.com\/volan\/isuzu-tek-kutleli-volan\/","og_site_name":"Volmerk Volan \u00dcretim ve Sat\u0131\u015f","article_modified_time":"2024-05-03T12:40:02+00:00","twitter_card":"summary_large_image","twitter_misc":{"Dur\u00e9e de lecture estim\u00e9e":"1 minute"},"schema":{"@context":"https:\/\/schema.org","@graph":[{"@type":"WebPage","@id":"https:\/\/volmerk.com\/volan\/isuzu-tek-kutleli-volan\/","url":"https:\/\/volmerk.com\/volan\/isuzu-tek-kutleli-volan\/","name":"[:tr]Isuzu - Tek K\u00fctleli Volan[:] - Volmerk Volan \u00dcretim ve Sat\u0131\u015f","isPartOf":{"@id":"https:\/\/volmerk.com\/#website"},"datePublished":"2024-02-06T06:44:42+00:00","dateModified":"2024-05-03T12:40:02+00:00","breadcrumb":{"@id":"https:\/\/volmerk.com\/volan\/isuzu-tek-kutleli-volan\/#breadcrumb"},"inLanguage":"fr-FR","potentialAction":[{"@type":"ReadAction","target":["https:\/\/volmerk.com\/volan\/isuzu-tek-kutleli-volan\/"]}]},{"@type":"BreadcrumbList","@id":"https:\/\/volmerk.com\/volan\/isuzu-tek-kutleli-volan\/#breadcrumb","itemListElement":[{"@type":"ListItem","position":1,"name":"Anasayfa","item":"https:\/\/volmerk.com\/"},{"@type":"ListItem","position":2,"name":"VOLAN","item":"https:\/\/volmerk.com\/volan\/"},{"@type":"ListItem","position":3,"name":"Isuzu &#8211; Tek K\u00fctleli Volan"}]},{"@type":"WebSite","@id":"https:\/\/volmerk.com\/#website","url":"https:\/\/volmerk.com\/","name":"Volmerk Volan \u00dcretim ve Sat\u0131\u015f","description":"Flywheel Manufacturer T\u00fcrkiye","publisher":{"@id":"https:\/\/volmerk.com\/#organization"},"potentialAction":[{"@type":"SearchAction","target":{"@type":"EntryPoint","urlTemplate":"https:\/\/volmerk.com\/?s={search_term_string}"},"query-input":"required name=search_term_string"}],"inLanguage":"fr-FR"},{"@type":"Organization","@id":"https:\/\/volmerk.com\/#organization","name":"Volmerk Volan \u00dcretim ve Sat\u0131\u015f","url":"https:\/\/volmerk.com\/","logo":{"@type":"ImageObject","inLanguage":"fr-FR","@id":"https:\/\/volmerk.com\/#\/schema\/logo\/image\/","url":"https:\/\/volmerk.com\/wp-content\/uploads\/2023\/02\/volmerk-kurumsal-logo.png","contentUrl":"https:\/\/volmerk.com\/wp-content\/uploads\/2023\/02\/volmerk-kurumsal-logo.png","width":220,"height":57,"caption":"Volmerk Volan \u00dcretim ve Sat\u0131\u015f"},"image":{"@id":"https:\/\/volmerk.com\/#\/schema\/logo\/image\/"}}]}},"_links":{"self":[{"href":"https:\/\/volmerk.com\/fr\/wp-json\/wp\/v2\/pages\/1457"}],"collection":[{"href":"https:\/\/volmerk.com\/fr\/wp-json\/wp\/v2\/pages"}],"about":[{"href":"https:\/\/volmerk.com\/fr\/wp-json\/wp\/v2\/types\/page"}],"author":[{"embeddable":true,"href":"https:\/\/volmerk.com\/fr\/wp-json\/wp\/v2\/users\/2"}],"replies":[{"embeddable":true,"href":"https:\/\/volmerk.com\/fr\/wp-json\/wp\/v2\/comments?post=1457"}],"version-history":[{"count":3,"href":"https:\/\/volmerk.com\/fr\/wp-json\/wp\/v2\/pages\/1457\/revisions"}],"predecessor-version":[{"id":1756,"href":"https:\/\/volmerk.com\/fr\/wp-json\/wp\/v2\/pages\/1457\/revisions\/1756"}],"up":[{"embeddable":true,"href":"https:\/\/volmerk.com\/fr\/wp-json\/wp\/v2\/pages\/1287"}],"wp:attachment":[{"href":"https:\/\/volmerk.com\/fr\/wp-json\/wp\/v2\/media?parent=1457"}],"curies":[{"name":"wp","href":"https:\/\/api.w.org\/{rel}","templated":true}]}}