{"id":1219,"date":"2023-02-12T20:29:15","date_gmt":"2023-02-12T20:29:15","guid":{"rendered":"https:\/\/volmerk.com\/?page_id=1219"},"modified":"2025-05-11T18:16:52","modified_gmt":"2025-05-11T18:16:52","slug":"bizden-kareler","status":"publish","type":"page","link":"https:\/\/volmerk.com\/ru\/bizden-kareler\/","title":{"rendered":"Bizden Kareler"},"content":{"rendered":"<p>[vc_row][vc_column][vc_column_text]<\/p>\n<div id='gallery-1' class='gallery galleryid-1219 gallery-columns-3 gallery-size-full'><figure class='gallery-item'>\r\n\t\t\t<div class='gallery-icon landscape'>\r\n\t\t\t\t<img width=\"1080\" height=\"1080\" src=\"https:\/\/volmerk.com\/wp-content\/uploads\/2023\/03\/a6.jpg\" class=\"attachment-full size-full\" alt=\"\" decoding=\"async\" loading=\"lazy\" srcset=\"https:\/\/volmerk.com\/wp-content\/uploads\/2023\/03\/a6.jpg 1080w, https:\/\/volmerk.com\/wp-content\/uploads\/2023\/03\/a6-300x300.jpg 300w, https:\/\/volmerk.com\/wp-content\/uploads\/2023\/03\/a6-1024x1024.jpg 1024w, https:\/\/volmerk.com\/wp-content\/uploads\/2023\/03\/a6-150x150.jpg 150w, https:\/\/volmerk.com\/wp-content\/uploads\/2023\/03\/a6-768x768.jpg 768w\" sizes=\"(max-width: 1080px) 100vw, 1080px\" \/>\r\n\t\t\t<\/div><\/figure><figure class='gallery-item'>\r\n\t\t\t<div class='gallery-icon landscape'>\r\n\t\t\t\t<img width=\"1080\" height=\"1080\" src=\"https:\/\/volmerk.com\/wp-content\/uploads\/2023\/03\/a5.jpg\" class=\"attachment-full size-full\" alt=\"\" decoding=\"async\" loading=\"lazy\" srcset=\"https:\/\/volmerk.com\/wp-content\/uploads\/2023\/03\/a5.jpg 1080w, https:\/\/volmerk.com\/wp-content\/uploads\/2023\/03\/a5-300x300.jpg 300w, https:\/\/volmerk.com\/wp-content\/uploads\/2023\/03\/a5-1024x1024.jpg 1024w, https:\/\/volmerk.com\/wp-content\/uploads\/2023\/03\/a5-150x150.jpg 150w, https:\/\/volmerk.com\/wp-content\/uploads\/2023\/03\/a5-768x768.jpg 768w\" sizes=\"(max-width: 1080px) 100vw, 1080px\" \/>\r\n\t\t\t<\/div><\/figure><figure class='gallery-item'>\r\n\t\t\t<div class='gallery-icon landscape'>\r\n\t\t\t\t<img width=\"1080\" height=\"1080\" src=\"https:\/\/volmerk.com\/wp-content\/uploads\/2023\/03\/a2.jpg\" class=\"attachment-full size-full\" alt=\"\" decoding=\"async\" loading=\"lazy\" srcset=\"https:\/\/volmerk.com\/wp-content\/uploads\/2023\/03\/a2.jpg 1080w, https:\/\/volmerk.com\/wp-content\/uploads\/2023\/03\/a2-300x300.jpg 300w, https:\/\/volmerk.com\/wp-content\/uploads\/2023\/03\/a2-1024x1024.jpg 1024w, https:\/\/volmerk.com\/wp-content\/uploads\/2023\/03\/a2-150x150.jpg 150w, https:\/\/volmerk.com\/wp-content\/uploads\/2023\/03\/a2-768x768.jpg 768w\" sizes=\"(max-width: 1080px) 100vw, 1080px\" \/>\r\n\t\t\t<\/div><\/figure><figure class='gallery-item'>\r\n\t\t\t<div class='gallery-icon landscape'>\r\n\t\t\t\t<img width=\"1080\" height=\"1080\" src=\"https:\/\/volmerk.com\/wp-content\/uploads\/2023\/03\/a1.jpg\" class=\"attachment-full size-full\" alt=\"\" decoding=\"async\" loading=\"lazy\" srcset=\"https:\/\/volmerk.com\/wp-content\/uploads\/2023\/03\/a1.jpg 1080w, https:\/\/volmerk.com\/wp-content\/uploads\/2023\/03\/a1-300x300.jpg 300w, https:\/\/volmerk.com\/wp-content\/uploads\/2023\/03\/a1-1024x1024.jpg 1024w, https:\/\/volmerk.com\/wp-content\/uploads\/2023\/03\/a1-150x150.jpg 150w, https:\/\/volmerk.com\/wp-content\/uploads\/2023\/03\/a1-768x768.jpg 768w\" sizes=\"(max-width: 1080px) 100vw, 1080px\" \/>\r\n\t\t\t<\/div><\/figure><figure class='gallery-item'>\r\n\t\t\t<div class='gallery-icon landscape'>\r\n\t\t\t\t<img width=\"1080\" height=\"1080\" src=\"https:\/\/volmerk.com\/wp-content\/uploads\/2023\/03\/a4.jpg\" class=\"attachment-full size-full\" alt=\"\" decoding=\"async\" loading=\"lazy\" srcset=\"https:\/\/volmerk.com\/wp-content\/uploads\/2023\/03\/a4.jpg 1080w, https:\/\/volmerk.com\/wp-content\/uploads\/2023\/03\/a4-300x300.jpg 300w, https:\/\/volmerk.com\/wp-content\/uploads\/2023\/03\/a4-1024x1024.jpg 1024w, https:\/\/volmerk.com\/wp-content\/uploads\/2023\/03\/a4-150x150.jpg 150w, https:\/\/volmerk.com\/wp-content\/uploads\/2023\/03\/a4-768x768.jpg 768w\" sizes=\"(max-width: 1080px) 100vw, 1080px\" \/>\r\n\t\t\t<\/div><\/figure><figure class='gallery-item'>\r\n\t\t\t<div class='gallery-icon landscape'>\r\n\t\t\t\t<img width=\"1080\" height=\"1080\" src=\"https:\/\/volmerk.com\/wp-content\/uploads\/2023\/03\/a3.jpg\" class=\"attachment-full size-full\" alt=\"\" decoding=\"async\" loading=\"lazy\" srcset=\"https:\/\/volmerk.com\/wp-content\/uploads\/2023\/03\/a3.jpg 1080w, https:\/\/volmerk.com\/wp-content\/uploads\/2023\/03\/a3-300x300.jpg 300w, https:\/\/volmerk.com\/wp-content\/uploads\/2023\/03\/a3-1024x1024.jpg 1024w, https:\/\/volmerk.com\/wp-content\/uploads\/2023\/03\/a3-150x150.jpg 150w, https:\/\/volmerk.com\/wp-content\/uploads\/2023\/03\/a3-768x768.jpg 768w\" sizes=\"(max-width: 1080px) 100vw, 1080px\" \/>\r\n\t\t\t<\/div><\/figure><figure class='gallery-item'>\r\n\t\t\t<div class='gallery-icon landscape'>\r\n\t\t\t\t<img width=\"2560\" height=\"1920\" src=\"https:\/\/volmerk.com\/wp-content\/uploads\/2025\/05\/fuar4-scaled.jpeg\" class=\"attachment-full size-full\" alt=\"\" decoding=\"async\" loading=\"lazy\" srcset=\"https:\/\/volmerk.com\/wp-content\/uploads\/2025\/05\/fuar4-scaled.jpeg 2560w, https:\/\/volmerk.com\/wp-content\/uploads\/2025\/05\/fuar4-300x225.jpeg 300w, https:\/\/volmerk.com\/wp-content\/uploads\/2025\/05\/fuar4-1024x768.jpeg 1024w, https:\/\/volmerk.com\/wp-content\/uploads\/2025\/05\/fuar4-768x576.jpeg 768w, https:\/\/volmerk.com\/wp-content\/uploads\/2025\/05\/fuar4-1536x1152.jpeg 1536w, https:\/\/volmerk.com\/wp-content\/uploads\/2025\/05\/fuar4-2048x1536.jpeg 2048w\" sizes=\"(max-width: 2560px) 100vw, 2560px\" \/>\r\n\t\t\t<\/div><\/figure><figure class='gallery-item'>\r\n\t\t\t<div class='gallery-icon landscape'>\r\n\t\t\t\t<img width=\"2560\" height=\"1894\" src=\"https:\/\/volmerk.com\/wp-content\/uploads\/2025\/05\/fuar3-scaled-e1746987381750.jpeg\" class=\"attachment-full size-full\" alt=\"\" decoding=\"async\" loading=\"lazy\" srcset=\"https:\/\/volmerk.com\/wp-content\/uploads\/2025\/05\/fuar3-scaled-e1746987381750.jpeg 2560w, https:\/\/volmerk.com\/wp-content\/uploads\/2025\/05\/fuar3-scaled-e1746987381750-300x222.jpeg 300w, https:\/\/volmerk.com\/wp-content\/uploads\/2025\/05\/fuar3-scaled-e1746987381750-1024x758.jpeg 1024w, https:\/\/volmerk.com\/wp-content\/uploads\/2025\/05\/fuar3-scaled-e1746987381750-768x568.jpeg 768w, https:\/\/volmerk.com\/wp-content\/uploads\/2025\/05\/fuar3-scaled-e1746987381750-1536x1136.jpeg 1536w, https:\/\/volmerk.com\/wp-content\/uploads\/2025\/05\/fuar3-scaled-e1746987381750-2048x1515.jpeg 2048w\" sizes=\"(max-width: 2560px) 100vw, 2560px\" \/>\r\n\t\t\t<\/div><\/figure><figure class='gallery-item'>\r\n\t\t\t<div class='gallery-icon landscape'>\r\n\t\t\t\t<img width=\"2560\" height=\"1920\" src=\"https:\/\/volmerk.com\/wp-content\/uploads\/2025\/05\/fuar1-scaled.jpg\" class=\"attachment-full size-full\" alt=\"\" decoding=\"async\" loading=\"lazy\" srcset=\"https:\/\/volmerk.com\/wp-content\/uploads\/2025\/05\/fuar1-scaled.jpg 2560w, https:\/\/volmerk.com\/wp-content\/uploads\/2025\/05\/fuar1-300x225.jpg 300w, https:\/\/volmerk.com\/wp-content\/uploads\/2025\/05\/fuar1-1024x768.jpg 1024w, https:\/\/volmerk.com\/wp-content\/uploads\/2025\/05\/fuar1-768x576.jpg 768w, https:\/\/volmerk.com\/wp-content\/uploads\/2025\/05\/fuar1-1536x1152.jpg 1536w, https:\/\/volmerk.com\/wp-content\/uploads\/2025\/05\/fuar1-2048x1536.jpg 2048w\" sizes=\"(max-width: 2560px) 100vw, 2560px\" \/>\r\n\t\t\t<\/div><\/figure><\/div>\n\n<p>[\/vc_column_text][\/vc_column][\/vc_row]<\/p>\n","protected":false},"excerpt":{"rendered":"<p>[vc_row][vc_column][vc_column_text] [\/vc_column_text][\/vc_column][\/vc_row]<\/p>\n","protected":false},"author":2,"featured_media":0,"parent":0,"menu_order":0,"comment_status":"closed","ping_status":"closed","template":"","meta":[],"yoast_head":"<!-- This site is optimized with the Yoast SEO plugin v20.2.1 - https:\/\/yoast.com\/wordpress\/plugins\/seo\/ -->\n<title>Bizden Kareler - Volmerk Volan \u00dcretim ve Sat\u0131\u015f<\/title>\n<meta name=\"robots\" content=\"index, follow, max-snippet:-1, max-image-preview:large, max-video-preview:-1\" \/>\n<link rel=\"canonical\" href=\"https:\/\/volmerk.com\/bizden-kareler\/\" \/>\n<meta property=\"og:locale\" content=\"ru_RU\" \/>\n<meta property=\"og:type\" content=\"article\" \/>\n<meta property=\"og:title\" content=\"Bizden Kareler\" \/>\n<meta property=\"og:description\" content=\"[vc_row][vc_column][vc_column_text] [\/vc_column_text][\/vc_column][\/vc_row]\" \/>\n<meta property=\"og:url\" content=\"https:\/\/volmerk.com\/bizden-kareler\/\" \/>\n<meta property=\"og:site_name\" content=\"Volmerk Volan \u00dcretim ve Sat\u0131\u015f\" \/>\n<meta property=\"article:modified_time\" content=\"2025-05-11T18:16:52+00:00\" \/>\n<meta property=\"og:image\" content=\"https:\/\/volmerk.com\/wp-content\/uploads\/2023\/03\/a6.jpg\" \/>\n<meta name=\"twitter:card\" content=\"summary_large_image\" \/>\n<meta name=\"twitter:label1\" content=\"\u041f\u0440\u0438\u043c\u0435\u0440\u043d\u043e\u0435 \u0432\u0440\u0435\u043c\u044f \u0434\u043b\u044f \u0447\u0442\u0435\u043d\u0438\u044f\" \/>\n\t<meta name=\"twitter:data1\" content=\"1 \u043c\u0438\u043d\u0443\u0442\u0430\" \/>\n<script type=\"application\/ld+json\" class=\"yoast-schema-graph\">{\"@context\":\"https:\/\/schema.org\",\"@graph\":[{\"@type\":\"WebPage\",\"@id\":\"https:\/\/volmerk.com\/bizden-kareler\/\",\"url\":\"https:\/\/volmerk.com\/bizden-kareler\/\",\"name\":\"[:tr]Bizden Kareler[:] - Volmerk Volan \u00dcretim ve Sat\u0131\u015f\",\"isPartOf\":{\"@id\":\"https:\/\/volmerk.com\/#website\"},\"datePublished\":\"2023-02-12T20:29:15+00:00\",\"dateModified\":\"2025-05-11T18:16:52+00:00\",\"breadcrumb\":{\"@id\":\"https:\/\/volmerk.com\/bizden-kareler\/#breadcrumb\"},\"inLanguage\":\"ru-RU\",\"potentialAction\":[{\"@type\":\"ReadAction\",\"target\":[\"https:\/\/volmerk.com\/bizden-kareler\/\"]}]},{\"@type\":\"BreadcrumbList\",\"@id\":\"https:\/\/volmerk.com\/bizden-kareler\/#breadcrumb\",\"itemListElement\":[{\"@type\":\"ListItem\",\"position\":1,\"name\":\"Anasayfa\",\"item\":\"https:\/\/volmerk.com\/\"},{\"@type\":\"ListItem\",\"position\":2,\"name\":\"Bizden Kareler\"}]},{\"@type\":\"WebSite\",\"@id\":\"https:\/\/volmerk.com\/#website\",\"url\":\"https:\/\/volmerk.com\/\",\"name\":\"Volmerk Volan \u00dcretim ve Sat\u0131\u015f\",\"description\":\"Flywheel Manufacturer T\u00fcrkiye\",\"publisher\":{\"@id\":\"https:\/\/volmerk.com\/#organization\"},\"potentialAction\":[{\"@type\":\"SearchAction\",\"target\":{\"@type\":\"EntryPoint\",\"urlTemplate\":\"https:\/\/volmerk.com\/?s={search_term_string}\"},\"query-input\":\"required name=search_term_string\"}],\"inLanguage\":\"ru-RU\"},{\"@type\":\"Organization\",\"@id\":\"https:\/\/volmerk.com\/#organization\",\"name\":\"Volmerk Volan \u00dcretim ve Sat\u0131\u015f\",\"url\":\"https:\/\/volmerk.com\/\",\"logo\":{\"@type\":\"ImageObject\",\"inLanguage\":\"ru-RU\",\"@id\":\"https:\/\/volmerk.com\/#\/schema\/logo\/image\/\",\"url\":\"https:\/\/volmerk.com\/wp-content\/uploads\/2023\/02\/volmerk-kurumsal-logo.png\",\"contentUrl\":\"https:\/\/volmerk.com\/wp-content\/uploads\/2023\/02\/volmerk-kurumsal-logo.png\",\"width\":220,\"height\":57,\"caption\":\"Volmerk Volan \u00dcretim ve Sat\u0131\u015f\"},\"image\":{\"@id\":\"https:\/\/volmerk.com\/#\/schema\/logo\/image\/\"}}]}<\/script>\n<!-- \/ Yoast SEO plugin. -->","yoast_head_json":{"title":"Bizden Kareler - Volmerk Volan \u00dcretim ve Sat\u0131\u015f","robots":{"index":"index","follow":"follow","max-snippet":"max-snippet:-1","max-image-preview":"max-image-preview:large","max-video-preview":"max-video-preview:-1"},"canonical":"https:\/\/volmerk.com\/bizden-kareler\/","og_locale":"ru_RU","og_type":"article","og_title":"[:tr]Bizden Kareler[:] - Volmerk Volan \u00dcretim ve Sat\u0131\u015f","og_description":"[vc_row][vc_column][vc_column_text] [\/vc_column_text][\/vc_column][\/vc_row]","og_url":"https:\/\/volmerk.com\/bizden-kareler\/","og_site_name":"Volmerk Volan \u00dcretim ve Sat\u0131\u015f","article_modified_time":"2025-05-11T18:16:52+00:00","og_image":[{"url":"https:\/\/volmerk.com\/wp-content\/uploads\/2023\/03\/a6.jpg"}],"twitter_card":"summary_large_image","twitter_misc":{"\u041f\u0440\u0438\u043c\u0435\u0440\u043d\u043e\u0435 \u0432\u0440\u0435\u043c\u044f \u0434\u043b\u044f \u0447\u0442\u0435\u043d\u0438\u044f":"1 \u043c\u0438\u043d\u0443\u0442\u0430"},"schema":{"@context":"https:\/\/schema.org","@graph":[{"@type":"WebPage","@id":"https:\/\/volmerk.com\/bizden-kareler\/","url":"https:\/\/volmerk.com\/bizden-kareler\/","name":"[:tr]Bizden Kareler[:] - Volmerk Volan \u00dcretim ve Sat\u0131\u015f","isPartOf":{"@id":"https:\/\/volmerk.com\/#website"},"datePublished":"2023-02-12T20:29:15+00:00","dateModified":"2025-05-11T18:16:52+00:00","breadcrumb":{"@id":"https:\/\/volmerk.com\/bizden-kareler\/#breadcrumb"},"inLanguage":"ru-RU","potentialAction":[{"@type":"ReadAction","target":["https:\/\/volmerk.com\/bizden-kareler\/"]}]},{"@type":"BreadcrumbList","@id":"https:\/\/volmerk.com\/bizden-kareler\/#breadcrumb","itemListElement":[{"@type":"ListItem","position":1,"name":"Anasayfa","item":"https:\/\/volmerk.com\/"},{"@type":"ListItem","position":2,"name":"Bizden Kareler"}]},{"@type":"WebSite","@id":"https:\/\/volmerk.com\/#website","url":"https:\/\/volmerk.com\/","name":"Volmerk Volan \u00dcretim ve Sat\u0131\u015f","description":"Flywheel Manufacturer T\u00fcrkiye","publisher":{"@id":"https:\/\/volmerk.com\/#organization"},"potentialAction":[{"@type":"SearchAction","target":{"@type":"EntryPoint","urlTemplate":"https:\/\/volmerk.com\/?s={search_term_string}"},"query-input":"required name=search_term_string"}],"inLanguage":"ru-RU"},{"@type":"Organization","@id":"https:\/\/volmerk.com\/#organization","name":"Volmerk Volan \u00dcretim ve Sat\u0131\u015f","url":"https:\/\/volmerk.com\/","logo":{"@type":"ImageObject","inLanguage":"ru-RU","@id":"https:\/\/volmerk.com\/#\/schema\/logo\/image\/","url":"https:\/\/volmerk.com\/wp-content\/uploads\/2023\/02\/volmerk-kurumsal-logo.png","contentUrl":"https:\/\/volmerk.com\/wp-content\/uploads\/2023\/02\/volmerk-kurumsal-logo.png","width":220,"height":57,"caption":"Volmerk Volan \u00dcretim ve Sat\u0131\u015f"},"image":{"@id":"https:\/\/volmerk.com\/#\/schema\/logo\/image\/"}}]}},"_links":{"self":[{"href":"https:\/\/volmerk.com\/ru\/wp-json\/wp\/v2\/pages\/1219"}],"collection":[{"href":"https:\/\/volmerk.com\/ru\/wp-json\/wp\/v2\/pages"}],"about":[{"href":"https:\/\/volmerk.com\/ru\/wp-json\/wp\/v2\/types\/page"}],"author":[{"embeddable":true,"href":"https:\/\/volmerk.com\/ru\/wp-json\/wp\/v2\/users\/2"}],"replies":[{"embeddable":true,"href":"https:\/\/volmerk.com\/ru\/wp-json\/wp\/v2\/comments?post=1219"}],"version-history":[{"count":6,"href":"https:\/\/volmerk.com\/ru\/wp-json\/wp\/v2\/pages\/1219\/revisions"}],"predecessor-version":[{"id":1341,"href":"https:\/\/volmerk.com\/ru\/wp-json\/wp\/v2\/pages\/1219\/revisions\/1341"}],"wp:attachment":[{"href":"https:\/\/volmerk.com\/ru\/wp-json\/wp\/v2\/media?parent=1219"}],"curies":[{"name":"wp","href":"https:\/\/api.w.org\/{rel}","templated":true}]}}